{"id":96576,"date":"2025-01-22T13:41:51","date_gmt":"2025-01-22T11:41:51","guid":{"rendered":"https:\/\/boat-service.ee\/pood\/uncategorized\/minn-kota-endura-max-40-36\/"},"modified":"2025-01-22T13:41:51","modified_gmt":"2025-01-22T11:41:51","slug":"minn-kota-endura-max-40-36","status":"publish","type":"product","link":"https:\/\/boat-service.ee\/en\/shop\/mootorid-en\/electric-motors\/electric-outboard-motors\/minn-kota-endura-max-40-36\/","title":{"rendered":"Minn Kota ENDURA MAX 40 | 36&#8221;"},"content":{"rendered":"<p><strong>Technilised andmed<\/strong><\/p>\n<table>\n<tr>\n<td><strong>Kasutamine<\/strong><\/td>\n<td>Magevees<\/td>\n<\/tr>\n<tr>\n<td><strong>Paigalduskoht<\/strong><\/td>\n<td>Ahtripeeglile<\/td>\n<\/tr>\n<tr>\n<td><strong>Mootori t\u00fc\u00fcp<\/strong><\/td>\n<td>K\u00e4sijuhtimine<\/td>\n<\/tr>\n<tr>\n<td><strong>Maksimaalne t\u00f5ukej\u00f5ud<\/strong><\/td>\n<td>18 kg (40 lbs)<\/td>\n<\/tr>\n<tr>\n<td><strong>Pinge<\/strong><\/td>\n<td>12 V<\/td>\n<\/tr>\n<tr>\n<td><strong>V\u00f5lli pikkus<\/strong><\/td>\n<td>91,4 cm<\/td>\n<\/tr>\n<tr>\n<td><strong>Kiirused<\/strong><\/td>\n<td>Varieeritav<\/td>\n<\/tr>\n<tr>\n<td><strong>Digitaalne kiirendaja<\/strong><\/td>\n<td>Jah<\/td>\n<\/tr>\n<tr>\n<td><strong>Aku m\u00f5\u00f5dik<\/strong><\/td>\n<td>Jah<\/td>\n<\/tr>\n<\/table>\n<p>P\u00f5hiandmed:40 LBS     36&#8243; \/ 91cm   12V<\/p>\n","protected":false},"excerpt":{"rendered":"<p>Technilised andmed Kasutamine Magevees Paigalduskoht Ahtripeeglile Mootori t\u00fc\u00fcp K\u00e4sijuhtimine Maksimaalne t\u00f5ukej\u00f5ud 18 kg (40 lbs) Pinge 12 V V\u00f5lli pikkus 91,4 cm Kiirused Varieeritav Digitaalne kiirendaja Jah Aku m\u00f5\u00f5dik Jah P\u00f5hiandmed:40 LBS 36&#8243; \/ 91cm 12V<\/p>\n","protected":false},"featured_media":96329,"template":"","meta":[],"product_brand":[],"product_cat":[121,366,456],"product_tag":[],"class_list":{"0":"post-96576","1":"product","2":"type-product","3":"status-publish","4":"has-post-thumbnail","6":"product_cat-mootorid-en","7":"product_cat-electric-motors","8":"product_cat-electric-outboard-motors","9":"tm-has-options","11":"first","12":"instock","13":"purchasable","14":"product-type-simple"},"yoast_head":"<!-- This site is optimized with the Yoast SEO plugin v27.2 - https:\/\/yoast.com\/product\/yoast-seo-wordpress\/ -->\n<title>Minn Kota ENDURA MAX 40 | 36&#039;&#039; - Boat Service Estonia<\/title>\n<meta name=\"robots\" content=\"index, follow, max-snippet:-1, max-image-preview:large, max-video-preview:-1\" \/>\n<link rel=\"canonical\" href=\"https:\/\/boat-service.ee\/en\/shop\/mootorid-en\/electric-motors\/electric-outboard-motors\/minn-kota-endura-max-40-36\/\" \/>\n<meta property=\"og:locale\" content=\"en_US\" \/>\n<meta property=\"og:type\" content=\"article\" \/>\n<meta property=\"og:title\" content=\"Minn Kota ENDURA MAX 40 | 36&#039;&#039; - Boat Service Estonia\" \/>\n<meta property=\"og:description\" content=\"Technilised andmed Kasutamine Magevees Paigalduskoht Ahtripeeglile Mootori t\u00fc\u00fcp K\u00e4sijuhtimine Maksimaalne t\u00f5ukej\u00f5ud 18 kg (40 lbs) Pinge 12 V V\u00f5lli pikkus 91,4 cm Kiirused Varieeritav Digitaalne kiirendaja Jah Aku m\u00f5\u00f5dik Jah P\u00f5hiandmed:40 LBS 36&#8243; \/ 91cm 12V\" \/>\n<meta property=\"og:url\" content=\"https:\/\/boat-service.ee\/en\/shop\/mootorid-en\/electric-motors\/electric-outboard-motors\/minn-kota-endura-max-40-36\/\" \/>\n<meta property=\"og:site_name\" content=\"Boat Service Estonia\" \/>\n<meta property=\"article:publisher\" content=\"https:\/\/www.facebook.com\/boatserviceestonia\" \/>\n<meta property=\"og:image\" content=\"https:\/\/boat-service.ee\/wp-content\/uploads\/2025\/01\/MinnKota_Endura_Max_main.webp\" \/>\n\t<meta property=\"og:image:width\" content=\"828\" \/>\n\t<meta property=\"og:image:height\" content=\"828\" \/>\n\t<meta property=\"og:image:type\" content=\"image\/webp\" \/>\n<meta name=\"twitter:card\" content=\"summary_large_image\" \/>\n<script type=\"application\/ld+json\" class=\"yoast-schema-graph\">{\"@context\":\"https:\/\/schema.org\",\"@graph\":[{\"@type\":\"WebPage\",\"@id\":\"https:\/\/boat-service.ee\/en\/shop\/mootorid-en\/electric-motors\/electric-outboard-motors\/minn-kota-endura-max-40-36\/\",\"url\":\"https:\/\/boat-service.ee\/en\/shop\/mootorid-en\/electric-motors\/electric-outboard-motors\/minn-kota-endura-max-40-36\/\",\"name\":\"Minn Kota ENDURA MAX 40 | 36'' - Boat Service Estonia\",\"isPartOf\":{\"@id\":\"https:\/\/boat-service.ee\/en\/#website\"},\"primaryImageOfPage\":{\"@id\":\"https:\/\/boat-service.ee\/en\/shop\/mootorid-en\/electric-motors\/electric-outboard-motors\/minn-kota-endura-max-40-36\/#primaryimage\"},\"image\":{\"@id\":\"https:\/\/boat-service.ee\/en\/shop\/mootorid-en\/electric-motors\/electric-outboard-motors\/minn-kota-endura-max-40-36\/#primaryimage\"},\"thumbnailUrl\":\"https:\/\/boat-service.ee\/wp-content\/uploads\/2025\/01\/MinnKota_Endura_Max_main.webp\",\"datePublished\":\"2025-01-22T11:41:51+00:00\",\"breadcrumb\":{\"@id\":\"https:\/\/boat-service.ee\/en\/shop\/mootorid-en\/electric-motors\/electric-outboard-motors\/minn-kota-endura-max-40-36\/#breadcrumb\"},\"inLanguage\":\"en-US\",\"potentialAction\":[{\"@type\":\"ReadAction\",\"target\":[\"https:\/\/boat-service.ee\/en\/shop\/mootorid-en\/electric-motors\/electric-outboard-motors\/minn-kota-endura-max-40-36\/\"]}]},{\"@type\":\"ImageObject\",\"inLanguage\":\"en-US\",\"@id\":\"https:\/\/boat-service.ee\/en\/shop\/mootorid-en\/electric-motors\/electric-outboard-motors\/minn-kota-endura-max-40-36\/#primaryimage\",\"url\":\"https:\/\/boat-service.ee\/wp-content\/uploads\/2025\/01\/MinnKota_Endura_Max_main.webp\",\"contentUrl\":\"https:\/\/boat-service.ee\/wp-content\/uploads\/2025\/01\/MinnKota_Endura_Max_main.webp\",\"width\":828,\"height\":828,\"caption\":\"Minn Kota Endura Max\"},{\"@type\":\"BreadcrumbList\",\"@id\":\"https:\/\/boat-service.ee\/en\/shop\/mootorid-en\/electric-motors\/electric-outboard-motors\/minn-kota-endura-max-40-36\/#breadcrumb\",\"itemListElement\":[{\"@type\":\"ListItem\",\"position\":1,\"name\":\"Home\",\"item\":\"https:\/\/boat-service.ee\/en\/\"},{\"@type\":\"ListItem\",\"position\":2,\"name\":\"Shop\",\"item\":\"https:\/\/boat-service.ee\/en\/shop\/\"},{\"@type\":\"ListItem\",\"position\":3,\"name\":\"Minn Kota ENDURA MAX 40 | 36&#8221;\"}]},{\"@type\":\"WebSite\",\"@id\":\"https:\/\/boat-service.ee\/en\/#website\",\"url\":\"https:\/\/boat-service.ee\/en\/\",\"name\":\"Boat Service Estonia\",\"description\":\"Boat Service Estonia - Mootorpaadid, treilerid, mootorid\",\"publisher\":{\"@id\":\"https:\/\/boat-service.ee\/en\/#organization\"},\"potentialAction\":[{\"@type\":\"SearchAction\",\"target\":{\"@type\":\"EntryPoint\",\"urlTemplate\":\"https:\/\/boat-service.ee\/en\/?s={search_term_string}\"},\"query-input\":{\"@type\":\"PropertyValueSpecification\",\"valueRequired\":true,\"valueName\":\"search_term_string\"}}],\"inLanguage\":\"en-US\"},{\"@type\":\"Organization\",\"@id\":\"https:\/\/boat-service.ee\/en\/#organization\",\"name\":\"KALASTUSPOOD O\u00dc\",\"url\":\"https:\/\/boat-service.ee\/en\/\",\"logo\":{\"@type\":\"ImageObject\",\"inLanguage\":\"en-US\",\"@id\":\"https:\/\/boat-service.ee\/en\/#\/schema\/logo\/image\/\",\"url\":\"https:\/\/boat-service.ee\/wp-content\/uploads\/2023\/05\/impLogo.png\",\"contentUrl\":\"https:\/\/boat-service.ee\/wp-content\/uploads\/2023\/05\/impLogo.png\",\"width\":270,\"height\":107,\"caption\":\"KALASTUSPOOD O\u00dc\"},\"image\":{\"@id\":\"https:\/\/boat-service.ee\/en\/#\/schema\/logo\/image\/\"},\"sameAs\":[\"https:\/\/www.facebook.com\/boatserviceestonia\",\"https:\/\/www.instagram.com\/kalastus_ja_paadipood\/\"]}]}<\/script>\n<!-- \/ Yoast SEO plugin. -->","yoast_head_json":{"title":"Minn Kota ENDURA MAX 40 | 36'' - Boat Service Estonia","robots":{"index":"index","follow":"follow","max-snippet":"max-snippet:-1","max-image-preview":"max-image-preview:large","max-video-preview":"max-video-preview:-1"},"canonical":"https:\/\/boat-service.ee\/en\/shop\/mootorid-en\/electric-motors\/electric-outboard-motors\/minn-kota-endura-max-40-36\/","og_locale":"en_US","og_type":"article","og_title":"Minn Kota ENDURA MAX 40 | 36'' - Boat Service Estonia","og_description":"Technilised andmed Kasutamine Magevees Paigalduskoht Ahtripeeglile Mootori t\u00fc\u00fcp K\u00e4sijuhtimine Maksimaalne t\u00f5ukej\u00f5ud 18 kg (40 lbs) Pinge 12 V V\u00f5lli pikkus 91,4 cm Kiirused Varieeritav Digitaalne kiirendaja Jah Aku m\u00f5\u00f5dik Jah P\u00f5hiandmed:40 LBS 36&#8243; \/ 91cm 12V","og_url":"https:\/\/boat-service.ee\/en\/shop\/mootorid-en\/electric-motors\/electric-outboard-motors\/minn-kota-endura-max-40-36\/","og_site_name":"Boat Service Estonia","article_publisher":"https:\/\/www.facebook.com\/boatserviceestonia","og_image":[{"width":828,"height":828,"url":"https:\/\/boat-service.ee\/wp-content\/uploads\/2025\/01\/MinnKota_Endura_Max_main.webp","type":"image\/webp"}],"twitter_card":"summary_large_image","schema":{"@context":"https:\/\/schema.org","@graph":[{"@type":"WebPage","@id":"https:\/\/boat-service.ee\/en\/shop\/mootorid-en\/electric-motors\/electric-outboard-motors\/minn-kota-endura-max-40-36\/","url":"https:\/\/boat-service.ee\/en\/shop\/mootorid-en\/electric-motors\/electric-outboard-motors\/minn-kota-endura-max-40-36\/","name":"Minn Kota ENDURA MAX 40 | 36'' - Boat Service Estonia","isPartOf":{"@id":"https:\/\/boat-service.ee\/en\/#website"},"primaryImageOfPage":{"@id":"https:\/\/boat-service.ee\/en\/shop\/mootorid-en\/electric-motors\/electric-outboard-motors\/minn-kota-endura-max-40-36\/#primaryimage"},"image":{"@id":"https:\/\/boat-service.ee\/en\/shop\/mootorid-en\/electric-motors\/electric-outboard-motors\/minn-kota-endura-max-40-36\/#primaryimage"},"thumbnailUrl":"https:\/\/boat-service.ee\/wp-content\/uploads\/2025\/01\/MinnKota_Endura_Max_main.webp","datePublished":"2025-01-22T11:41:51+00:00","breadcrumb":{"@id":"https:\/\/boat-service.ee\/en\/shop\/mootorid-en\/electric-motors\/electric-outboard-motors\/minn-kota-endura-max-40-36\/#breadcrumb"},"inLanguage":"en-US","potentialAction":[{"@type":"ReadAction","target":["https:\/\/boat-service.ee\/en\/shop\/mootorid-en\/electric-motors\/electric-outboard-motors\/minn-kota-endura-max-40-36\/"]}]},{"@type":"ImageObject","inLanguage":"en-US","@id":"https:\/\/boat-service.ee\/en\/shop\/mootorid-en\/electric-motors\/electric-outboard-motors\/minn-kota-endura-max-40-36\/#primaryimage","url":"https:\/\/boat-service.ee\/wp-content\/uploads\/2025\/01\/MinnKota_Endura_Max_main.webp","contentUrl":"https:\/\/boat-service.ee\/wp-content\/uploads\/2025\/01\/MinnKota_Endura_Max_main.webp","width":828,"height":828,"caption":"Minn Kota Endura Max"},{"@type":"BreadcrumbList","@id":"https:\/\/boat-service.ee\/en\/shop\/mootorid-en\/electric-motors\/electric-outboard-motors\/minn-kota-endura-max-40-36\/#breadcrumb","itemListElement":[{"@type":"ListItem","position":1,"name":"Home","item":"https:\/\/boat-service.ee\/en\/"},{"@type":"ListItem","position":2,"name":"Shop","item":"https:\/\/boat-service.ee\/en\/shop\/"},{"@type":"ListItem","position":3,"name":"Minn Kota ENDURA MAX 40 | 36&#8221;"}]},{"@type":"WebSite","@id":"https:\/\/boat-service.ee\/en\/#website","url":"https:\/\/boat-service.ee\/en\/","name":"Boat Service Estonia","description":"Boat Service Estonia - Mootorpaadid, treilerid, mootorid","publisher":{"@id":"https:\/\/boat-service.ee\/en\/#organization"},"potentialAction":[{"@type":"SearchAction","target":{"@type":"EntryPoint","urlTemplate":"https:\/\/boat-service.ee\/en\/?s={search_term_string}"},"query-input":{"@type":"PropertyValueSpecification","valueRequired":true,"valueName":"search_term_string"}}],"inLanguage":"en-US"},{"@type":"Organization","@id":"https:\/\/boat-service.ee\/en\/#organization","name":"KALASTUSPOOD O\u00dc","url":"https:\/\/boat-service.ee\/en\/","logo":{"@type":"ImageObject","inLanguage":"en-US","@id":"https:\/\/boat-service.ee\/en\/#\/schema\/logo\/image\/","url":"https:\/\/boat-service.ee\/wp-content\/uploads\/2023\/05\/impLogo.png","contentUrl":"https:\/\/boat-service.ee\/wp-content\/uploads\/2023\/05\/impLogo.png","width":270,"height":107,"caption":"KALASTUSPOOD O\u00dc"},"image":{"@id":"https:\/\/boat-service.ee\/en\/#\/schema\/logo\/image\/"},"sameAs":["https:\/\/www.facebook.com\/boatserviceestonia","https:\/\/www.instagram.com\/kalastus_ja_paadipood\/"]}]}},"_links":{"self":[{"href":"https:\/\/boat-service.ee\/en\/wp-json\/wp\/v2\/product\/96576","targetHints":{"allow":["GET"]}}],"collection":[{"href":"https:\/\/boat-service.ee\/en\/wp-json\/wp\/v2\/product"}],"about":[{"href":"https:\/\/boat-service.ee\/en\/wp-json\/wp\/v2\/types\/product"}],"wp:featuredmedia":[{"embeddable":true,"href":"https:\/\/boat-service.ee\/en\/wp-json\/wp\/v2\/media\/96329"}],"wp:attachment":[{"href":"https:\/\/boat-service.ee\/en\/wp-json\/wp\/v2\/media?parent=96576"}],"wp:term":[{"taxonomy":"product_brand","embeddable":true,"href":"https:\/\/boat-service.ee\/en\/wp-json\/wp\/v2\/product_brand?post=96576"},{"taxonomy":"product_cat","embeddable":true,"href":"https:\/\/boat-service.ee\/en\/wp-json\/wp\/v2\/product_cat?post=96576"},{"taxonomy":"product_tag","embeddable":true,"href":"https:\/\/boat-service.ee\/en\/wp-json\/wp\/v2\/product_tag?post=96576"}],"curies":[{"name":"wp","href":"https:\/\/api.w.org\/{rel}","templated":true}]}}