{"id":95694,"date":"2024-12-10T12:31:27","date_gmt":"2024-12-10T10:31:27","guid":{"rendered":"https:\/\/boat-service.ee\/pood\/uncategorized\/garmin-extra-large-carry-bag-and-base\/"},"modified":"2024-12-10T12:33:46","modified_gmt":"2024-12-10T10:33:46","slug":"garmin-extra-large-carry-bag-and-base","status":"publish","type":"product","link":"https:\/\/boat-service.ee\/en\/shop\/marine-electronics\/chartplotters-and-fishfinders\/icefishing-fishfinders\/garmin-extra-large-carry-bag-and-base\/","title":{"rendered":"Garmin Extra Large Carry Bag and Base"},"content":{"rendered":"<p>Garmin Extra Large Carry Bag for ECHOMAP\u2122 Plus 9&#8243; and Panoptix LiveScope\u2122 system.<\/p>\n<p>Durable and practical carry bag with base is specially designed for safe transportation and storage of the ECHOMAP\u2122 Plus 9&#8243; series and Panoptix LiveScope\u2122 system. This is an ideal solution for anglers who need reliable protection for their valuable equipment.<\/p>\n<p>  &#8211; Easy-to-open zippers and handles<br \/>\n  &#8211; Comfortable to use even with thick gloves<br \/>\n  &#8211; Optimized for winter conditions<br \/>\n  &#8211; Reinforced stitching<br \/>\n  &#8211; Waterproof material<br \/>\n  &#8211; Impact-resistant design<br \/>\n  &#8211; Additional bottom protection<br \/>\n  &#8211; Dedicated compartment for chartplotter<br \/>\n  &#8211; Special space for LiveScope\u2122 system<br \/>\n  &#8211; Internal pockets for cables and accessories<br \/>\n  &#8211; Integrated base for quick setup<\/p>\n<p>Compatible with:<br \/>\n&#8211; ECHOMAP\u2122 Plus 9&#8243; series devices<br \/>\n&#8211; Panoptix LiveScope\u2122 system<br \/>\n&#8211; Also suitable for other devices of similar dimensions<\/p>\n<p>Perfect for ice fishing!<\/p>\n","protected":false},"excerpt":{"rendered":"<p>Garmin Extra Large Carry Bag for ECHOMAP\u2122 Plus 9&#8243; and Panoptix LiveScope\u2122 system. Durable and practical carry bag with base is specially designed for safe transportation and storage of the ECHOMAP\u2122 Plus 9&#8243; series and Panoptix LiveScope\u2122 system. This is an ideal solution for anglers who need reliable protection for their valuable equipment. &#8211; Easy-to-open [&#8230;]\n","protected":false},"featured_media":95692,"template":"","meta":[],"product_brand":[],"product_cat":[2401],"product_tag":[],"class_list":{"0":"post-95694","1":"product","2":"type-product","3":"status-publish","4":"has-post-thumbnail","6":"product_cat-icefishing-fishfinders","7":"tm-has-options","9":"first","10":"instock","11":"taxable","12":"shipping-taxable","13":"purchasable","14":"product-type-simple"},"yoast_head":"<!-- This site is optimized with the Yoast SEO plugin v27.2 - https:\/\/yoast.com\/product\/yoast-seo-wordpress\/ -->\n<title>Garmin eriti suur kandekott<\/title>\n<meta name=\"description\" content=\"Vastupidav kandekott ECHOMAP Plus 9&quot; ja Panoptix LiveScope s\u00fcsteemile. Veekindel materjal ja integreeritud alus. Ideaalne j\u00e4\u00e4kalastuseks.\" \/>\n<meta name=\"robots\" content=\"index, follow, max-snippet:-1, max-image-preview:large, max-video-preview:-1\" \/>\n<link rel=\"canonical\" href=\"https:\/\/boat-service.ee\/en\/shop\/marine-electronics\/chartplotters-and-fishfinders\/icefishing-fishfinders\/garmin-extra-large-carry-bag-and-base\/\" \/>\n<meta property=\"og:locale\" content=\"en_US\" \/>\n<meta property=\"og:type\" content=\"article\" \/>\n<meta property=\"og:title\" content=\"Garmin eriti suur kandekott\" \/>\n<meta property=\"og:description\" content=\"Vastupidav kandekott ECHOMAP Plus 9&quot; ja Panoptix LiveScope s\u00fcsteemile. Veekindel materjal ja integreeritud alus. Ideaalne j\u00e4\u00e4kalastuseks.\" \/>\n<meta property=\"og:url\" content=\"https:\/\/boat-service.ee\/en\/shop\/marine-electronics\/chartplotters-and-fishfinders\/icefishing-fishfinders\/garmin-extra-large-carry-bag-and-base\/\" \/>\n<meta property=\"og:site_name\" content=\"Boat Service Estonia\" \/>\n<meta property=\"article:publisher\" content=\"https:\/\/www.facebook.com\/boatserviceestonia\" \/>\n<meta property=\"article:modified_time\" content=\"2024-12-10T10:33:46+00:00\" \/>\n<meta property=\"og:image\" content=\"https:\/\/boat-service.ee\/wp-content\/uploads\/2024\/12\/Garmin-Extra-Large-Carry-Bag-and-Base.webp\" \/>\n\t<meta property=\"og:image:width\" content=\"1200\" \/>\n\t<meta property=\"og:image:height\" content=\"1200\" \/>\n\t<meta property=\"og:image:type\" content=\"image\/webp\" \/>\n<meta name=\"twitter:card\" content=\"summary_large_image\" \/>\n<meta name=\"twitter:label1\" content=\"Est. reading time\" \/>\n\t<meta name=\"twitter:data1\" content=\"1 minute\" \/>\n<script type=\"application\/ld+json\" class=\"yoast-schema-graph\">{\"@context\":\"https:\/\/schema.org\",\"@graph\":[{\"@type\":\"WebPage\",\"@id\":\"https:\/\/boat-service.ee\/en\/shop\/marine-electronics\/chartplotters-and-fishfinders\/icefishing-fishfinders\/garmin-extra-large-carry-bag-and-base\/\",\"url\":\"https:\/\/boat-service.ee\/en\/shop\/marine-electronics\/chartplotters-and-fishfinders\/icefishing-fishfinders\/garmin-extra-large-carry-bag-and-base\/\",\"name\":\"Garmin eriti suur kandekott\",\"isPartOf\":{\"@id\":\"https:\/\/boat-service.ee\/en\/#website\"},\"primaryImageOfPage\":{\"@id\":\"https:\/\/boat-service.ee\/en\/shop\/marine-electronics\/chartplotters-and-fishfinders\/icefishing-fishfinders\/garmin-extra-large-carry-bag-and-base\/#primaryimage\"},\"image\":{\"@id\":\"https:\/\/boat-service.ee\/en\/shop\/marine-electronics\/chartplotters-and-fishfinders\/icefishing-fishfinders\/garmin-extra-large-carry-bag-and-base\/#primaryimage\"},\"thumbnailUrl\":\"https:\/\/boat-service.ee\/wp-content\/uploads\/2024\/12\/Garmin-Extra-Large-Carry-Bag-and-Base.webp\",\"datePublished\":\"2024-12-10T10:31:27+00:00\",\"dateModified\":\"2024-12-10T10:33:46+00:00\",\"description\":\"Vastupidav kandekott ECHOMAP Plus 9\\\" ja Panoptix LiveScope s\u00fcsteemile. Veekindel materjal ja integreeritud alus. Ideaalne j\u00e4\u00e4kalastuseks.\",\"breadcrumb\":{\"@id\":\"https:\/\/boat-service.ee\/en\/shop\/marine-electronics\/chartplotters-and-fishfinders\/icefishing-fishfinders\/garmin-extra-large-carry-bag-and-base\/#breadcrumb\"},\"inLanguage\":\"en-US\",\"potentialAction\":[{\"@type\":\"ReadAction\",\"target\":[\"https:\/\/boat-service.ee\/en\/shop\/marine-electronics\/chartplotters-and-fishfinders\/icefishing-fishfinders\/garmin-extra-large-carry-bag-and-base\/\"]}]},{\"@type\":\"ImageObject\",\"inLanguage\":\"en-US\",\"@id\":\"https:\/\/boat-service.ee\/en\/shop\/marine-electronics\/chartplotters-and-fishfinders\/icefishing-fishfinders\/garmin-extra-large-carry-bag-and-base\/#primaryimage\",\"url\":\"https:\/\/boat-service.ee\/wp-content\/uploads\/2024\/12\/Garmin-Extra-Large-Carry-Bag-and-Base.webp\",\"contentUrl\":\"https:\/\/boat-service.ee\/wp-content\/uploads\/2024\/12\/Garmin-Extra-Large-Carry-Bag-and-Base.webp\",\"width\":1200,\"height\":1200,\"caption\":\"Extra Large Carry Bag and Base\"},{\"@type\":\"BreadcrumbList\",\"@id\":\"https:\/\/boat-service.ee\/en\/shop\/marine-electronics\/chartplotters-and-fishfinders\/icefishing-fishfinders\/garmin-extra-large-carry-bag-and-base\/#breadcrumb\",\"itemListElement\":[{\"@type\":\"ListItem\",\"position\":1,\"name\":\"Home\",\"item\":\"https:\/\/boat-service.ee\/en\/\"},{\"@type\":\"ListItem\",\"position\":2,\"name\":\"Shop\",\"item\":\"https:\/\/boat-service.ee\/en\/shop\/\"},{\"@type\":\"ListItem\",\"position\":3,\"name\":\"Garmin Extra Large Carry Bag and Base\"}]},{\"@type\":\"WebSite\",\"@id\":\"https:\/\/boat-service.ee\/en\/#website\",\"url\":\"https:\/\/boat-service.ee\/en\/\",\"name\":\"Boat Service Estonia\",\"description\":\"Boat Service Estonia - Mootorpaadid, treilerid, mootorid\",\"publisher\":{\"@id\":\"https:\/\/boat-service.ee\/en\/#organization\"},\"potentialAction\":[{\"@type\":\"SearchAction\",\"target\":{\"@type\":\"EntryPoint\",\"urlTemplate\":\"https:\/\/boat-service.ee\/en\/?s={search_term_string}\"},\"query-input\":{\"@type\":\"PropertyValueSpecification\",\"valueRequired\":true,\"valueName\":\"search_term_string\"}}],\"inLanguage\":\"en-US\"},{\"@type\":\"Organization\",\"@id\":\"https:\/\/boat-service.ee\/en\/#organization\",\"name\":\"KALASTUSPOOD O\u00dc\",\"url\":\"https:\/\/boat-service.ee\/en\/\",\"logo\":{\"@type\":\"ImageObject\",\"inLanguage\":\"en-US\",\"@id\":\"https:\/\/boat-service.ee\/en\/#\/schema\/logo\/image\/\",\"url\":\"https:\/\/boat-service.ee\/wp-content\/uploads\/2023\/05\/impLogo.png\",\"contentUrl\":\"https:\/\/boat-service.ee\/wp-content\/uploads\/2023\/05\/impLogo.png\",\"width\":270,\"height\":107,\"caption\":\"KALASTUSPOOD O\u00dc\"},\"image\":{\"@id\":\"https:\/\/boat-service.ee\/en\/#\/schema\/logo\/image\/\"},\"sameAs\":[\"https:\/\/www.facebook.com\/boatserviceestonia\",\"https:\/\/www.instagram.com\/kalastus_ja_paadipood\/\"]}]}<\/script>\n<!-- \/ Yoast SEO plugin. -->","yoast_head_json":{"title":"Garmin eriti suur kandekott","description":"Vastupidav kandekott ECHOMAP Plus 9\" ja Panoptix LiveScope s\u00fcsteemile. Veekindel materjal ja integreeritud alus. Ideaalne j\u00e4\u00e4kalastuseks.","robots":{"index":"index","follow":"follow","max-snippet":"max-snippet:-1","max-image-preview":"max-image-preview:large","max-video-preview":"max-video-preview:-1"},"canonical":"https:\/\/boat-service.ee\/en\/shop\/marine-electronics\/chartplotters-and-fishfinders\/icefishing-fishfinders\/garmin-extra-large-carry-bag-and-base\/","og_locale":"en_US","og_type":"article","og_title":"Garmin eriti suur kandekott","og_description":"Vastupidav kandekott ECHOMAP Plus 9\" ja Panoptix LiveScope s\u00fcsteemile. Veekindel materjal ja integreeritud alus. Ideaalne j\u00e4\u00e4kalastuseks.","og_url":"https:\/\/boat-service.ee\/en\/shop\/marine-electronics\/chartplotters-and-fishfinders\/icefishing-fishfinders\/garmin-extra-large-carry-bag-and-base\/","og_site_name":"Boat Service Estonia","article_publisher":"https:\/\/www.facebook.com\/boatserviceestonia","article_modified_time":"2024-12-10T10:33:46+00:00","og_image":[{"width":1200,"height":1200,"url":"https:\/\/boat-service.ee\/wp-content\/uploads\/2024\/12\/Garmin-Extra-Large-Carry-Bag-and-Base.webp","type":"image\/webp"}],"twitter_card":"summary_large_image","twitter_misc":{"Est. reading time":"1 minute"},"schema":{"@context":"https:\/\/schema.org","@graph":[{"@type":"WebPage","@id":"https:\/\/boat-service.ee\/en\/shop\/marine-electronics\/chartplotters-and-fishfinders\/icefishing-fishfinders\/garmin-extra-large-carry-bag-and-base\/","url":"https:\/\/boat-service.ee\/en\/shop\/marine-electronics\/chartplotters-and-fishfinders\/icefishing-fishfinders\/garmin-extra-large-carry-bag-and-base\/","name":"Garmin eriti suur kandekott","isPartOf":{"@id":"https:\/\/boat-service.ee\/en\/#website"},"primaryImageOfPage":{"@id":"https:\/\/boat-service.ee\/en\/shop\/marine-electronics\/chartplotters-and-fishfinders\/icefishing-fishfinders\/garmin-extra-large-carry-bag-and-base\/#primaryimage"},"image":{"@id":"https:\/\/boat-service.ee\/en\/shop\/marine-electronics\/chartplotters-and-fishfinders\/icefishing-fishfinders\/garmin-extra-large-carry-bag-and-base\/#primaryimage"},"thumbnailUrl":"https:\/\/boat-service.ee\/wp-content\/uploads\/2024\/12\/Garmin-Extra-Large-Carry-Bag-and-Base.webp","datePublished":"2024-12-10T10:31:27+00:00","dateModified":"2024-12-10T10:33:46+00:00","description":"Vastupidav kandekott ECHOMAP Plus 9\" ja Panoptix LiveScope s\u00fcsteemile. Veekindel materjal ja integreeritud alus. Ideaalne j\u00e4\u00e4kalastuseks.","breadcrumb":{"@id":"https:\/\/boat-service.ee\/en\/shop\/marine-electronics\/chartplotters-and-fishfinders\/icefishing-fishfinders\/garmin-extra-large-carry-bag-and-base\/#breadcrumb"},"inLanguage":"en-US","potentialAction":[{"@type":"ReadAction","target":["https:\/\/boat-service.ee\/en\/shop\/marine-electronics\/chartplotters-and-fishfinders\/icefishing-fishfinders\/garmin-extra-large-carry-bag-and-base\/"]}]},{"@type":"ImageObject","inLanguage":"en-US","@id":"https:\/\/boat-service.ee\/en\/shop\/marine-electronics\/chartplotters-and-fishfinders\/icefishing-fishfinders\/garmin-extra-large-carry-bag-and-base\/#primaryimage","url":"https:\/\/boat-service.ee\/wp-content\/uploads\/2024\/12\/Garmin-Extra-Large-Carry-Bag-and-Base.webp","contentUrl":"https:\/\/boat-service.ee\/wp-content\/uploads\/2024\/12\/Garmin-Extra-Large-Carry-Bag-and-Base.webp","width":1200,"height":1200,"caption":"Extra Large Carry Bag and Base"},{"@type":"BreadcrumbList","@id":"https:\/\/boat-service.ee\/en\/shop\/marine-electronics\/chartplotters-and-fishfinders\/icefishing-fishfinders\/garmin-extra-large-carry-bag-and-base\/#breadcrumb","itemListElement":[{"@type":"ListItem","position":1,"name":"Home","item":"https:\/\/boat-service.ee\/en\/"},{"@type":"ListItem","position":2,"name":"Shop","item":"https:\/\/boat-service.ee\/en\/shop\/"},{"@type":"ListItem","position":3,"name":"Garmin Extra Large Carry Bag and Base"}]},{"@type":"WebSite","@id":"https:\/\/boat-service.ee\/en\/#website","url":"https:\/\/boat-service.ee\/en\/","name":"Boat Service Estonia","description":"Boat Service Estonia - Mootorpaadid, treilerid, mootorid","publisher":{"@id":"https:\/\/boat-service.ee\/en\/#organization"},"potentialAction":[{"@type":"SearchAction","target":{"@type":"EntryPoint","urlTemplate":"https:\/\/boat-service.ee\/en\/?s={search_term_string}"},"query-input":{"@type":"PropertyValueSpecification","valueRequired":true,"valueName":"search_term_string"}}],"inLanguage":"en-US"},{"@type":"Organization","@id":"https:\/\/boat-service.ee\/en\/#organization","name":"KALASTUSPOOD O\u00dc","url":"https:\/\/boat-service.ee\/en\/","logo":{"@type":"ImageObject","inLanguage":"en-US","@id":"https:\/\/boat-service.ee\/en\/#\/schema\/logo\/image\/","url":"https:\/\/boat-service.ee\/wp-content\/uploads\/2023\/05\/impLogo.png","contentUrl":"https:\/\/boat-service.ee\/wp-content\/uploads\/2023\/05\/impLogo.png","width":270,"height":107,"caption":"KALASTUSPOOD O\u00dc"},"image":{"@id":"https:\/\/boat-service.ee\/en\/#\/schema\/logo\/image\/"},"sameAs":["https:\/\/www.facebook.com\/boatserviceestonia","https:\/\/www.instagram.com\/kalastus_ja_paadipood\/"]}]}},"_links":{"self":[{"href":"https:\/\/boat-service.ee\/en\/wp-json\/wp\/v2\/product\/95694","targetHints":{"allow":["GET"]}}],"collection":[{"href":"https:\/\/boat-service.ee\/en\/wp-json\/wp\/v2\/product"}],"about":[{"href":"https:\/\/boat-service.ee\/en\/wp-json\/wp\/v2\/types\/product"}],"wp:featuredmedia":[{"embeddable":true,"href":"https:\/\/boat-service.ee\/en\/wp-json\/wp\/v2\/media\/95692"}],"wp:attachment":[{"href":"https:\/\/boat-service.ee\/en\/wp-json\/wp\/v2\/media?parent=95694"}],"wp:term":[{"taxonomy":"product_brand","embeddable":true,"href":"https:\/\/boat-service.ee\/en\/wp-json\/wp\/v2\/product_brand?post=95694"},{"taxonomy":"product_cat","embeddable":true,"href":"https:\/\/boat-service.ee\/en\/wp-json\/wp\/v2\/product_cat?post=95694"},{"taxonomy":"product_tag","embeddable":true,"href":"https:\/\/boat-service.ee\/en\/wp-json\/wp\/v2\/product_tag?post=95694"}],"curies":[{"name":"wp","href":"https:\/\/api.w.org\/{rel}","templated":true}]}}