{"id":95624,"date":"2024-08-09T10:17:00","date_gmt":"2024-08-09T08:17:00","guid":{"rendered":"https:\/\/boat-service.ee\/pood\/uncategorized\/airmar-b60-12-tilt\/"},"modified":"2024-08-09T10:17:00","modified_gmt":"2024-08-09T08:17:00","slug":"airmar-b60-12-tilt","status":"publish","type":"product","link":"https:\/\/boat-service.ee\/en\/shop\/marine-electronics\/fishfinders-tranducers\/airmar-b60-12-tilt\/","title":{"rendered":"AIRMAR\u00ae B60 (12\u00b0 tilt)"},"content":{"rendered":"<p>Algtaseme pronksiv\u00e4rvi kaldega andur toetab kiilsusnurki 8 kuni 15 kraadi ulatuses ilma voolundita.<br \/>\n600 W 8-tihvtiline andur sobib suurep\u00e4raselt klaaskiust ja puidust laevakerede jaoks ning selle k\u00e4itamissagedus on 50 kHz v\u00f5i 200 kHz ja vastav s\u00fcgavusvahemik 1200 jalga v\u00f5i 700 jalga ning vastav vihulaius 45 v\u00f5i 12 kraadi.<br \/>\nAnduri komplekt on varustatud paigaldusjuhistega. J\u00e4rgige juhiseid, et paati mitte kahjustada.<\/p>\n","protected":false},"excerpt":{"rendered":"<p>Fishfinder tranducer AIRMAR\u00ae B60 (12\u00b0 kalle)<\/p>\n","protected":false},"featured_media":88132,"template":"","meta":[],"product_brand":[3194],"product_cat":[340,2478],"product_tag":[],"class_list":{"0":"post-95624","1":"product","2":"type-product","3":"status-publish","4":"has-post-thumbnail","6":"product_brand-garmin","7":"product_cat-marine-electronics","8":"product_cat-fishfinders-tranducers","9":"tm-has-options","11":"first","12":"instock","13":"purchasable","14":"product-type-simple"},"yoast_head":"<!-- This site is optimized with the Yoast SEO plugin v27.2 - https:\/\/yoast.com\/product\/yoast-seo-wordpress\/ -->\n<title>AIRMAR\u00ae B60 (12\u00b0 tilt) - Boat Service Estonia<\/title>\n<meta name=\"robots\" content=\"index, follow, max-snippet:-1, max-image-preview:large, max-video-preview:-1\" \/>\n<link rel=\"canonical\" href=\"https:\/\/boat-service.ee\/en\/shop\/marine-electronics\/fishfinders-tranducers\/airmar-b60-12-tilt\/\" \/>\n<meta property=\"og:locale\" content=\"en_US\" \/>\n<meta property=\"og:type\" content=\"article\" \/>\n<meta property=\"og:title\" content=\"AIRMAR\u00ae B60 (12\u00b0 tilt) - Boat Service Estonia\" \/>\n<meta property=\"og:description\" content=\"Fishfinder tranducer AIRMAR\u00ae B60 (12\u00b0 kalle)\" \/>\n<meta property=\"og:url\" content=\"https:\/\/boat-service.ee\/en\/shop\/marine-electronics\/fishfinders-tranducers\/airmar-b60-12-tilt\/\" \/>\n<meta property=\"og:site_name\" content=\"Boat Service Estonia\" \/>\n<meta property=\"article:publisher\" content=\"https:\/\/www.facebook.com\/boatserviceestonia\" \/>\n<meta property=\"og:image\" content=\"https:\/\/boat-service.ee\/wp-content\/uploads\/2024\/08\/010-10982-21.webp\" \/>\n\t<meta property=\"og:image:width\" content=\"290\" \/>\n\t<meta property=\"og:image:height\" content=\"291\" \/>\n\t<meta property=\"og:image:type\" content=\"image\/webp\" \/>\n<meta name=\"twitter:card\" content=\"summary_large_image\" \/>\n<script type=\"application\/ld+json\" class=\"yoast-schema-graph\">{\"@context\":\"https:\/\/schema.org\",\"@graph\":[{\"@type\":\"WebPage\",\"@id\":\"https:\/\/boat-service.ee\/en\/shop\/marine-electronics\/fishfinders-tranducers\/airmar-b60-12-tilt\/\",\"url\":\"https:\/\/boat-service.ee\/en\/shop\/marine-electronics\/fishfinders-tranducers\/airmar-b60-12-tilt\/\",\"name\":\"AIRMAR\u00ae B60 (12\u00b0 tilt) - Boat Service Estonia\",\"isPartOf\":{\"@id\":\"https:\/\/boat-service.ee\/en\/#website\"},\"primaryImageOfPage\":{\"@id\":\"https:\/\/boat-service.ee\/en\/shop\/marine-electronics\/fishfinders-tranducers\/airmar-b60-12-tilt\/#primaryimage\"},\"image\":{\"@id\":\"https:\/\/boat-service.ee\/en\/shop\/marine-electronics\/fishfinders-tranducers\/airmar-b60-12-tilt\/#primaryimage\"},\"thumbnailUrl\":\"https:\/\/boat-service.ee\/wp-content\/uploads\/2024\/08\/010-10982-21.webp\",\"datePublished\":\"2024-08-09T08:17:00+00:00\",\"breadcrumb\":{\"@id\":\"https:\/\/boat-service.ee\/en\/shop\/marine-electronics\/fishfinders-tranducers\/airmar-b60-12-tilt\/#breadcrumb\"},\"inLanguage\":\"en-US\",\"potentialAction\":[{\"@type\":\"ReadAction\",\"target\":[\"https:\/\/boat-service.ee\/en\/shop\/marine-electronics\/fishfinders-tranducers\/airmar-b60-12-tilt\/\"]}]},{\"@type\":\"ImageObject\",\"inLanguage\":\"en-US\",\"@id\":\"https:\/\/boat-service.ee\/en\/shop\/marine-electronics\/fishfinders-tranducers\/airmar-b60-12-tilt\/#primaryimage\",\"url\":\"https:\/\/boat-service.ee\/wp-content\/uploads\/2024\/08\/010-10982-21.webp\",\"contentUrl\":\"https:\/\/boat-service.ee\/wp-content\/uploads\/2024\/08\/010-10982-21.webp\",\"width\":290,\"height\":291},{\"@type\":\"BreadcrumbList\",\"@id\":\"https:\/\/boat-service.ee\/en\/shop\/marine-electronics\/fishfinders-tranducers\/airmar-b60-12-tilt\/#breadcrumb\",\"itemListElement\":[{\"@type\":\"ListItem\",\"position\":1,\"name\":\"Home\",\"item\":\"https:\/\/boat-service.ee\/en\/\"},{\"@type\":\"ListItem\",\"position\":2,\"name\":\"Shop\",\"item\":\"https:\/\/boat-service.ee\/en\/shop\/\"},{\"@type\":\"ListItem\",\"position\":3,\"name\":\"AIRMAR\u00ae B60 (12\u00b0 tilt)\"}]},{\"@type\":\"WebSite\",\"@id\":\"https:\/\/boat-service.ee\/en\/#website\",\"url\":\"https:\/\/boat-service.ee\/en\/\",\"name\":\"Boat Service Estonia\",\"description\":\"Boat Service Estonia - Mootorpaadid, treilerid, mootorid\",\"publisher\":{\"@id\":\"https:\/\/boat-service.ee\/en\/#organization\"},\"potentialAction\":[{\"@type\":\"SearchAction\",\"target\":{\"@type\":\"EntryPoint\",\"urlTemplate\":\"https:\/\/boat-service.ee\/en\/?s={search_term_string}\"},\"query-input\":{\"@type\":\"PropertyValueSpecification\",\"valueRequired\":true,\"valueName\":\"search_term_string\"}}],\"inLanguage\":\"en-US\"},{\"@type\":\"Organization\",\"@id\":\"https:\/\/boat-service.ee\/en\/#organization\",\"name\":\"KALASTUSPOOD O\u00dc\",\"url\":\"https:\/\/boat-service.ee\/en\/\",\"logo\":{\"@type\":\"ImageObject\",\"inLanguage\":\"en-US\",\"@id\":\"https:\/\/boat-service.ee\/en\/#\/schema\/logo\/image\/\",\"url\":\"https:\/\/boat-service.ee\/wp-content\/uploads\/2023\/05\/impLogo.png\",\"contentUrl\":\"https:\/\/boat-service.ee\/wp-content\/uploads\/2023\/05\/impLogo.png\",\"width\":270,\"height\":107,\"caption\":\"KALASTUSPOOD O\u00dc\"},\"image\":{\"@id\":\"https:\/\/boat-service.ee\/en\/#\/schema\/logo\/image\/\"},\"sameAs\":[\"https:\/\/www.facebook.com\/boatserviceestonia\",\"https:\/\/www.instagram.com\/kalastus_ja_paadipood\/\"]}]}<\/script>\n<!-- \/ Yoast SEO plugin. -->","yoast_head_json":{"title":"AIRMAR\u00ae B60 (12\u00b0 tilt) - Boat Service Estonia","robots":{"index":"index","follow":"follow","max-snippet":"max-snippet:-1","max-image-preview":"max-image-preview:large","max-video-preview":"max-video-preview:-1"},"canonical":"https:\/\/boat-service.ee\/en\/shop\/marine-electronics\/fishfinders-tranducers\/airmar-b60-12-tilt\/","og_locale":"en_US","og_type":"article","og_title":"AIRMAR\u00ae B60 (12\u00b0 tilt) - Boat Service Estonia","og_description":"Fishfinder tranducer AIRMAR\u00ae B60 (12\u00b0 kalle)","og_url":"https:\/\/boat-service.ee\/en\/shop\/marine-electronics\/fishfinders-tranducers\/airmar-b60-12-tilt\/","og_site_name":"Boat Service Estonia","article_publisher":"https:\/\/www.facebook.com\/boatserviceestonia","og_image":[{"width":290,"height":291,"url":"https:\/\/boat-service.ee\/wp-content\/uploads\/2024\/08\/010-10982-21.webp","type":"image\/webp"}],"twitter_card":"summary_large_image","schema":{"@context":"https:\/\/schema.org","@graph":[{"@type":"WebPage","@id":"https:\/\/boat-service.ee\/en\/shop\/marine-electronics\/fishfinders-tranducers\/airmar-b60-12-tilt\/","url":"https:\/\/boat-service.ee\/en\/shop\/marine-electronics\/fishfinders-tranducers\/airmar-b60-12-tilt\/","name":"AIRMAR\u00ae B60 (12\u00b0 tilt) - Boat Service Estonia","isPartOf":{"@id":"https:\/\/boat-service.ee\/en\/#website"},"primaryImageOfPage":{"@id":"https:\/\/boat-service.ee\/en\/shop\/marine-electronics\/fishfinders-tranducers\/airmar-b60-12-tilt\/#primaryimage"},"image":{"@id":"https:\/\/boat-service.ee\/en\/shop\/marine-electronics\/fishfinders-tranducers\/airmar-b60-12-tilt\/#primaryimage"},"thumbnailUrl":"https:\/\/boat-service.ee\/wp-content\/uploads\/2024\/08\/010-10982-21.webp","datePublished":"2024-08-09T08:17:00+00:00","breadcrumb":{"@id":"https:\/\/boat-service.ee\/en\/shop\/marine-electronics\/fishfinders-tranducers\/airmar-b60-12-tilt\/#breadcrumb"},"inLanguage":"en-US","potentialAction":[{"@type":"ReadAction","target":["https:\/\/boat-service.ee\/en\/shop\/marine-electronics\/fishfinders-tranducers\/airmar-b60-12-tilt\/"]}]},{"@type":"ImageObject","inLanguage":"en-US","@id":"https:\/\/boat-service.ee\/en\/shop\/marine-electronics\/fishfinders-tranducers\/airmar-b60-12-tilt\/#primaryimage","url":"https:\/\/boat-service.ee\/wp-content\/uploads\/2024\/08\/010-10982-21.webp","contentUrl":"https:\/\/boat-service.ee\/wp-content\/uploads\/2024\/08\/010-10982-21.webp","width":290,"height":291},{"@type":"BreadcrumbList","@id":"https:\/\/boat-service.ee\/en\/shop\/marine-electronics\/fishfinders-tranducers\/airmar-b60-12-tilt\/#breadcrumb","itemListElement":[{"@type":"ListItem","position":1,"name":"Home","item":"https:\/\/boat-service.ee\/en\/"},{"@type":"ListItem","position":2,"name":"Shop","item":"https:\/\/boat-service.ee\/en\/shop\/"},{"@type":"ListItem","position":3,"name":"AIRMAR\u00ae B60 (12\u00b0 tilt)"}]},{"@type":"WebSite","@id":"https:\/\/boat-service.ee\/en\/#website","url":"https:\/\/boat-service.ee\/en\/","name":"Boat Service Estonia","description":"Boat Service Estonia - Mootorpaadid, treilerid, mootorid","publisher":{"@id":"https:\/\/boat-service.ee\/en\/#organization"},"potentialAction":[{"@type":"SearchAction","target":{"@type":"EntryPoint","urlTemplate":"https:\/\/boat-service.ee\/en\/?s={search_term_string}"},"query-input":{"@type":"PropertyValueSpecification","valueRequired":true,"valueName":"search_term_string"}}],"inLanguage":"en-US"},{"@type":"Organization","@id":"https:\/\/boat-service.ee\/en\/#organization","name":"KALASTUSPOOD O\u00dc","url":"https:\/\/boat-service.ee\/en\/","logo":{"@type":"ImageObject","inLanguage":"en-US","@id":"https:\/\/boat-service.ee\/en\/#\/schema\/logo\/image\/","url":"https:\/\/boat-service.ee\/wp-content\/uploads\/2023\/05\/impLogo.png","contentUrl":"https:\/\/boat-service.ee\/wp-content\/uploads\/2023\/05\/impLogo.png","width":270,"height":107,"caption":"KALASTUSPOOD O\u00dc"},"image":{"@id":"https:\/\/boat-service.ee\/en\/#\/schema\/logo\/image\/"},"sameAs":["https:\/\/www.facebook.com\/boatserviceestonia","https:\/\/www.instagram.com\/kalastus_ja_paadipood\/"]}]}},"_links":{"self":[{"href":"https:\/\/boat-service.ee\/en\/wp-json\/wp\/v2\/product\/95624","targetHints":{"allow":["GET"]}}],"collection":[{"href":"https:\/\/boat-service.ee\/en\/wp-json\/wp\/v2\/product"}],"about":[{"href":"https:\/\/boat-service.ee\/en\/wp-json\/wp\/v2\/types\/product"}],"wp:featuredmedia":[{"embeddable":true,"href":"https:\/\/boat-service.ee\/en\/wp-json\/wp\/v2\/media\/88132"}],"wp:attachment":[{"href":"https:\/\/boat-service.ee\/en\/wp-json\/wp\/v2\/media?parent=95624"}],"wp:term":[{"taxonomy":"product_brand","embeddable":true,"href":"https:\/\/boat-service.ee\/en\/wp-json\/wp\/v2\/product_brand?post=95624"},{"taxonomy":"product_cat","embeddable":true,"href":"https:\/\/boat-service.ee\/en\/wp-json\/wp\/v2\/product_cat?post=95624"},{"taxonomy":"product_tag","embeddable":true,"href":"https:\/\/boat-service.ee\/en\/wp-json\/wp\/v2\/product_tag?post=95624"}],"curies":[{"name":"wp","href":"https:\/\/api.w.org\/{rel}","templated":true}]}}