{"id":95502,"date":"2022-01-28T14:42:56","date_gmt":"2022-01-28T12:42:56","guid":{"rendered":"https:\/\/boat-service.ee\/pood\/uncategorized\/garmin-panoptix-livescope-system-transom-or-trolling-motor-mount\/"},"modified":"2022-01-28T14:42:56","modified_gmt":"2022-01-28T12:42:56","slug":"garmin-panoptix-livescope-system-transom-or-trolling-motor-mount","status":"publish","type":"product","link":"https:\/\/boat-service.ee\/en\/shop\/marine-electronics\/live-sonars\/garmin-live-sonar-en\/garmin-panoptix-livescope-system-transom-or-trolling-motor-mount\/","title":{"rendered":"GARMIN Panoptix LiveScope\u2122 System Transom or Trolling Motor Mount"},"content":{"rendered":"<h2><strong>GARMIN Panoptix LiveScope\u2122 System Transom or Trolling Motor Mount<\/strong><\/h2>\n<p>&nbsp;<\/p>\n<div>\n<p>You&#8217;ve never fished like this before. The view under your boat is so clear that you can even see your lure.<\/p>\n<\/div>\n<div>\n<div><span style=\"color: #555555;\">Who wouldn&#8217;t want to get amazing real-time images of what&#8217;s happening under and around their boat?<\/span><\/div>\n<div><span style=\"color: #555555;\">Need a new view? No problem. This transducer is easy to adjust.<\/span><\/div>\n<div><span style=\"color: #555555;\">Up to 200 feet down. Up to 200 feet to the side. That&#8217;s impressive visibility for real-time sonar.<\/span><\/div>\n<div><span style=\"color: #555555;\">Even when the water is rough, this system stabilizes the view on your chartplotter screen.<\/span><\/div>\n<div><span style=\"color: #555555;\">Regardless of your equipment, simple self-tuning connection makes installation super easy.<\/span><\/div>\n<\/div>\n<div>\n<table>\n<tbody>\n<tr class=\"title\">\n<td colspan=\"2\">\n<h3>General<\/h3>\n<\/td>\n<\/tr>\n<tr>\n<th scope=\"row\">PHYSICAL DIMENSIONS<\/th>\n<td>GLS 10 sonar black box: 9.6&#8243; x 5.9&#8243; x 2.6&#8243; (24.5 x 14.9 x 6.5 cm);<\/p>\n<p>LVS32 transducer: 5.4&#8243; x 3.8&#8243; x 1.8&#8243; (13.7 x 9.7 x 4.6 cm)<\/td>\n<\/tr>\n<tr>\n<th scope=\"row\">WEIGHT<\/th>\n<td>GLS 10 sonar black box: 4.3 lbs (2.0 kg);<\/p>\n<p>LVS32 transducer: 1.9 lbs (0.9 kg)<\/td>\n<\/tr>\n<tr>\n<th scope=\"row\">WATER RATING<\/th>\n<td>IPX7<\/td>\n<\/tr>\n<tr>\n<th scope=\"row\">TRANSMIT POWER<\/th>\n<td>500 W<\/td>\n<\/tr>\n<tr>\n<th scope=\"row\">TEMPERATURE RANGE<\/th>\n<td>GLS 10 Black Box: Operating: -15 C to 70 C<\/p>\n<p>Panoptix LiveScope LVS32 Transducer: Operating: 0 C to 40 C<\/td>\n<\/tr>\n<\/tbody>\n<\/table>\n<table>\n<tbody>\n<tr class=\"title\">\n<td colspan=\"2\">\n<h3>Sonar Features &#038; Specifications<\/h3>\n<\/td>\n<\/tr>\n<tr>\n<th scope=\"row\">SUPPORTED FREQUENCIES<\/th>\n<td>530 &#8211; 1,100 kHz<\/td>\n<\/tr>\n<tr>\n<th scope=\"row\">MAXIMUM DEPTH<\/th>\n<td>Down and Forward: 200&#8242; (61.0 m)<\/td>\n<\/tr>\n<\/tbody>\n<\/table>\n<table>\n<tbody>\n<tr class=\"title\">\n<td colspan=\"2\">\n<h3>Connections<\/h3>\n<\/td>\n<\/tr>\n<tr>\n<th scope=\"row\">GARMIN MARINE NETWORK\u2122 PORTS<\/th>\n<td>1 (small connector)<\/td>\n<\/tr>\n<\/tbody>\n<\/table>\n<table>\n<tbody>\n<tr class=\"title\">\n<td colspan=\"2\">\n<h3>Electrical<\/h3>\n<\/td>\n<\/tr>\n<tr>\n<th scope=\"row\">POWER INPUT<\/th>\n<td>10-32 V<\/td>\n<\/tr>\n<tr>\n<th scope=\"row\">POWER USAGE<\/th>\n<td>21 W typical, 58 W max<\/td>\n<\/tr>\n<tr>\n<th scope=\"row\">FUSE<\/th>\n<td>7.5 A<\/td>\n<\/tr>\n<\/tbody>\n<\/table>\n<div>\n<ul>\n<li>Beamwidth: 20\u00b0 x 135\u00b0<\/li>\n<li>Transducer cable length: 20 ft.<\/li>\n<li>Transducer number of pins: 21<\/li>\n<\/ul>\n<\/div>\n<\/div>\n","protected":false},"excerpt":{"rendered":"<p>GARMIN Panoptix LiveScope\u2122 System Transom or Trolling Motor Mount &nbsp; You&#8217;ve never fished like this before. The view under your boat is so clear that you can even see your lure. Who wouldn&#8217;t want to get amazing real-time images of what&#8217;s happening under and around their boat? Need a new view? No problem. This transducer [&#8230;]\n","protected":false},"featured_media":47408,"template":"","meta":[],"product_brand":[],"product_cat":[1175],"product_tag":[1174],"class_list":{"0":"post-95502","1":"product","2":"type-product","3":"status-publish","4":"has-post-thumbnail","6":"product_cat-garmin-live-sonar-en","7":"product_tag-garmin-en","8":"pa_brand-garmin","9":"tm-has-options","11":"first","12":"instock","13":"taxable","14":"shipping-taxable","15":"purchasable","16":"product-type-simple"},"yoast_head":"<!-- This site is optimized with the Yoast SEO plugin v27.2 - https:\/\/yoast.com\/product\/yoast-seo-wordpress\/ -->\n<title>GARMIN Panoptix LiveScope\u2122 System Transom or Trolling Motor Mount - Boat Service Estonia<\/title>\n<meta name=\"description\" content=\"Gamin Panoptics Livescope detailsed ja h\u00f5lpsasti t\u00f5lgendatavad skaneerivad sonaripildid n\u00e4itavad paadi \u00fcmber ja ees olevaid kalu reaalajas\" \/>\n<meta name=\"robots\" content=\"index, follow, max-snippet:-1, max-image-preview:large, max-video-preview:-1\" \/>\n<link rel=\"canonical\" href=\"https:\/\/boat-service.ee\/en\/shop\/marine-electronics\/live-sonars\/garmin-live-sonar-en\/garmin-panoptix-livescope-system-transom-or-trolling-motor-mount\/\" \/>\n<meta property=\"og:locale\" content=\"en_US\" \/>\n<meta property=\"og:type\" content=\"article\" \/>\n<meta property=\"og:title\" content=\"GARMIN Panoptix LiveScope\u2122 System Transom or Trolling Motor Mount - Boat Service Estonia\" \/>\n<meta property=\"og:description\" content=\"Gamin Panoptics Livescope detailsed ja h\u00f5lpsasti t\u00f5lgendatavad skaneerivad sonaripildid n\u00e4itavad paadi \u00fcmber ja ees olevaid kalu reaalajas\" \/>\n<meta property=\"og:url\" content=\"https:\/\/boat-service.ee\/en\/shop\/marine-electronics\/live-sonars\/garmin-live-sonar-en\/garmin-panoptix-livescope-system-transom-or-trolling-motor-mount\/\" \/>\n<meta property=\"og:site_name\" content=\"Boat Service Estonia\" \/>\n<meta property=\"article:publisher\" content=\"https:\/\/www.facebook.com\/boatserviceestonia\" \/>\n<meta property=\"og:image\" content=\"https:\/\/boat-service.ee\/wp-content\/uploads\/2022\/01\/g1-67.jpg\" \/>\n\t<meta property=\"og:image:width\" content=\"600\" \/>\n\t<meta property=\"og:image:height\" content=\"600\" \/>\n\t<meta property=\"og:image:type\" content=\"image\/jpeg\" \/>\n<meta name=\"twitter:card\" content=\"summary_large_image\" \/>\n<meta name=\"twitter:label1\" content=\"Est. reading time\" \/>\n\t<meta name=\"twitter:data1\" content=\"1 minute\" \/>\n<script type=\"application\/ld+json\" class=\"yoast-schema-graph\">{\"@context\":\"https:\/\/schema.org\",\"@graph\":[{\"@type\":\"WebPage\",\"@id\":\"https:\/\/boat-service.ee\/en\/shop\/marine-electronics\/live-sonars\/garmin-live-sonar-en\/garmin-panoptix-livescope-system-transom-or-trolling-motor-mount\/\",\"url\":\"https:\/\/boat-service.ee\/en\/shop\/marine-electronics\/live-sonars\/garmin-live-sonar-en\/garmin-panoptix-livescope-system-transom-or-trolling-motor-mount\/\",\"name\":\"GARMIN Panoptix LiveScope\u2122 System Transom or Trolling Motor Mount - Boat Service Estonia\",\"isPartOf\":{\"@id\":\"https:\/\/boat-service.ee\/en\/#website\"},\"primaryImageOfPage\":{\"@id\":\"https:\/\/boat-service.ee\/en\/shop\/marine-electronics\/live-sonars\/garmin-live-sonar-en\/garmin-panoptix-livescope-system-transom-or-trolling-motor-mount\/#primaryimage\"},\"image\":{\"@id\":\"https:\/\/boat-service.ee\/en\/shop\/marine-electronics\/live-sonars\/garmin-live-sonar-en\/garmin-panoptix-livescope-system-transom-or-trolling-motor-mount\/#primaryimage\"},\"thumbnailUrl\":\"https:\/\/boat-service.ee\/wp-content\/uploads\/2022\/01\/g1-67.jpg\",\"datePublished\":\"2022-01-28T12:42:56+00:00\",\"description\":\"Gamin Panoptics Livescope detailsed ja h\u00f5lpsasti t\u00f5lgendatavad skaneerivad sonaripildid n\u00e4itavad paadi \u00fcmber ja ees olevaid kalu reaalajas\",\"breadcrumb\":{\"@id\":\"https:\/\/boat-service.ee\/en\/shop\/marine-electronics\/live-sonars\/garmin-live-sonar-en\/garmin-panoptix-livescope-system-transom-or-trolling-motor-mount\/#breadcrumb\"},\"inLanguage\":\"en-US\",\"potentialAction\":[{\"@type\":\"ReadAction\",\"target\":[\"https:\/\/boat-service.ee\/en\/shop\/marine-electronics\/live-sonars\/garmin-live-sonar-en\/garmin-panoptix-livescope-system-transom-or-trolling-motor-mount\/\"]}]},{\"@type\":\"ImageObject\",\"inLanguage\":\"en-US\",\"@id\":\"https:\/\/boat-service.ee\/en\/shop\/marine-electronics\/live-sonars\/garmin-live-sonar-en\/garmin-panoptix-livescope-system-transom-or-trolling-motor-mount\/#primaryimage\",\"url\":\"https:\/\/boat-service.ee\/wp-content\/uploads\/2022\/01\/g1-67.jpg\",\"contentUrl\":\"https:\/\/boat-service.ee\/wp-content\/uploads\/2022\/01\/g1-67.jpg\",\"width\":600,\"height\":600},{\"@type\":\"BreadcrumbList\",\"@id\":\"https:\/\/boat-service.ee\/en\/shop\/marine-electronics\/live-sonars\/garmin-live-sonar-en\/garmin-panoptix-livescope-system-transom-or-trolling-motor-mount\/#breadcrumb\",\"itemListElement\":[{\"@type\":\"ListItem\",\"position\":1,\"name\":\"Home\",\"item\":\"https:\/\/boat-service.ee\/en\/\"},{\"@type\":\"ListItem\",\"position\":2,\"name\":\"Shop\",\"item\":\"https:\/\/boat-service.ee\/en\/shop\/\"},{\"@type\":\"ListItem\",\"position\":3,\"name\":\"GARMIN Panoptix LiveScope\u2122 System Transom or Trolling Motor Mount\"}]},{\"@type\":\"WebSite\",\"@id\":\"https:\/\/boat-service.ee\/en\/#website\",\"url\":\"https:\/\/boat-service.ee\/en\/\",\"name\":\"Boat Service Estonia\",\"description\":\"Boat Service Estonia - Mootorpaadid, treilerid, mootorid\",\"publisher\":{\"@id\":\"https:\/\/boat-service.ee\/en\/#organization\"},\"potentialAction\":[{\"@type\":\"SearchAction\",\"target\":{\"@type\":\"EntryPoint\",\"urlTemplate\":\"https:\/\/boat-service.ee\/en\/?s={search_term_string}\"},\"query-input\":{\"@type\":\"PropertyValueSpecification\",\"valueRequired\":true,\"valueName\":\"search_term_string\"}}],\"inLanguage\":\"en-US\"},{\"@type\":\"Organization\",\"@id\":\"https:\/\/boat-service.ee\/en\/#organization\",\"name\":\"KALASTUSPOOD O\u00dc\",\"url\":\"https:\/\/boat-service.ee\/en\/\",\"logo\":{\"@type\":\"ImageObject\",\"inLanguage\":\"en-US\",\"@id\":\"https:\/\/boat-service.ee\/en\/#\/schema\/logo\/image\/\",\"url\":\"https:\/\/boat-service.ee\/wp-content\/uploads\/2023\/05\/impLogo.png\",\"contentUrl\":\"https:\/\/boat-service.ee\/wp-content\/uploads\/2023\/05\/impLogo.png\",\"width\":270,\"height\":107,\"caption\":\"KALASTUSPOOD O\u00dc\"},\"image\":{\"@id\":\"https:\/\/boat-service.ee\/en\/#\/schema\/logo\/image\/\"},\"sameAs\":[\"https:\/\/www.facebook.com\/boatserviceestonia\",\"https:\/\/www.instagram.com\/kalastus_ja_paadipood\/\"]}]}<\/script>\n<!-- \/ Yoast SEO plugin. -->","yoast_head_json":{"title":"GARMIN Panoptix LiveScope\u2122 System Transom or Trolling Motor Mount - Boat Service Estonia","description":"Gamin Panoptics Livescope detailsed ja h\u00f5lpsasti t\u00f5lgendatavad skaneerivad sonaripildid n\u00e4itavad paadi \u00fcmber ja ees olevaid kalu reaalajas","robots":{"index":"index","follow":"follow","max-snippet":"max-snippet:-1","max-image-preview":"max-image-preview:large","max-video-preview":"max-video-preview:-1"},"canonical":"https:\/\/boat-service.ee\/en\/shop\/marine-electronics\/live-sonars\/garmin-live-sonar-en\/garmin-panoptix-livescope-system-transom-or-trolling-motor-mount\/","og_locale":"en_US","og_type":"article","og_title":"GARMIN Panoptix LiveScope\u2122 System Transom or Trolling Motor Mount - Boat Service Estonia","og_description":"Gamin Panoptics Livescope detailsed ja h\u00f5lpsasti t\u00f5lgendatavad skaneerivad sonaripildid n\u00e4itavad paadi \u00fcmber ja ees olevaid kalu reaalajas","og_url":"https:\/\/boat-service.ee\/en\/shop\/marine-electronics\/live-sonars\/garmin-live-sonar-en\/garmin-panoptix-livescope-system-transom-or-trolling-motor-mount\/","og_site_name":"Boat Service Estonia","article_publisher":"https:\/\/www.facebook.com\/boatserviceestonia","og_image":[{"width":600,"height":600,"url":"https:\/\/boat-service.ee\/wp-content\/uploads\/2022\/01\/g1-67.jpg","type":"image\/jpeg"}],"twitter_card":"summary_large_image","twitter_misc":{"Est. reading time":"1 minute"},"schema":{"@context":"https:\/\/schema.org","@graph":[{"@type":"WebPage","@id":"https:\/\/boat-service.ee\/en\/shop\/marine-electronics\/live-sonars\/garmin-live-sonar-en\/garmin-panoptix-livescope-system-transom-or-trolling-motor-mount\/","url":"https:\/\/boat-service.ee\/en\/shop\/marine-electronics\/live-sonars\/garmin-live-sonar-en\/garmin-panoptix-livescope-system-transom-or-trolling-motor-mount\/","name":"GARMIN Panoptix LiveScope\u2122 System Transom or Trolling Motor Mount - Boat Service Estonia","isPartOf":{"@id":"https:\/\/boat-service.ee\/en\/#website"},"primaryImageOfPage":{"@id":"https:\/\/boat-service.ee\/en\/shop\/marine-electronics\/live-sonars\/garmin-live-sonar-en\/garmin-panoptix-livescope-system-transom-or-trolling-motor-mount\/#primaryimage"},"image":{"@id":"https:\/\/boat-service.ee\/en\/shop\/marine-electronics\/live-sonars\/garmin-live-sonar-en\/garmin-panoptix-livescope-system-transom-or-trolling-motor-mount\/#primaryimage"},"thumbnailUrl":"https:\/\/boat-service.ee\/wp-content\/uploads\/2022\/01\/g1-67.jpg","datePublished":"2022-01-28T12:42:56+00:00","description":"Gamin Panoptics Livescope detailsed ja h\u00f5lpsasti t\u00f5lgendatavad skaneerivad sonaripildid n\u00e4itavad paadi \u00fcmber ja ees olevaid kalu reaalajas","breadcrumb":{"@id":"https:\/\/boat-service.ee\/en\/shop\/marine-electronics\/live-sonars\/garmin-live-sonar-en\/garmin-panoptix-livescope-system-transom-or-trolling-motor-mount\/#breadcrumb"},"inLanguage":"en-US","potentialAction":[{"@type":"ReadAction","target":["https:\/\/boat-service.ee\/en\/shop\/marine-electronics\/live-sonars\/garmin-live-sonar-en\/garmin-panoptix-livescope-system-transom-or-trolling-motor-mount\/"]}]},{"@type":"ImageObject","inLanguage":"en-US","@id":"https:\/\/boat-service.ee\/en\/shop\/marine-electronics\/live-sonars\/garmin-live-sonar-en\/garmin-panoptix-livescope-system-transom-or-trolling-motor-mount\/#primaryimage","url":"https:\/\/boat-service.ee\/wp-content\/uploads\/2022\/01\/g1-67.jpg","contentUrl":"https:\/\/boat-service.ee\/wp-content\/uploads\/2022\/01\/g1-67.jpg","width":600,"height":600},{"@type":"BreadcrumbList","@id":"https:\/\/boat-service.ee\/en\/shop\/marine-electronics\/live-sonars\/garmin-live-sonar-en\/garmin-panoptix-livescope-system-transom-or-trolling-motor-mount\/#breadcrumb","itemListElement":[{"@type":"ListItem","position":1,"name":"Home","item":"https:\/\/boat-service.ee\/en\/"},{"@type":"ListItem","position":2,"name":"Shop","item":"https:\/\/boat-service.ee\/en\/shop\/"},{"@type":"ListItem","position":3,"name":"GARMIN Panoptix LiveScope\u2122 System Transom or Trolling Motor Mount"}]},{"@type":"WebSite","@id":"https:\/\/boat-service.ee\/en\/#website","url":"https:\/\/boat-service.ee\/en\/","name":"Boat Service Estonia","description":"Boat Service Estonia - Mootorpaadid, treilerid, mootorid","publisher":{"@id":"https:\/\/boat-service.ee\/en\/#organization"},"potentialAction":[{"@type":"SearchAction","target":{"@type":"EntryPoint","urlTemplate":"https:\/\/boat-service.ee\/en\/?s={search_term_string}"},"query-input":{"@type":"PropertyValueSpecification","valueRequired":true,"valueName":"search_term_string"}}],"inLanguage":"en-US"},{"@type":"Organization","@id":"https:\/\/boat-service.ee\/en\/#organization","name":"KALASTUSPOOD O\u00dc","url":"https:\/\/boat-service.ee\/en\/","logo":{"@type":"ImageObject","inLanguage":"en-US","@id":"https:\/\/boat-service.ee\/en\/#\/schema\/logo\/image\/","url":"https:\/\/boat-service.ee\/wp-content\/uploads\/2023\/05\/impLogo.png","contentUrl":"https:\/\/boat-service.ee\/wp-content\/uploads\/2023\/05\/impLogo.png","width":270,"height":107,"caption":"KALASTUSPOOD O\u00dc"},"image":{"@id":"https:\/\/boat-service.ee\/en\/#\/schema\/logo\/image\/"},"sameAs":["https:\/\/www.facebook.com\/boatserviceestonia","https:\/\/www.instagram.com\/kalastus_ja_paadipood\/"]}]}},"_links":{"self":[{"href":"https:\/\/boat-service.ee\/en\/wp-json\/wp\/v2\/product\/95502","targetHints":{"allow":["GET"]}}],"collection":[{"href":"https:\/\/boat-service.ee\/en\/wp-json\/wp\/v2\/product"}],"about":[{"href":"https:\/\/boat-service.ee\/en\/wp-json\/wp\/v2\/types\/product"}],"wp:featuredmedia":[{"embeddable":true,"href":"https:\/\/boat-service.ee\/en\/wp-json\/wp\/v2\/media\/47408"}],"wp:attachment":[{"href":"https:\/\/boat-service.ee\/en\/wp-json\/wp\/v2\/media?parent=95502"}],"wp:term":[{"taxonomy":"product_brand","embeddable":true,"href":"https:\/\/boat-service.ee\/en\/wp-json\/wp\/v2\/product_brand?post=95502"},{"taxonomy":"product_cat","embeddable":true,"href":"https:\/\/boat-service.ee\/en\/wp-json\/wp\/v2\/product_cat?post=95502"},{"taxonomy":"product_tag","embeddable":true,"href":"https:\/\/boat-service.ee\/en\/wp-json\/wp\/v2\/product_tag?post=95502"}],"curies":[{"name":"wp","href":"https:\/\/api.w.org\/{rel}","templated":true}]}}