{"id":95501,"date":"2022-01-28T14:47:44","date_gmt":"2022-01-28T14:47:44","guid":{"rendered":"https:\/\/boat-service.ee\/pood\/uncategorized\/garmin-panoptix-ps22-tr-tranducer\/"},"modified":"2022-01-28T14:47:44","modified_gmt":"2022-01-28T12:47:44","slug":"garmin-panoptix-ps22-tr-tranducer","status":"publish","type":"product","link":"https:\/\/boat-service.ee\/en\/shop\/marine-electronics\/fishfinders-tranducers\/garmin-panoptix-ps22-tr-tranducer\/","title":{"rendered":"GARMIN Panoptix\u2122 PS22-TR tranducer"},"content":{"rendered":"<h2><strong>GARMIN Panoptix\u2122 PS22-TR Transducer<\/strong><\/h2>\n<div>Electric motor transducer with two Panoptix LiveV\u00fc modes<\/div>\n<div>LiveV\u00fc sonar shows structures and fish in front and around the boat<\/div>\n<div>LiveV\u00fc down-sonar shows under the boat and surroundings for vertical fishing and jigging<\/div>\n<div>Narrow beam angle (20 degrees) ensures sharp, precise, and clear imaging<\/div>\n<div>Mounts to electric motor tube or shaft<\/div>\n<div>Single-screw mounting for easy position adjustment<\/div>\n<div>Garmin is the first to introduce two Panoptix sonar modes on the same sonar transducer. The Panoptix sonar transducer is something you&#8217;ve never seen in the water before. It allows you to see around and under your boat in real-time up to 90 meters away.<\/div>\n<div><\/div>\n<div>Not just sonar, but Panoptix sonar<\/div>\n<div>Panoptix brings a completely new perspective to fishing. Other sounders only show prey that the transducer has already passed. The boat must be moving for the sonar to get images of the prey. So everything on screen is technically history. With Panoptix LiveV\u00fc Forward and LiveV\u00fc Down, the boat can be moving or stationary. You see underwater events in real-time, regardless of your electric motor&#8217;s direction.<\/div>\n<div>Panoptix brings new excitement to fishing<\/div>\n<div>You see your lure as it sinks, plus you see its depth and movement while reeling in. You see its movement relative to underwater structures. You see prey swimming and reacting to baitfish. When prey attacks, you see and feel it. When prey grabs the lure, you see it in real-time on the battle screen. Thanks to Panoptix LiveV\u00fc forward and LiveV\u00fc down transducers, you see everything up to 90 meters away from or under your boat.<\/div>\n","protected":false},"excerpt":{"rendered":"<p>GARMIN Panoptix\u2122 PS22-TR Transducer Electric motor transducer with two Panoptix LiveV\u00fc modes LiveV\u00fc sonar shows structures and fish in front and around the boat LiveV\u00fc down-sonar shows under the boat and surroundings for vertical fishing and jigging Narrow beam angle (20 degrees) ensures sharp, precise, and clear imaging Mounts to electric motor tube or shaft [&#8230;]\n","protected":false},"featured_media":47412,"template":"","meta":[],"product_brand":[],"product_cat":[2478],"product_tag":[1174],"class_list":{"0":"post-95501","1":"product","2":"type-product","3":"status-publish","4":"has-post-thumbnail","6":"product_cat-fishfinders-tranducers","7":"product_tag-garmin-en","8":"pa_brand-garmin","9":"tm-has-options","11":"first","12":"instock","13":"taxable","14":"shipping-taxable","15":"purchasable","16":"product-type-simple"},"yoast_head":"<!-- This site is optimized with the Yoast SEO plugin v27.2 - https:\/\/yoast.com\/product\/yoast-seo-wordpress\/ -->\n<title>GARMIN Panoptix\u2122 PS22-TR tranducer - Boat Service Estonia<\/title>\n<meta name=\"robots\" content=\"index, follow, max-snippet:-1, max-image-preview:large, max-video-preview:-1\" \/>\n<link rel=\"canonical\" href=\"https:\/\/boat-service.ee\/en\/shop\/marine-electronics\/fishfinders-tranducers\/garmin-panoptix-ps22-tr-tranducer\/\" \/>\n<meta property=\"og:locale\" content=\"en_US\" \/>\n<meta property=\"og:type\" content=\"article\" \/>\n<meta property=\"og:title\" content=\"GARMIN Panoptix\u2122 PS22-TR tranducer - Boat Service Estonia\" \/>\n<meta property=\"og:description\" content=\"GARMIN Panoptix\u2122 PS22-TR Transducer Electric motor transducer with two Panoptix LiveV\u00fc modes LiveV\u00fc sonar shows structures and fish in front and around the boat LiveV\u00fc down-sonar shows under the boat and surroundings for vertical fishing and jigging Narrow beam angle (20 degrees) ensures sharp, precise, and clear imaging Mounts to electric motor tube or shaft [...]\" \/>\n<meta property=\"og:url\" content=\"https:\/\/boat-service.ee\/en\/shop\/marine-electronics\/fishfinders-tranducers\/garmin-panoptix-ps22-tr-tranducer\/\" \/>\n<meta property=\"og:site_name\" content=\"Boat Service Estonia\" \/>\n<meta property=\"article:publisher\" content=\"https:\/\/www.facebook.com\/boatserviceestonia\" \/>\n<meta property=\"og:image\" content=\"https:\/\/boat-service.ee\/wp-content\/uploads\/2022\/01\/g1-68.jpg\" \/>\n\t<meta property=\"og:image:width\" content=\"600\" \/>\n\t<meta property=\"og:image:height\" content=\"600\" \/>\n\t<meta property=\"og:image:type\" content=\"image\/jpeg\" \/>\n<meta name=\"twitter:card\" content=\"summary_large_image\" \/>\n<meta name=\"twitter:label1\" content=\"Est. reading time\" \/>\n\t<meta name=\"twitter:data1\" content=\"1 minute\" \/>\n<script type=\"application\/ld+json\" class=\"yoast-schema-graph\">{\"@context\":\"https:\/\/schema.org\",\"@graph\":[{\"@type\":\"WebPage\",\"@id\":\"https:\/\/boat-service.ee\/en\/shop\/marine-electronics\/fishfinders-tranducers\/garmin-panoptix-ps22-tr-tranducer\/\",\"url\":\"https:\/\/boat-service.ee\/en\/shop\/marine-electronics\/fishfinders-tranducers\/garmin-panoptix-ps22-tr-tranducer\/\",\"name\":\"GARMIN Panoptix\u2122 PS22-TR tranducer - Boat Service Estonia\",\"isPartOf\":{\"@id\":\"https:\/\/boat-service.ee\/en\/#website\"},\"primaryImageOfPage\":{\"@id\":\"https:\/\/boat-service.ee\/en\/shop\/marine-electronics\/fishfinders-tranducers\/garmin-panoptix-ps22-tr-tranducer\/#primaryimage\"},\"image\":{\"@id\":\"https:\/\/boat-service.ee\/en\/shop\/marine-electronics\/fishfinders-tranducers\/garmin-panoptix-ps22-tr-tranducer\/#primaryimage\"},\"thumbnailUrl\":\"https:\/\/boat-service.ee\/wp-content\/uploads\/2022\/01\/g1-68.jpg\",\"datePublished\":\"2022-01-28T14:47:44+00:00\",\"breadcrumb\":{\"@id\":\"https:\/\/boat-service.ee\/en\/shop\/marine-electronics\/fishfinders-tranducers\/garmin-panoptix-ps22-tr-tranducer\/#breadcrumb\"},\"inLanguage\":\"en-US\",\"potentialAction\":[{\"@type\":\"ReadAction\",\"target\":[\"https:\/\/boat-service.ee\/en\/shop\/marine-electronics\/fishfinders-tranducers\/garmin-panoptix-ps22-tr-tranducer\/\"]}]},{\"@type\":\"ImageObject\",\"inLanguage\":\"en-US\",\"@id\":\"https:\/\/boat-service.ee\/en\/shop\/marine-electronics\/fishfinders-tranducers\/garmin-panoptix-ps22-tr-tranducer\/#primaryimage\",\"url\":\"https:\/\/boat-service.ee\/wp-content\/uploads\/2022\/01\/g1-68.jpg\",\"contentUrl\":\"https:\/\/boat-service.ee\/wp-content\/uploads\/2022\/01\/g1-68.jpg\",\"width\":600,\"height\":600},{\"@type\":\"BreadcrumbList\",\"@id\":\"https:\/\/boat-service.ee\/en\/shop\/marine-electronics\/fishfinders-tranducers\/garmin-panoptix-ps22-tr-tranducer\/#breadcrumb\",\"itemListElement\":[{\"@type\":\"ListItem\",\"position\":1,\"name\":\"Home\",\"item\":\"https:\/\/boat-service.ee\/en\/\"},{\"@type\":\"ListItem\",\"position\":2,\"name\":\"Shop\",\"item\":\"https:\/\/boat-service.ee\/en\/shop\/\"},{\"@type\":\"ListItem\",\"position\":3,\"name\":\"GARMIN Panoptix\u2122 PS22-TR tranducer\"}]},{\"@type\":\"WebSite\",\"@id\":\"https:\/\/boat-service.ee\/en\/#website\",\"url\":\"https:\/\/boat-service.ee\/en\/\",\"name\":\"Boat Service Estonia\",\"description\":\"Boat Service Estonia - Mootorpaadid, treilerid, mootorid\",\"publisher\":{\"@id\":\"https:\/\/boat-service.ee\/en\/#organization\"},\"potentialAction\":[{\"@type\":\"SearchAction\",\"target\":{\"@type\":\"EntryPoint\",\"urlTemplate\":\"https:\/\/boat-service.ee\/en\/?s={search_term_string}\"},\"query-input\":{\"@type\":\"PropertyValueSpecification\",\"valueRequired\":true,\"valueName\":\"search_term_string\"}}],\"inLanguage\":\"en-US\"},{\"@type\":\"Organization\",\"@id\":\"https:\/\/boat-service.ee\/en\/#organization\",\"name\":\"KALASTUSPOOD O\u00dc\",\"url\":\"https:\/\/boat-service.ee\/en\/\",\"logo\":{\"@type\":\"ImageObject\",\"inLanguage\":\"en-US\",\"@id\":\"https:\/\/boat-service.ee\/en\/#\/schema\/logo\/image\/\",\"url\":\"https:\/\/boat-service.ee\/wp-content\/uploads\/2023\/05\/impLogo.png\",\"contentUrl\":\"https:\/\/boat-service.ee\/wp-content\/uploads\/2023\/05\/impLogo.png\",\"width\":270,\"height\":107,\"caption\":\"KALASTUSPOOD O\u00dc\"},\"image\":{\"@id\":\"https:\/\/boat-service.ee\/en\/#\/schema\/logo\/image\/\"},\"sameAs\":[\"https:\/\/www.facebook.com\/boatserviceestonia\",\"https:\/\/www.instagram.com\/kalastus_ja_paadipood\/\"]}]}<\/script>\n<!-- \/ Yoast SEO plugin. -->","yoast_head_json":{"title":"GARMIN Panoptix\u2122 PS22-TR tranducer - Boat Service Estonia","robots":{"index":"index","follow":"follow","max-snippet":"max-snippet:-1","max-image-preview":"max-image-preview:large","max-video-preview":"max-video-preview:-1"},"canonical":"https:\/\/boat-service.ee\/en\/shop\/marine-electronics\/fishfinders-tranducers\/garmin-panoptix-ps22-tr-tranducer\/","og_locale":"en_US","og_type":"article","og_title":"GARMIN Panoptix\u2122 PS22-TR tranducer - Boat Service Estonia","og_description":"GARMIN Panoptix\u2122 PS22-TR Transducer Electric motor transducer with two Panoptix LiveV\u00fc modes LiveV\u00fc sonar shows structures and fish in front and around the boat LiveV\u00fc down-sonar shows under the boat and surroundings for vertical fishing and jigging Narrow beam angle (20 degrees) ensures sharp, precise, and clear imaging Mounts to electric motor tube or shaft [...]","og_url":"https:\/\/boat-service.ee\/en\/shop\/marine-electronics\/fishfinders-tranducers\/garmin-panoptix-ps22-tr-tranducer\/","og_site_name":"Boat Service Estonia","article_publisher":"https:\/\/www.facebook.com\/boatserviceestonia","og_image":[{"width":600,"height":600,"url":"https:\/\/boat-service.ee\/wp-content\/uploads\/2022\/01\/g1-68.jpg","type":"image\/jpeg"}],"twitter_card":"summary_large_image","twitter_misc":{"Est. reading time":"1 minute"},"schema":{"@context":"https:\/\/schema.org","@graph":[{"@type":"WebPage","@id":"https:\/\/boat-service.ee\/en\/shop\/marine-electronics\/fishfinders-tranducers\/garmin-panoptix-ps22-tr-tranducer\/","url":"https:\/\/boat-service.ee\/en\/shop\/marine-electronics\/fishfinders-tranducers\/garmin-panoptix-ps22-tr-tranducer\/","name":"GARMIN Panoptix\u2122 PS22-TR tranducer - Boat Service Estonia","isPartOf":{"@id":"https:\/\/boat-service.ee\/en\/#website"},"primaryImageOfPage":{"@id":"https:\/\/boat-service.ee\/en\/shop\/marine-electronics\/fishfinders-tranducers\/garmin-panoptix-ps22-tr-tranducer\/#primaryimage"},"image":{"@id":"https:\/\/boat-service.ee\/en\/shop\/marine-electronics\/fishfinders-tranducers\/garmin-panoptix-ps22-tr-tranducer\/#primaryimage"},"thumbnailUrl":"https:\/\/boat-service.ee\/wp-content\/uploads\/2022\/01\/g1-68.jpg","datePublished":"2022-01-28T14:47:44+00:00","breadcrumb":{"@id":"https:\/\/boat-service.ee\/en\/shop\/marine-electronics\/fishfinders-tranducers\/garmin-panoptix-ps22-tr-tranducer\/#breadcrumb"},"inLanguage":"en-US","potentialAction":[{"@type":"ReadAction","target":["https:\/\/boat-service.ee\/en\/shop\/marine-electronics\/fishfinders-tranducers\/garmin-panoptix-ps22-tr-tranducer\/"]}]},{"@type":"ImageObject","inLanguage":"en-US","@id":"https:\/\/boat-service.ee\/en\/shop\/marine-electronics\/fishfinders-tranducers\/garmin-panoptix-ps22-tr-tranducer\/#primaryimage","url":"https:\/\/boat-service.ee\/wp-content\/uploads\/2022\/01\/g1-68.jpg","contentUrl":"https:\/\/boat-service.ee\/wp-content\/uploads\/2022\/01\/g1-68.jpg","width":600,"height":600},{"@type":"BreadcrumbList","@id":"https:\/\/boat-service.ee\/en\/shop\/marine-electronics\/fishfinders-tranducers\/garmin-panoptix-ps22-tr-tranducer\/#breadcrumb","itemListElement":[{"@type":"ListItem","position":1,"name":"Home","item":"https:\/\/boat-service.ee\/en\/"},{"@type":"ListItem","position":2,"name":"Shop","item":"https:\/\/boat-service.ee\/en\/shop\/"},{"@type":"ListItem","position":3,"name":"GARMIN Panoptix\u2122 PS22-TR tranducer"}]},{"@type":"WebSite","@id":"https:\/\/boat-service.ee\/en\/#website","url":"https:\/\/boat-service.ee\/en\/","name":"Boat Service Estonia","description":"Boat Service Estonia - Mootorpaadid, treilerid, mootorid","publisher":{"@id":"https:\/\/boat-service.ee\/en\/#organization"},"potentialAction":[{"@type":"SearchAction","target":{"@type":"EntryPoint","urlTemplate":"https:\/\/boat-service.ee\/en\/?s={search_term_string}"},"query-input":{"@type":"PropertyValueSpecification","valueRequired":true,"valueName":"search_term_string"}}],"inLanguage":"en-US"},{"@type":"Organization","@id":"https:\/\/boat-service.ee\/en\/#organization","name":"KALASTUSPOOD O\u00dc","url":"https:\/\/boat-service.ee\/en\/","logo":{"@type":"ImageObject","inLanguage":"en-US","@id":"https:\/\/boat-service.ee\/en\/#\/schema\/logo\/image\/","url":"https:\/\/boat-service.ee\/wp-content\/uploads\/2023\/05\/impLogo.png","contentUrl":"https:\/\/boat-service.ee\/wp-content\/uploads\/2023\/05\/impLogo.png","width":270,"height":107,"caption":"KALASTUSPOOD O\u00dc"},"image":{"@id":"https:\/\/boat-service.ee\/en\/#\/schema\/logo\/image\/"},"sameAs":["https:\/\/www.facebook.com\/boatserviceestonia","https:\/\/www.instagram.com\/kalastus_ja_paadipood\/"]}]}},"_links":{"self":[{"href":"https:\/\/boat-service.ee\/en\/wp-json\/wp\/v2\/product\/95501","targetHints":{"allow":["GET"]}}],"collection":[{"href":"https:\/\/boat-service.ee\/en\/wp-json\/wp\/v2\/product"}],"about":[{"href":"https:\/\/boat-service.ee\/en\/wp-json\/wp\/v2\/types\/product"}],"wp:featuredmedia":[{"embeddable":true,"href":"https:\/\/boat-service.ee\/en\/wp-json\/wp\/v2\/media\/47412"}],"wp:attachment":[{"href":"https:\/\/boat-service.ee\/en\/wp-json\/wp\/v2\/media?parent=95501"}],"wp:term":[{"taxonomy":"product_brand","embeddable":true,"href":"https:\/\/boat-service.ee\/en\/wp-json\/wp\/v2\/product_brand?post=95501"},{"taxonomy":"product_cat","embeddable":true,"href":"https:\/\/boat-service.ee\/en\/wp-json\/wp\/v2\/product_cat?post=95501"},{"taxonomy":"product_tag","embeddable":true,"href":"https:\/\/boat-service.ee\/en\/wp-json\/wp\/v2\/product_tag?post=95501"}],"curies":[{"name":"wp","href":"https:\/\/api.w.org\/{rel}","templated":true}]}}