{"id":95500,"date":"2024-07-01T12:04:10","date_gmt":"2024-07-01T10:04:10","guid":{"rendered":"https:\/\/boat-service.ee\/pood\/uncategorized\/garmin-livescope-xr-susteem-koos-anduriga-gls-10-ja-lvs62\/"},"modified":"2024-07-01T12:04:10","modified_gmt":"2024-07-01T10:04:10","slug":"garmin-livescope-xr-susteem-koos-anduriga-gls-10-ja-lvs62","status":"publish","type":"product","link":"https:\/\/boat-service.ee\/en\/shop\/marine-electronics\/live-sonars\/garmin-live-sonar-en\/garmin-livescope-xr-susteem-koos-anduriga-gls-10-ja-lvs62\/","title":{"rendered":"Garmin LiveScope\u2122 XR-s\u00fcsteem (koos anduriga GLS 10\u2122 ja LVS62)"},"content":{"rendered":"<p><strong>Package includes:<\/strong><\/p>\n<p>LiveScope GLS 10 sonar black box<br \/>\nLiveScope XR LVS62 transducer<br \/>\nPerspective mode mount (for LiveScope XR LVS62 transducer only)<br \/>\nTrolling motor tube mount<br \/>\nShaft mount<br \/>\nPower cable<br \/>\n2-meter Garmin marine network cable (small connector)<br \/>\nNetwork adapter cable<br \/>\nDocumentation<\/p>\n","protected":false},"excerpt":{"rendered":"<p><strong>TECHNICAL SPECIFICATIONS<\/strong><\/p>\n<table>\n<tbody>\n<tr>\n<td>Beam Width<\/td>\n<td>20\u00b0 x 135\u00b0<\/td>\n<\/tr>\n<tr>\n<td>Cable Length<\/td>\n<td>20 feet<\/td>\n<\/tr>\n<tr>\n<td>Number of Beams<\/td>\n<td>21<\/td>\n<\/tr>\n<tr>\n<td>Physical Dimensions<\/td>\n<td>GLS 10 sonar black box: 9.7\u2033 x 5.9\u2033 x 2.6\u2033 (24.5 x 14.9 x 6.5 cm);<br \/>\nLVS62 transducer: 8.20\u2033 x 3.98\u2033 x 2.76\u2033 (20.8 x 10.1 x 7.0 cm)<\/td>\n<\/tr>\n<tr>\n<td>Weight<\/td>\n<td>GLS 10 sonar black box: 4.3 lbs (2.0 kg)<br \/>\nLVS62 transducer with cable: 3.92 lbs (1.78 kg)<br \/>\nLVS62 transducer without cable: 2.66 lbs (1.21 kg)<\/td>\n<\/tr>\n<tr>\n<td>Water Rating<\/td>\n<td>IPX7<\/td>\n<\/tr>\n<tr>\n<td>Temperature Range<\/td>\n<td>LVS62 transducer: operating temperature 0 C to 40 C<\/td>\n<\/tr>\n<tr>\n<td>Power Input<\/td>\n<td>10-32 V<\/td>\n<\/tr>\n<tr>\n<td>Power Usage<\/td>\n<td>21 W typical, 58 W max<\/td>\n<\/tr>\n<tr>\n<td>Fuse<\/td>\n<td>7.5 A<\/td>\n<\/tr>\n<tr>\n<td>Compass-safe Distance<\/td>\n<td>7\u2033 (0.18 m)<\/td>\n<\/tr>\n<tr>\n<td>Supported Frequencies<\/td>\n<td>282\u2013522 kHz<\/td>\n<\/tr>\n<tr>\n<td>Transmit Power<\/td>\n<td>500 W<\/td>\n<\/tr>\n<tr>\n<td>Maximum Depth<\/td>\n<td>Freshwater: down and forward 500&#8242; (152.0 m)<br \/>\nSaltwater: down and forward 350&#8242; (106.0 m)<\/td>\n<\/tr>\n<tr>\n<td>Sonar Type<\/td>\n<td>Live<\/td>\n<\/tr>\n<tr>\n<td>Target Separation @100&#8242;<\/td>\n<td>22\u2033<\/td>\n<\/tr>\n<tr>\n<td>Garmin Marine Network\u2122 Ports<\/td>\n<td>1 (small connector)<\/td>\n<\/tr>\n<\/tbody>\n<\/table>\n","protected":false},"featured_media":87242,"template":"","meta":[],"product_brand":[],"product_cat":[1175],"product_tag":[1174],"class_list":{"0":"post-95500","1":"product","2":"type-product","3":"status-publish","4":"has-post-thumbnail","6":"product_cat-garmin-live-sonar-en","7":"product_tag-garmin-en","8":"pa_brand-garmin","9":"tm-has-options","11":"first","12":"instock","13":"taxable","14":"shipping-taxable","15":"purchasable","16":"product-type-simple"},"yoast_head":"<!-- This site is optimized with the Yoast SEO plugin v27.2 - https:\/\/yoast.com\/product\/yoast-seo-wordpress\/ -->\n<title>Garmin LiveScope\u2122 XR-s\u00fcsteem (koos anduriga GLS 10\u2122 ja LVS62) - Boat Service Estonia<\/title>\n<meta name=\"description\" content=\"LiveScope XR System on uusim LiveScope\u2019i tehnoloogia, mis sobib n\u00fc\u00fcd nii ranniku- kui ka avaveep\u00fc\u00fcgiks. Garmini kvaliteet!\" \/>\n<meta name=\"robots\" content=\"index, follow, max-snippet:-1, max-image-preview:large, max-video-preview:-1\" \/>\n<link rel=\"canonical\" href=\"https:\/\/boat-service.ee\/en\/shop\/marine-electronics\/live-sonars\/garmin-live-sonar-en\/garmin-livescope-xr-susteem-koos-anduriga-gls-10-ja-lvs62\/\" \/>\n<meta property=\"og:locale\" content=\"en_US\" \/>\n<meta property=\"og:type\" content=\"article\" \/>\n<meta property=\"og:title\" content=\"Garmin LiveScope\u2122 XR-s\u00fcsteem (koos anduriga GLS 10\u2122 ja LVS62) - Boat Service Estonia\" \/>\n<meta property=\"og:description\" content=\"LiveScope XR System on uusim LiveScope\u2019i tehnoloogia, mis sobib n\u00fc\u00fcd nii ranniku- kui ka avaveep\u00fc\u00fcgiks. Garmini kvaliteet!\" \/>\n<meta property=\"og:url\" content=\"https:\/\/boat-service.ee\/en\/shop\/marine-electronics\/live-sonars\/garmin-live-sonar-en\/garmin-livescope-xr-susteem-koos-anduriga-gls-10-ja-lvs62\/\" \/>\n<meta property=\"og:site_name\" content=\"Boat Service Estonia\" \/>\n<meta property=\"article:publisher\" content=\"https:\/\/www.facebook.com\/boatserviceestonia\" \/>\n<meta property=\"og:image\" content=\"https:\/\/boat-service.ee\/wp-content\/uploads\/2024\/07\/010-02719-00-Garmin_livescope_xr.webp\" \/>\n\t<meta property=\"og:image:width\" content=\"880\" \/>\n\t<meta property=\"og:image:height\" content=\"763\" \/>\n\t<meta property=\"og:image:type\" content=\"image\/webp\" \/>\n<meta name=\"twitter:card\" content=\"summary_large_image\" \/>\n<script type=\"application\/ld+json\" class=\"yoast-schema-graph\">{\"@context\":\"https:\/\/schema.org\",\"@graph\":[{\"@type\":\"WebPage\",\"@id\":\"https:\/\/boat-service.ee\/en\/shop\/marine-electronics\/live-sonars\/garmin-live-sonar-en\/garmin-livescope-xr-susteem-koos-anduriga-gls-10-ja-lvs62\/\",\"url\":\"https:\/\/boat-service.ee\/en\/shop\/marine-electronics\/live-sonars\/garmin-live-sonar-en\/garmin-livescope-xr-susteem-koos-anduriga-gls-10-ja-lvs62\/\",\"name\":\"Garmin LiveScope\u2122 XR-s\u00fcsteem (koos anduriga GLS 10\u2122 ja LVS62) - Boat Service Estonia\",\"isPartOf\":{\"@id\":\"https:\/\/boat-service.ee\/en\/#website\"},\"primaryImageOfPage\":{\"@id\":\"https:\/\/boat-service.ee\/en\/shop\/marine-electronics\/live-sonars\/garmin-live-sonar-en\/garmin-livescope-xr-susteem-koos-anduriga-gls-10-ja-lvs62\/#primaryimage\"},\"image\":{\"@id\":\"https:\/\/boat-service.ee\/en\/shop\/marine-electronics\/live-sonars\/garmin-live-sonar-en\/garmin-livescope-xr-susteem-koos-anduriga-gls-10-ja-lvs62\/#primaryimage\"},\"thumbnailUrl\":\"https:\/\/boat-service.ee\/wp-content\/uploads\/2024\/07\/010-02719-00-Garmin_livescope_xr.webp\",\"datePublished\":\"2024-07-01T10:04:10+00:00\",\"description\":\"LiveScope XR System on uusim LiveScope\u2019i tehnoloogia, mis sobib n\u00fc\u00fcd nii ranniku- kui ka avaveep\u00fc\u00fcgiks. Garmini kvaliteet!\",\"breadcrumb\":{\"@id\":\"https:\/\/boat-service.ee\/en\/shop\/marine-electronics\/live-sonars\/garmin-live-sonar-en\/garmin-livescope-xr-susteem-koos-anduriga-gls-10-ja-lvs62\/#breadcrumb\"},\"inLanguage\":\"en-US\",\"potentialAction\":[{\"@type\":\"ReadAction\",\"target\":[\"https:\/\/boat-service.ee\/en\/shop\/marine-electronics\/live-sonars\/garmin-live-sonar-en\/garmin-livescope-xr-susteem-koos-anduriga-gls-10-ja-lvs62\/\"]}]},{\"@type\":\"ImageObject\",\"inLanguage\":\"en-US\",\"@id\":\"https:\/\/boat-service.ee\/en\/shop\/marine-electronics\/live-sonars\/garmin-live-sonar-en\/garmin-livescope-xr-susteem-koos-anduriga-gls-10-ja-lvs62\/#primaryimage\",\"url\":\"https:\/\/boat-service.ee\/wp-content\/uploads\/2024\/07\/010-02719-00-Garmin_livescope_xr.webp\",\"contentUrl\":\"https:\/\/boat-service.ee\/wp-content\/uploads\/2024\/07\/010-02719-00-Garmin_livescope_xr.webp\",\"width\":880,\"height\":763,\"caption\":\"Garmin live andur\"},{\"@type\":\"BreadcrumbList\",\"@id\":\"https:\/\/boat-service.ee\/en\/shop\/marine-electronics\/live-sonars\/garmin-live-sonar-en\/garmin-livescope-xr-susteem-koos-anduriga-gls-10-ja-lvs62\/#breadcrumb\",\"itemListElement\":[{\"@type\":\"ListItem\",\"position\":1,\"name\":\"Home\",\"item\":\"https:\/\/boat-service.ee\/en\/\"},{\"@type\":\"ListItem\",\"position\":2,\"name\":\"Shop\",\"item\":\"https:\/\/boat-service.ee\/en\/shop\/\"},{\"@type\":\"ListItem\",\"position\":3,\"name\":\"Garmin LiveScope\u2122 XR-s\u00fcsteem (koos anduriga GLS 10\u2122 ja LVS62)\"}]},{\"@type\":\"WebSite\",\"@id\":\"https:\/\/boat-service.ee\/en\/#website\",\"url\":\"https:\/\/boat-service.ee\/en\/\",\"name\":\"Boat Service Estonia\",\"description\":\"Boat Service Estonia - Mootorpaadid, treilerid, mootorid\",\"publisher\":{\"@id\":\"https:\/\/boat-service.ee\/en\/#organization\"},\"potentialAction\":[{\"@type\":\"SearchAction\",\"target\":{\"@type\":\"EntryPoint\",\"urlTemplate\":\"https:\/\/boat-service.ee\/en\/?s={search_term_string}\"},\"query-input\":{\"@type\":\"PropertyValueSpecification\",\"valueRequired\":true,\"valueName\":\"search_term_string\"}}],\"inLanguage\":\"en-US\"},{\"@type\":\"Organization\",\"@id\":\"https:\/\/boat-service.ee\/en\/#organization\",\"name\":\"KALASTUSPOOD O\u00dc\",\"url\":\"https:\/\/boat-service.ee\/en\/\",\"logo\":{\"@type\":\"ImageObject\",\"inLanguage\":\"en-US\",\"@id\":\"https:\/\/boat-service.ee\/en\/#\/schema\/logo\/image\/\",\"url\":\"https:\/\/boat-service.ee\/wp-content\/uploads\/2023\/05\/impLogo.png\",\"contentUrl\":\"https:\/\/boat-service.ee\/wp-content\/uploads\/2023\/05\/impLogo.png\",\"width\":270,\"height\":107,\"caption\":\"KALASTUSPOOD O\u00dc\"},\"image\":{\"@id\":\"https:\/\/boat-service.ee\/en\/#\/schema\/logo\/image\/\"},\"sameAs\":[\"https:\/\/www.facebook.com\/boatserviceestonia\",\"https:\/\/www.instagram.com\/kalastus_ja_paadipood\/\"]}]}<\/script>\n<!-- \/ Yoast SEO plugin. -->","yoast_head_json":{"title":"Garmin LiveScope\u2122 XR-s\u00fcsteem (koos anduriga GLS 10\u2122 ja LVS62) - Boat Service Estonia","description":"LiveScope XR System on uusim LiveScope\u2019i tehnoloogia, mis sobib n\u00fc\u00fcd nii ranniku- kui ka avaveep\u00fc\u00fcgiks. Garmini kvaliteet!","robots":{"index":"index","follow":"follow","max-snippet":"max-snippet:-1","max-image-preview":"max-image-preview:large","max-video-preview":"max-video-preview:-1"},"canonical":"https:\/\/boat-service.ee\/en\/shop\/marine-electronics\/live-sonars\/garmin-live-sonar-en\/garmin-livescope-xr-susteem-koos-anduriga-gls-10-ja-lvs62\/","og_locale":"en_US","og_type":"article","og_title":"Garmin LiveScope\u2122 XR-s\u00fcsteem (koos anduriga GLS 10\u2122 ja LVS62) - Boat Service Estonia","og_description":"LiveScope XR System on uusim LiveScope\u2019i tehnoloogia, mis sobib n\u00fc\u00fcd nii ranniku- kui ka avaveep\u00fc\u00fcgiks. Garmini kvaliteet!","og_url":"https:\/\/boat-service.ee\/en\/shop\/marine-electronics\/live-sonars\/garmin-live-sonar-en\/garmin-livescope-xr-susteem-koos-anduriga-gls-10-ja-lvs62\/","og_site_name":"Boat Service Estonia","article_publisher":"https:\/\/www.facebook.com\/boatserviceestonia","og_image":[{"width":880,"height":763,"url":"https:\/\/boat-service.ee\/wp-content\/uploads\/2024\/07\/010-02719-00-Garmin_livescope_xr.webp","type":"image\/webp"}],"twitter_card":"summary_large_image","schema":{"@context":"https:\/\/schema.org","@graph":[{"@type":"WebPage","@id":"https:\/\/boat-service.ee\/en\/shop\/marine-electronics\/live-sonars\/garmin-live-sonar-en\/garmin-livescope-xr-susteem-koos-anduriga-gls-10-ja-lvs62\/","url":"https:\/\/boat-service.ee\/en\/shop\/marine-electronics\/live-sonars\/garmin-live-sonar-en\/garmin-livescope-xr-susteem-koos-anduriga-gls-10-ja-lvs62\/","name":"Garmin LiveScope\u2122 XR-s\u00fcsteem (koos anduriga GLS 10\u2122 ja LVS62) - Boat Service Estonia","isPartOf":{"@id":"https:\/\/boat-service.ee\/en\/#website"},"primaryImageOfPage":{"@id":"https:\/\/boat-service.ee\/en\/shop\/marine-electronics\/live-sonars\/garmin-live-sonar-en\/garmin-livescope-xr-susteem-koos-anduriga-gls-10-ja-lvs62\/#primaryimage"},"image":{"@id":"https:\/\/boat-service.ee\/en\/shop\/marine-electronics\/live-sonars\/garmin-live-sonar-en\/garmin-livescope-xr-susteem-koos-anduriga-gls-10-ja-lvs62\/#primaryimage"},"thumbnailUrl":"https:\/\/boat-service.ee\/wp-content\/uploads\/2024\/07\/010-02719-00-Garmin_livescope_xr.webp","datePublished":"2024-07-01T10:04:10+00:00","description":"LiveScope XR System on uusim LiveScope\u2019i tehnoloogia, mis sobib n\u00fc\u00fcd nii ranniku- kui ka avaveep\u00fc\u00fcgiks. Garmini kvaliteet!","breadcrumb":{"@id":"https:\/\/boat-service.ee\/en\/shop\/marine-electronics\/live-sonars\/garmin-live-sonar-en\/garmin-livescope-xr-susteem-koos-anduriga-gls-10-ja-lvs62\/#breadcrumb"},"inLanguage":"en-US","potentialAction":[{"@type":"ReadAction","target":["https:\/\/boat-service.ee\/en\/shop\/marine-electronics\/live-sonars\/garmin-live-sonar-en\/garmin-livescope-xr-susteem-koos-anduriga-gls-10-ja-lvs62\/"]}]},{"@type":"ImageObject","inLanguage":"en-US","@id":"https:\/\/boat-service.ee\/en\/shop\/marine-electronics\/live-sonars\/garmin-live-sonar-en\/garmin-livescope-xr-susteem-koos-anduriga-gls-10-ja-lvs62\/#primaryimage","url":"https:\/\/boat-service.ee\/wp-content\/uploads\/2024\/07\/010-02719-00-Garmin_livescope_xr.webp","contentUrl":"https:\/\/boat-service.ee\/wp-content\/uploads\/2024\/07\/010-02719-00-Garmin_livescope_xr.webp","width":880,"height":763,"caption":"Garmin live andur"},{"@type":"BreadcrumbList","@id":"https:\/\/boat-service.ee\/en\/shop\/marine-electronics\/live-sonars\/garmin-live-sonar-en\/garmin-livescope-xr-susteem-koos-anduriga-gls-10-ja-lvs62\/#breadcrumb","itemListElement":[{"@type":"ListItem","position":1,"name":"Home","item":"https:\/\/boat-service.ee\/en\/"},{"@type":"ListItem","position":2,"name":"Shop","item":"https:\/\/boat-service.ee\/en\/shop\/"},{"@type":"ListItem","position":3,"name":"Garmin LiveScope\u2122 XR-s\u00fcsteem (koos anduriga GLS 10\u2122 ja LVS62)"}]},{"@type":"WebSite","@id":"https:\/\/boat-service.ee\/en\/#website","url":"https:\/\/boat-service.ee\/en\/","name":"Boat Service Estonia","description":"Boat Service Estonia - Mootorpaadid, treilerid, mootorid","publisher":{"@id":"https:\/\/boat-service.ee\/en\/#organization"},"potentialAction":[{"@type":"SearchAction","target":{"@type":"EntryPoint","urlTemplate":"https:\/\/boat-service.ee\/en\/?s={search_term_string}"},"query-input":{"@type":"PropertyValueSpecification","valueRequired":true,"valueName":"search_term_string"}}],"inLanguage":"en-US"},{"@type":"Organization","@id":"https:\/\/boat-service.ee\/en\/#organization","name":"KALASTUSPOOD O\u00dc","url":"https:\/\/boat-service.ee\/en\/","logo":{"@type":"ImageObject","inLanguage":"en-US","@id":"https:\/\/boat-service.ee\/en\/#\/schema\/logo\/image\/","url":"https:\/\/boat-service.ee\/wp-content\/uploads\/2023\/05\/impLogo.png","contentUrl":"https:\/\/boat-service.ee\/wp-content\/uploads\/2023\/05\/impLogo.png","width":270,"height":107,"caption":"KALASTUSPOOD O\u00dc"},"image":{"@id":"https:\/\/boat-service.ee\/en\/#\/schema\/logo\/image\/"},"sameAs":["https:\/\/www.facebook.com\/boatserviceestonia","https:\/\/www.instagram.com\/kalastus_ja_paadipood\/"]}]}},"_links":{"self":[{"href":"https:\/\/boat-service.ee\/en\/wp-json\/wp\/v2\/product\/95500","targetHints":{"allow":["GET"]}}],"collection":[{"href":"https:\/\/boat-service.ee\/en\/wp-json\/wp\/v2\/product"}],"about":[{"href":"https:\/\/boat-service.ee\/en\/wp-json\/wp\/v2\/types\/product"}],"wp:featuredmedia":[{"embeddable":true,"href":"https:\/\/boat-service.ee\/en\/wp-json\/wp\/v2\/media\/87242"}],"wp:attachment":[{"href":"https:\/\/boat-service.ee\/en\/wp-json\/wp\/v2\/media?parent=95500"}],"wp:term":[{"taxonomy":"product_brand","embeddable":true,"href":"https:\/\/boat-service.ee\/en\/wp-json\/wp\/v2\/product_brand?post=95500"},{"taxonomy":"product_cat","embeddable":true,"href":"https:\/\/boat-service.ee\/en\/wp-json\/wp\/v2\/product_cat?post=95500"},{"taxonomy":"product_tag","embeddable":true,"href":"https:\/\/boat-service.ee\/en\/wp-json\/wp\/v2\/product_tag?post=95500"}],"curies":[{"name":"wp","href":"https:\/\/api.w.org\/{rel}","templated":true}]}}