{"id":94163,"date":"2024-08-01T11:56:40","date_gmt":"2024-08-01T09:56:40","guid":{"rendered":"https:\/\/boat-service.ee\/pood\/uncategorized\/garmin-echomap-ultra-2-12-chartplotters\/"},"modified":"2025-12-16T12:15:07","modified_gmt":"2025-12-16T10:15:07","slug":"garmin-echomap-ultra-2-12-chartplotters","status":"publish","type":"product","link":"https:\/\/boat-service.ee\/en\/shop\/marine-electronics\/chartplotters-and-fishfinders\/garmin-chartplotters-and-fishfinders\/garmin-echomap-ultra-2-12-chartplotters\/","title":{"rendered":"GARMIN ECHOMAP\u2122 Ultra 2 12&#8243; chartplotters"},"content":{"rendered":"<p><strong>ALL THE ESSENTIAL TOOLS FOR SUCCESSFUL FISHING<\/strong><br \/>\nThese versatile chartplotters with large, bright and sunlight-readable touchscreens put fishfinder functions at your fingertips. They support Garmin Navionics+\u2122 and Garmin Navionics Vision+\u2122 charts, and the transducer bundle adds Ultra HD scanning sonars and traditional CHIRP sonars.<\/p>\n<p>10\u2033 OR 12\u2033 TOUCHSCREENS<\/p>\n<p>SUPPORTS LIVESCOPE\u21221 SONAR<\/p>\n<p>SUPPORTS GARMIN NAVIONICS+\u2122 AND GARMIN NAVIONICS VISION+\u2122 CHARTS<\/p>\n<p>WIRELESS &#8211; SHARE SONAR, WAYPOINTS AND ROUTES2<\/p>\n<p>CAPTURE SCREENSHOTS TO SHARE YOUR CATCHES<\/p>\n<p>MULTI-BAND GPS FOR BETTER POSITIONING ACCURACY<\/p>\n<table style=\"border-collapse: collapse; width: auto;\">\n<caption style=\"font-weight: bold; margin-bottom: 10px;\">Technical Specifications<\/caption>\n<tbody>\n<tr>\n<td style=\"border: 1px solid black; padding: 5px 10px; white-space: nowrap;\">Physical dimensions<\/td>\n<td style=\"border: 1px solid black; padding: 5px 10px;\">34.1 x 22.9 x 9.8 cm (13.4\u2033 x 9\u2033 x 3.9\u2033)<\/td>\n<\/tr>\n<tr>\n<td style=\"border: 1px solid black; padding: 5px 10px; white-space: nowrap;\">Weight<\/td>\n<td style=\"border: 1px solid black; padding: 5px 10px;\">2.5 kg (5.5 lbs)<\/td>\n<\/tr>\n<tr>\n<td style=\"border: 1px solid black; padding: 5px 10px; white-space: nowrap;\">Water rating<\/td>\n<td style=\"border: 1px solid black; padding: 5px 10px;\">IPX7<\/td>\n<\/tr>\n<tr>\n<td style=\"border: 1px solid black; padding: 5px 10px; white-space: nowrap;\">Touchscreen<\/td>\n<td style=\"border: 1px solid black; padding: 5px 10px;\"><\/td>\n<\/tr>\n<tr>\n<td style=\"border: 1px solid black; padding: 5px 10px; white-space: nowrap;\">Display type<\/td>\n<td style=\"border: 1px solid black; padding: 5px 10px;\">WXGA, IPS<\/td>\n<\/tr>\n<tr>\n<td style=\"border: 1px solid black; padding: 5px 10px; white-space: nowrap;\">Display size<\/td>\n<td style=\"border: 1px solid black; padding: 5px 10px;\">26.1 x 16.3 cm; 30.7 cm diagonal (10.3\u2033 x 6.4\u2033; 12.1\u2033 diagonal)<\/td>\n<\/tr>\n<tr>\n<td style=\"border: 1px solid black; padding: 5px 10px; white-space: nowrap;\">Display resolution<\/td>\n<td style=\"border: 1px solid black; padding: 5px 10px;\">1280 x 800 pixels<\/td>\n<\/tr>\n<tr>\n<td style=\"border: 1px solid black; padding: 5px 10px; white-space: nowrap;\">Mounting options<\/td>\n<td style=\"border: 1px solid black; padding: 5px 10px;\">Bail or flush mount<\/td>\n<\/tr>\n<tr>\n<td style=\"border: 1px solid black; padding: 5px 10px; white-space: nowrap;\">Controls<\/td>\n<td style=\"border: 1px solid black; padding: 5px 10px;\">Keyed touchscreen<\/td>\n<\/tr>\n<\/tbody>\n<\/table>\n","protected":false},"excerpt":{"rendered":"<p><strong>K\u00d5IK VAJALIKUD VAHENDID EDUKA KALAP\u00dc\u00dcGI JAOKS<\/strong><br \/>\nNende suurte, eredate ja p\u00e4ikesevalguses loetavate puuteekraanidega mitmek\u00fclgsete kaardiplotterite abil on kalaleidja funktsioonid otse sinu k\u00e4eulatuses.<\/p>\n","protected":false},"featured_media":87648,"template":"","meta":[],"product_brand":[],"product_cat":[2376],"product_tag":[1174],"class_list":{"0":"post-94163","1":"product","2":"type-product","3":"status-publish","4":"has-post-thumbnail","6":"product_cat-garmin-chartplotters-and-fishfinders","7":"product_tag-garmin-en","8":"pa_brand-garmin","9":"pa_ekraani-suurus-1183","10":"tm-no-options","12":"first","13":"instock","14":"sale","15":"taxable","16":"shipping-taxable","17":"purchasable","18":"product-type-variable","19":"has-default-attributes"},"yoast_head":"<!-- This site is optimized with the Yoast SEO plugin v27.2 - https:\/\/yoast.com\/product\/yoast-seo-wordpress\/ -->\n<title>GARMIN ECHOMAP\u2122 Ultra 2 12&quot; chartplotters - Boat Service Estonia<\/title>\n<meta name=\"robots\" content=\"index, follow, max-snippet:-1, max-image-preview:large, max-video-preview:-1\" \/>\n<link rel=\"canonical\" href=\"https:\/\/boat-service.ee\/en\/shop\/marine-electronics\/chartplotters-and-fishfinders\/garmin-chartplotters-and-fishfinders\/garmin-echomap-ultra-2-12-chartplotters\/\" \/>\n<meta property=\"og:locale\" content=\"en_US\" \/>\n<meta property=\"og:type\" content=\"article\" \/>\n<meta property=\"og:title\" content=\"GARMIN ECHOMAP\u2122 Ultra 2 12&quot; chartplotters - Boat Service Estonia\" \/>\n<meta property=\"og:description\" content=\"K\u00d5IK VAJALIKUD VAHENDID EDUKA KALAP\u00dc\u00dcGI JAOKS Nende suurte, eredate ja p\u00e4ikesevalguses loetavate puuteekraanidega mitmek\u00fclgsete kaardiplotterite abil on kalaleidja funktsioonid otse sinu k\u00e4eulatuses.\" \/>\n<meta property=\"og:url\" content=\"https:\/\/boat-service.ee\/en\/shop\/marine-electronics\/chartplotters-and-fishfinders\/garmin-chartplotters-and-fishfinders\/garmin-echomap-ultra-2-12-chartplotters\/\" \/>\n<meta property=\"og:site_name\" content=\"Boat Service Estonia\" \/>\n<meta property=\"article:publisher\" content=\"https:\/\/www.facebook.com\/boatserviceestonia\" \/>\n<meta property=\"article:modified_time\" content=\"2025-12-16T10:15:07+00:00\" \/>\n<meta property=\"og:image\" content=\"https:\/\/boat-service.ee\/wp-content\/uploads\/2024\/08\/Garmin-ECHOMAP\u2122-Ultra-2-12-kaardiplotterid-6.jpg\" \/>\n\t<meta property=\"og:image:width\" content=\"1080\" \/>\n\t<meta property=\"og:image:height\" content=\"699\" \/>\n\t<meta property=\"og:image:type\" content=\"image\/jpeg\" \/>\n<meta name=\"twitter:card\" content=\"summary_large_image\" \/>\n<meta name=\"twitter:label1\" content=\"Est. reading time\" \/>\n\t<meta name=\"twitter:data1\" content=\"1 minute\" \/>\n<script type=\"application\/ld+json\" class=\"yoast-schema-graph\">{\"@context\":\"https:\/\/schema.org\",\"@graph\":[{\"@type\":\"WebPage\",\"@id\":\"https:\/\/boat-service.ee\/en\/shop\/marine-electronics\/chartplotters-and-fishfinders\/garmin-chartplotters-and-fishfinders\/garmin-echomap-ultra-2-12-chartplotters\/\",\"url\":\"https:\/\/boat-service.ee\/en\/shop\/marine-electronics\/chartplotters-and-fishfinders\/garmin-chartplotters-and-fishfinders\/garmin-echomap-ultra-2-12-chartplotters\/\",\"name\":\"GARMIN ECHOMAP\u2122 Ultra 2 12\\\" chartplotters - Boat Service Estonia\",\"isPartOf\":{\"@id\":\"https:\/\/boat-service.ee\/en\/#website\"},\"primaryImageOfPage\":{\"@id\":\"https:\/\/boat-service.ee\/en\/shop\/marine-electronics\/chartplotters-and-fishfinders\/garmin-chartplotters-and-fishfinders\/garmin-echomap-ultra-2-12-chartplotters\/#primaryimage\"},\"image\":{\"@id\":\"https:\/\/boat-service.ee\/en\/shop\/marine-electronics\/chartplotters-and-fishfinders\/garmin-chartplotters-and-fishfinders\/garmin-echomap-ultra-2-12-chartplotters\/#primaryimage\"},\"thumbnailUrl\":\"https:\/\/boat-service.ee\/wp-content\/uploads\/2024\/08\/Garmin-ECHOMAP\u2122-Ultra-2-12-kaardiplotterid-6.jpg\",\"datePublished\":\"2024-08-01T09:56:40+00:00\",\"dateModified\":\"2025-12-16T10:15:07+00:00\",\"breadcrumb\":{\"@id\":\"https:\/\/boat-service.ee\/en\/shop\/marine-electronics\/chartplotters-and-fishfinders\/garmin-chartplotters-and-fishfinders\/garmin-echomap-ultra-2-12-chartplotters\/#breadcrumb\"},\"inLanguage\":\"en-US\",\"potentialAction\":[{\"@type\":\"ReadAction\",\"target\":[\"https:\/\/boat-service.ee\/en\/shop\/marine-electronics\/chartplotters-and-fishfinders\/garmin-chartplotters-and-fishfinders\/garmin-echomap-ultra-2-12-chartplotters\/\"]}]},{\"@type\":\"ImageObject\",\"inLanguage\":\"en-US\",\"@id\":\"https:\/\/boat-service.ee\/en\/shop\/marine-electronics\/chartplotters-and-fishfinders\/garmin-chartplotters-and-fishfinders\/garmin-echomap-ultra-2-12-chartplotters\/#primaryimage\",\"url\":\"https:\/\/boat-service.ee\/wp-content\/uploads\/2024\/08\/Garmin-ECHOMAP\u2122-Ultra-2-12-kaardiplotterid-6.jpg\",\"contentUrl\":\"https:\/\/boat-service.ee\/wp-content\/uploads\/2024\/08\/Garmin-ECHOMAP\u2122-Ultra-2-12-kaardiplotterid-6.jpg\",\"width\":1080,\"height\":699,\"caption\":\"Garmin Echomap\"},{\"@type\":\"BreadcrumbList\",\"@id\":\"https:\/\/boat-service.ee\/en\/shop\/marine-electronics\/chartplotters-and-fishfinders\/garmin-chartplotters-and-fishfinders\/garmin-echomap-ultra-2-12-chartplotters\/#breadcrumb\",\"itemListElement\":[{\"@type\":\"ListItem\",\"position\":1,\"name\":\"Home\",\"item\":\"https:\/\/boat-service.ee\/en\/\"},{\"@type\":\"ListItem\",\"position\":2,\"name\":\"Shop\",\"item\":\"https:\/\/boat-service.ee\/en\/shop\/\"},{\"@type\":\"ListItem\",\"position\":3,\"name\":\"GARMIN ECHOMAP\u2122 Ultra 2 12&#8243; chartplotters\"}]},{\"@type\":\"WebSite\",\"@id\":\"https:\/\/boat-service.ee\/en\/#website\",\"url\":\"https:\/\/boat-service.ee\/en\/\",\"name\":\"Boat Service Estonia\",\"description\":\"Boat Service Estonia - Mootorpaadid, treilerid, mootorid\",\"publisher\":{\"@id\":\"https:\/\/boat-service.ee\/en\/#organization\"},\"potentialAction\":[{\"@type\":\"SearchAction\",\"target\":{\"@type\":\"EntryPoint\",\"urlTemplate\":\"https:\/\/boat-service.ee\/en\/?s={search_term_string}\"},\"query-input\":{\"@type\":\"PropertyValueSpecification\",\"valueRequired\":true,\"valueName\":\"search_term_string\"}}],\"inLanguage\":\"en-US\"},{\"@type\":\"Organization\",\"@id\":\"https:\/\/boat-service.ee\/en\/#organization\",\"name\":\"KALASTUSPOOD O\u00dc\",\"url\":\"https:\/\/boat-service.ee\/en\/\",\"logo\":{\"@type\":\"ImageObject\",\"inLanguage\":\"en-US\",\"@id\":\"https:\/\/boat-service.ee\/en\/#\/schema\/logo\/image\/\",\"url\":\"https:\/\/boat-service.ee\/wp-content\/uploads\/2023\/05\/impLogo.png\",\"contentUrl\":\"https:\/\/boat-service.ee\/wp-content\/uploads\/2023\/05\/impLogo.png\",\"width\":270,\"height\":107,\"caption\":\"KALASTUSPOOD O\u00dc\"},\"image\":{\"@id\":\"https:\/\/boat-service.ee\/en\/#\/schema\/logo\/image\/\"},\"sameAs\":[\"https:\/\/www.facebook.com\/boatserviceestonia\",\"https:\/\/www.instagram.com\/kalastus_ja_paadipood\/\"]}]}<\/script>\n<!-- \/ Yoast SEO plugin. -->","yoast_head_json":{"title":"GARMIN ECHOMAP\u2122 Ultra 2 12\" chartplotters - Boat Service Estonia","robots":{"index":"index","follow":"follow","max-snippet":"max-snippet:-1","max-image-preview":"max-image-preview:large","max-video-preview":"max-video-preview:-1"},"canonical":"https:\/\/boat-service.ee\/en\/shop\/marine-electronics\/chartplotters-and-fishfinders\/garmin-chartplotters-and-fishfinders\/garmin-echomap-ultra-2-12-chartplotters\/","og_locale":"en_US","og_type":"article","og_title":"GARMIN ECHOMAP\u2122 Ultra 2 12\" chartplotters - Boat Service Estonia","og_description":"K\u00d5IK VAJALIKUD VAHENDID EDUKA KALAP\u00dc\u00dcGI JAOKS Nende suurte, eredate ja p\u00e4ikesevalguses loetavate puuteekraanidega mitmek\u00fclgsete kaardiplotterite abil on kalaleidja funktsioonid otse sinu k\u00e4eulatuses.","og_url":"https:\/\/boat-service.ee\/en\/shop\/marine-electronics\/chartplotters-and-fishfinders\/garmin-chartplotters-and-fishfinders\/garmin-echomap-ultra-2-12-chartplotters\/","og_site_name":"Boat Service Estonia","article_publisher":"https:\/\/www.facebook.com\/boatserviceestonia","article_modified_time":"2025-12-16T10:15:07+00:00","og_image":[{"width":1080,"height":699,"url":"https:\/\/boat-service.ee\/wp-content\/uploads\/2024\/08\/Garmin-ECHOMAP\u2122-Ultra-2-12-kaardiplotterid-6.jpg","type":"image\/jpeg"}],"twitter_card":"summary_large_image","twitter_misc":{"Est. reading time":"1 minute"},"schema":{"@context":"https:\/\/schema.org","@graph":[{"@type":"WebPage","@id":"https:\/\/boat-service.ee\/en\/shop\/marine-electronics\/chartplotters-and-fishfinders\/garmin-chartplotters-and-fishfinders\/garmin-echomap-ultra-2-12-chartplotters\/","url":"https:\/\/boat-service.ee\/en\/shop\/marine-electronics\/chartplotters-and-fishfinders\/garmin-chartplotters-and-fishfinders\/garmin-echomap-ultra-2-12-chartplotters\/","name":"GARMIN ECHOMAP\u2122 Ultra 2 12\" chartplotters - Boat Service Estonia","isPartOf":{"@id":"https:\/\/boat-service.ee\/en\/#website"},"primaryImageOfPage":{"@id":"https:\/\/boat-service.ee\/en\/shop\/marine-electronics\/chartplotters-and-fishfinders\/garmin-chartplotters-and-fishfinders\/garmin-echomap-ultra-2-12-chartplotters\/#primaryimage"},"image":{"@id":"https:\/\/boat-service.ee\/en\/shop\/marine-electronics\/chartplotters-and-fishfinders\/garmin-chartplotters-and-fishfinders\/garmin-echomap-ultra-2-12-chartplotters\/#primaryimage"},"thumbnailUrl":"https:\/\/boat-service.ee\/wp-content\/uploads\/2024\/08\/Garmin-ECHOMAP\u2122-Ultra-2-12-kaardiplotterid-6.jpg","datePublished":"2024-08-01T09:56:40+00:00","dateModified":"2025-12-16T10:15:07+00:00","breadcrumb":{"@id":"https:\/\/boat-service.ee\/en\/shop\/marine-electronics\/chartplotters-and-fishfinders\/garmin-chartplotters-and-fishfinders\/garmin-echomap-ultra-2-12-chartplotters\/#breadcrumb"},"inLanguage":"en-US","potentialAction":[{"@type":"ReadAction","target":["https:\/\/boat-service.ee\/en\/shop\/marine-electronics\/chartplotters-and-fishfinders\/garmin-chartplotters-and-fishfinders\/garmin-echomap-ultra-2-12-chartplotters\/"]}]},{"@type":"ImageObject","inLanguage":"en-US","@id":"https:\/\/boat-service.ee\/en\/shop\/marine-electronics\/chartplotters-and-fishfinders\/garmin-chartplotters-and-fishfinders\/garmin-echomap-ultra-2-12-chartplotters\/#primaryimage","url":"https:\/\/boat-service.ee\/wp-content\/uploads\/2024\/08\/Garmin-ECHOMAP\u2122-Ultra-2-12-kaardiplotterid-6.jpg","contentUrl":"https:\/\/boat-service.ee\/wp-content\/uploads\/2024\/08\/Garmin-ECHOMAP\u2122-Ultra-2-12-kaardiplotterid-6.jpg","width":1080,"height":699,"caption":"Garmin Echomap"},{"@type":"BreadcrumbList","@id":"https:\/\/boat-service.ee\/en\/shop\/marine-electronics\/chartplotters-and-fishfinders\/garmin-chartplotters-and-fishfinders\/garmin-echomap-ultra-2-12-chartplotters\/#breadcrumb","itemListElement":[{"@type":"ListItem","position":1,"name":"Home","item":"https:\/\/boat-service.ee\/en\/"},{"@type":"ListItem","position":2,"name":"Shop","item":"https:\/\/boat-service.ee\/en\/shop\/"},{"@type":"ListItem","position":3,"name":"GARMIN ECHOMAP\u2122 Ultra 2 12&#8243; chartplotters"}]},{"@type":"WebSite","@id":"https:\/\/boat-service.ee\/en\/#website","url":"https:\/\/boat-service.ee\/en\/","name":"Boat Service Estonia","description":"Boat Service Estonia - Mootorpaadid, treilerid, mootorid","publisher":{"@id":"https:\/\/boat-service.ee\/en\/#organization"},"potentialAction":[{"@type":"SearchAction","target":{"@type":"EntryPoint","urlTemplate":"https:\/\/boat-service.ee\/en\/?s={search_term_string}"},"query-input":{"@type":"PropertyValueSpecification","valueRequired":true,"valueName":"search_term_string"}}],"inLanguage":"en-US"},{"@type":"Organization","@id":"https:\/\/boat-service.ee\/en\/#organization","name":"KALASTUSPOOD O\u00dc","url":"https:\/\/boat-service.ee\/en\/","logo":{"@type":"ImageObject","inLanguage":"en-US","@id":"https:\/\/boat-service.ee\/en\/#\/schema\/logo\/image\/","url":"https:\/\/boat-service.ee\/wp-content\/uploads\/2023\/05\/impLogo.png","contentUrl":"https:\/\/boat-service.ee\/wp-content\/uploads\/2023\/05\/impLogo.png","width":270,"height":107,"caption":"KALASTUSPOOD O\u00dc"},"image":{"@id":"https:\/\/boat-service.ee\/en\/#\/schema\/logo\/image\/"},"sameAs":["https:\/\/www.facebook.com\/boatserviceestonia","https:\/\/www.instagram.com\/kalastus_ja_paadipood\/"]}]}},"_links":{"self":[{"href":"https:\/\/boat-service.ee\/en\/wp-json\/wp\/v2\/product\/94163","targetHints":{"allow":["GET"]}}],"collection":[{"href":"https:\/\/boat-service.ee\/en\/wp-json\/wp\/v2\/product"}],"about":[{"href":"https:\/\/boat-service.ee\/en\/wp-json\/wp\/v2\/types\/product"}],"wp:featuredmedia":[{"embeddable":true,"href":"https:\/\/boat-service.ee\/en\/wp-json\/wp\/v2\/media\/87648"}],"wp:attachment":[{"href":"https:\/\/boat-service.ee\/en\/wp-json\/wp\/v2\/media?parent=94163"}],"wp:term":[{"taxonomy":"product_brand","embeddable":true,"href":"https:\/\/boat-service.ee\/en\/wp-json\/wp\/v2\/product_brand?post=94163"},{"taxonomy":"product_cat","embeddable":true,"href":"https:\/\/boat-service.ee\/en\/wp-json\/wp\/v2\/product_cat?post=94163"},{"taxonomy":"product_tag","embeddable":true,"href":"https:\/\/boat-service.ee\/en\/wp-json\/wp\/v2\/product_tag?post=94163"}],"curies":[{"name":"wp","href":"https:\/\/api.w.org\/{rel}","templated":true}]}}