{"id":92137,"date":"2024-09-24T09:29:57","date_gmt":"2024-09-24T07:29:57","guid":{"rendered":"https:\/\/boat-service.ee\/pood\/uncategorized\/finval-605-casting-pro\/"},"modified":"2024-09-24T09:29:57","modified_gmt":"2024-09-24T07:29:57","slug":"finval-605-casting-pro","status":"publish","type":"product","link":"https:\/\/boat-service.ee\/en\/shop\/boats\/finval-en\/finval-605-casting-pro\/","title":{"rendered":"FINVAL 605 Casting PRO"},"content":{"rendered":"<p><strong>Kere:<\/strong><\/p>\n<p>\u00dcleni keevitatud AlMg4,5Mn (5083) merealumiiniumist kere, materjali paksus 3-4 mm;<br \/>\nVastupidav pardaprofiil konksuga plastikkatte jaoks ja kummist sisendiga;<br \/>\nKajaloodi anduri kinnitusplaat vasakul ja paremal k\u00fcljel;<br \/>\nSisseehitatud neljaastmeline kokkuk\u00e4iv ujumisredel vasakul k\u00fcljel;<br \/>\nSisseehitatud k\u00fctuses\u00fcsteem 140l alumiiniumpaagiga;<\/p>\n<p><strong>V\u00f6\u00f6ritekk:<\/strong><\/p>\n<p>Keskmine panipaik 10 spinninguridvadele pikkusega 2,45m &#8211; 5tk, 2,35m &#8211; 5tk;<br \/>\nPaigutuskoht istmepjedestaalile v\u00f6\u00f6ritekil;<br \/>\nPanipaik kaptenikonsoolis (v\u00f6\u00f6riteki poolt);<br \/>\nKaks topsihoidjat;<br \/>\nS\u00fcvend elektrimootori pedaali jaoks;<\/p>\n<p>Klaaskiust konsoolid Taylor Made\u00ae l\u00e4bik\u00e4idava karastatud klaasist ohutus tuuleklaasiga ja jalgv\u00e4rava uksega keskel:<\/p>\n<p>Kaks avatud riiulit landihoidjate jaoks m\u00f5lemal konsoolil;<br \/>\nJalgv\u00e4rava uks keskel;<br \/>\nKaks panipaika kapteni- ja reisijakonsooli all;<\/p>\n<p><strong>Kokpit<\/strong>:<\/p>\n<p>Komplekt 2 Bass Boat istet (edasi-tagasi reguleerimisv\u00f5imalusega) ja istmepjedestaali 13&#8243;;<br \/>\nKaks paigutuskohta istmepjedestaalile;<br \/>\nKapteni tarvikute organiseerija parempoolsel k\u00fcljel;<br \/>\nNi\u0161id v\u00e4ikeste esemete jaoks peamise kokpiti vasakul ja paremal k\u00fcljel;<br \/>\nPanipaigad asjade jaoks parempoolsel ja vasakpoolsel k\u00fcljel kokpitis;<br \/>\nLukustatavad panipaigad riiulites parempoolsel ja vasakpoolsel k\u00fcljel;<br \/>\nKeskmine panipaik roostevabast terasest luugisulguri ja lukuga;<\/p>\n<p><strong>Ahtritekk<\/strong>:<\/p>\n<p>Kaks kokkupandavat istet ehitatud ahtritekki;<br \/>\nPanipaik JS-istme all vasakul k\u00fcljel;<br \/>\nPanipaik k\u00e4ivitusaku jaoks JS-istme all paremal k\u00fcljel;<br \/>\n90l eluskalamahuti. Taustavalgustuse, taimeri ja voolukiiruse reguleerimisega;<br \/>\nKaks paigutuskohta istmepjedestaalile ahtritekil;<br \/>\nAhtri tarvikute organiseerija USB 5V2A pesaga;<br \/>\nKaks topsihoidjat;<br \/>\nKaks organiseerijat lantide jaoks;<\/p>\n<p><strong>Lisavarustus<\/strong>:<\/p>\n<p>Plastikust luugisulgurid;<br \/>\nUsaldusv\u00e4\u00e4rne reisija k\u00e4epide;<br \/>\nRoostevabast terasest luugisulgurid lukuga keskmise panipaiga jaoks kokpitis;<br \/>\nKuus roostevabast terasest sildumisknaapi;<br \/>\nRool;<\/p>\n<p><strong>Elektris\u00fcsteem:<\/strong><\/p>\n<p>Elektrilised juhtpaneelid kaptenikonsoolis;<br \/>\nEttevalmistus helis\u00fcsteemi, kajaloodi, elektrimootori, elektrivintsi paigaldamiseks;<br \/>\nKahekordne USB 5V2A pesa reisija- ja kaptenikonsoolis;<br \/>\nAutomaatne pilsipump, kaitsel\u00fcliti;<br \/>\nLED navigatsioonituled;<\/p>\n<p><strong>Interj\u00f6\u00f6r:<\/strong><\/p>\n<p>Kokpit kaetud merevin\u00fc\u00fclikangaga;<br \/>\nV\u00f6\u00f6ri- ja ahtritekk ning sisemised pardad kaetud mereklassi vaibaga;<\/p>\n<p><strong>V\u00e4limus:<\/strong><\/p>\n<p>Raptor\u00ae kulumiskindel ja libisemisvastane kate pardaprofiilil;<br \/>\n&#8220;Finval&#8221; logo v\u00f6\u00f6riteki panipaigas;<br \/>\nHallid\/mustad\/h\u00f5bedased br\u00e4nditud &#8220;X&#8221; kleebised ja &#8220;Finval&#8221; logo;<br \/>\nV\u00e4lisk\u00fcljed on kaetud h\u00fcdrofoobse materjaliga (v\u00e4rv valitav, standard: Oracal: 970-905);&#8221;<\/p>\n","protected":false},"excerpt":{"rendered":"<p>See on vastupidav ja kerge alumiiniumpaat, mis sobib ideaalselt kalastajatele. Kiire,\u00a0stabiilne ning v\u00e4ga hea juhitavusega paat, mis\u00a0on suurep\u00e4rane valik kalap\u00fc\u00fcgiks nii siseveekogudel kui ka soolastes rannikuvetes. Avar kokpit ja tagumine p\u00fc\u00fcgiplatvorm muudavad 605 Casting Pro eriti mugavaks, pakkudes piisavalt ruumi nii kahele kalamehele kui ka suuremale seltskonnale. See on paat, mis kutsub sind ikka ja j\u00e4lle vee peale!<\/p>\n<h2>Tehnilised andmed<\/h2>\n<table>\n<tbody>\n<tr>\n<td>\u00dcldpikkus<\/td>\n<td>6.05 m<\/td>\n<\/tr>\n<tr>\n<td>Laius<\/td>\n<td>2.44 m<\/td>\n<\/tr>\n<tr>\n<td>Ahtripeegli k\u00f5rgus<\/td>\n<td>635 mm (X)<\/td>\n<\/tr>\n<tr>\n<td>S\u00fcvis<\/td>\n<td>350 mm<\/td>\n<\/tr>\n<tr>\n<td>Ahtripeegli nurk<\/td>\n<td>16\u00b0<\/td>\n<\/tr>\n<tr>\n<td>Kaal (ainult paat)<\/td>\n<td>760 kg<\/td>\n<\/tr>\n<tr>\n<td>Maksimaalne kandev\u00f5ime<\/td>\n<td>1080 kg<\/td>\n<\/tr>\n<tr>\n<td>Maksimaalne ahtripeegli koormus<\/td>\n<td>290 kg<\/td>\n<\/tr>\n<tr>\n<td>Mootor<\/td>\n<td>150 &#8211; 250 hj<\/td>\n<\/tr>\n<tr>\n<td>Kere materjal<\/td>\n<td>AlMg 4,5 Mn (5083)<\/td>\n<\/tr>\n<tr>\n<td>Alumiiniumi paksus<\/td>\n<td>4-3 mm<\/td>\n<\/tr>\n<tr>\n<td>Maksimaalne inimeste arv<\/td>\n<td>6<\/td>\n<\/tr>\n<tr>\n<td>K\u00fctusepaak<\/td>\n<td>135 l<\/td>\n<\/tr>\n<tr>\n<td>Eluskalamahuti<\/td>\n<td>95 l<\/td>\n<\/tr>\n<tr>\n<td>\u00d5ngede panipaik (kogus \/ pikkus)<\/td>\n<td>10 \/ kuni 2.45 m<\/td>\n<\/tr>\n<tr>\n<td>K\u00fcljek\u00f5rgus<\/td>\n<td>0.995 m<\/td>\n<\/tr>\n<\/tbody>\n<\/table>\n","protected":false},"featured_media":90773,"template":"","meta":[],"product_brand":[],"product_cat":[264],"product_tag":[],"class_list":{"0":"post-92137","1":"product","2":"type-product","3":"status-publish","4":"has-post-thumbnail","6":"product_cat-finval-en","7":"product_shipping_class-alumiinium-ja-plastikpaadid-normaal-en","8":"tm-has-options","10":"first","11":"instock","12":"taxable","13":"shipping-taxable","14":"purchasable","15":"product-type-simple"},"yoast_head":"<!-- This site is optimized with the Yoast SEO plugin v27.2 - https:\/\/yoast.com\/product\/yoast-seo-wordpress\/ -->\n<title>FINVAL 605 Casting PRO - Boat Service Estonia<\/title>\n<meta name=\"robots\" content=\"index, follow, max-snippet:-1, max-image-preview:large, max-video-preview:-1\" \/>\n<link rel=\"canonical\" href=\"https:\/\/boat-service.ee\/en\/shop\/boats\/finval-en\/finval-605-casting-pro\/\" \/>\n<meta property=\"og:locale\" content=\"en_US\" \/>\n<meta property=\"og:type\" content=\"article\" \/>\n<meta property=\"og:title\" content=\"FINVAL 605 Casting PRO - Boat Service Estonia\" \/>\n<meta property=\"og:description\" content=\"See on vastupidav ja kerge alumiiniumpaat, mis sobib ideaalselt kalastajatele. Kiire,\u00a0stabiilne ning v\u00e4ga hea juhitavusega paat, mis\u00a0on suurep\u00e4rane valik kalap\u00fc\u00fcgiks nii siseveekogudel kui ka soolastes rannikuvetes. Avar kokpit ja tagumine p\u00fc\u00fcgiplatvorm muudavad 605 Casting Pro eriti mugavaks, pakkudes piisavalt ruumi nii kahele kalamehele kui ka suuremale seltskonnale. See on paat, mis kutsub sind ikka ja j\u00e4lle vee peale! Tehnilised andmed    \u00dcldpikkus 6.05 m   Laius 2.44 m   Ahtripeegli k\u00f5rgus 635 mm (X)   S\u00fcvis 350 mm   Ahtripeegli nurk 16\u00b0   Kaal (ainult paat) 760 kg   Maksimaalne kandev\u00f5ime 1080 kg   Maksimaalne ahtripeegli koormus 290 kg   Mootor 150 - 250 hj   Kere materjal AlMg 4,5 Mn (5083)   Alumiiniumi paksus 4-3 mm   Maksimaalne inimeste arv 6   K\u00fctusepaak 135 l   Eluskalamahuti 95 l   \u00d5ngede panipaik (kogus \/ pikkus) 10 \/ kuni 2.45 m   K\u00fcljek\u00f5rgus 0.995 m\" \/>\n<meta property=\"og:url\" content=\"https:\/\/boat-service.ee\/en\/shop\/boats\/finval-en\/finval-605-casting-pro\/\" \/>\n<meta property=\"og:site_name\" content=\"Boat Service Estonia\" \/>\n<meta property=\"article:publisher\" content=\"https:\/\/www.facebook.com\/boatserviceestonia\" \/>\n<meta property=\"og:image\" content=\"https:\/\/boat-service.ee\/wp-content\/uploads\/2024\/09\/FINVAL_605_CastingPro_boatserviceestonia-1030x686.webp\" \/>\n<meta name=\"twitter:card\" content=\"summary_large_image\" \/>\n<meta name=\"twitter:label1\" content=\"Est. reading time\" \/>\n\t<meta name=\"twitter:data1\" content=\"2 minutes\" \/>\n<script type=\"application\/ld+json\" class=\"yoast-schema-graph\">{\"@context\":\"https:\/\/schema.org\",\"@graph\":[{\"@type\":\"WebPage\",\"@id\":\"https:\/\/boat-service.ee\/en\/shop\/boats\/finval-en\/finval-605-casting-pro\/\",\"url\":\"https:\/\/boat-service.ee\/en\/shop\/boats\/finval-en\/finval-605-casting-pro\/\",\"name\":\"FINVAL 605 Casting PRO - Boat Service Estonia\",\"isPartOf\":{\"@id\":\"https:\/\/boat-service.ee\/en\/#website\"},\"primaryImageOfPage\":{\"@id\":\"https:\/\/boat-service.ee\/en\/shop\/boats\/finval-en\/finval-605-casting-pro\/#primaryimage\"},\"image\":{\"@id\":\"https:\/\/boat-service.ee\/en\/shop\/boats\/finval-en\/finval-605-casting-pro\/#primaryimage\"},\"thumbnailUrl\":\"https:\/\/boat-service.ee\/wp-content\/uploads\/2024\/09\/Finval605CastingPro_boatserviceestonia_main.webp\",\"datePublished\":\"2024-09-24T07:29:57+00:00\",\"breadcrumb\":{\"@id\":\"https:\/\/boat-service.ee\/en\/shop\/boats\/finval-en\/finval-605-casting-pro\/#breadcrumb\"},\"inLanguage\":\"en-US\",\"potentialAction\":[{\"@type\":\"ReadAction\",\"target\":[\"https:\/\/boat-service.ee\/en\/shop\/boats\/finval-en\/finval-605-casting-pro\/\"]}]},{\"@type\":\"ImageObject\",\"inLanguage\":\"en-US\",\"@id\":\"https:\/\/boat-service.ee\/en\/shop\/boats\/finval-en\/finval-605-casting-pro\/#primaryimage\",\"url\":\"https:\/\/boat-service.ee\/wp-content\/uploads\/2024\/09\/Finval605CastingPro_boatserviceestonia_main.webp\",\"contentUrl\":\"https:\/\/boat-service.ee\/wp-content\/uploads\/2024\/09\/Finval605CastingPro_boatserviceestonia_main.webp\",\"width\":1433,\"height\":1460,\"caption\":\"Finval Casting Pro 605 DC JS Comfort\"},{\"@type\":\"BreadcrumbList\",\"@id\":\"https:\/\/boat-service.ee\/en\/shop\/boats\/finval-en\/finval-605-casting-pro\/#breadcrumb\",\"itemListElement\":[{\"@type\":\"ListItem\",\"position\":1,\"name\":\"Home\",\"item\":\"https:\/\/boat-service.ee\/en\/\"},{\"@type\":\"ListItem\",\"position\":2,\"name\":\"Shop\",\"item\":\"https:\/\/boat-service.ee\/en\/shop\/\"},{\"@type\":\"ListItem\",\"position\":3,\"name\":\"FINVAL 605 Casting PRO\"}]},{\"@type\":\"WebSite\",\"@id\":\"https:\/\/boat-service.ee\/en\/#website\",\"url\":\"https:\/\/boat-service.ee\/en\/\",\"name\":\"Boat Service Estonia\",\"description\":\"Boat Service Estonia - Mootorpaadid, treilerid, mootorid\",\"publisher\":{\"@id\":\"https:\/\/boat-service.ee\/en\/#organization\"},\"potentialAction\":[{\"@type\":\"SearchAction\",\"target\":{\"@type\":\"EntryPoint\",\"urlTemplate\":\"https:\/\/boat-service.ee\/en\/?s={search_term_string}\"},\"query-input\":{\"@type\":\"PropertyValueSpecification\",\"valueRequired\":true,\"valueName\":\"search_term_string\"}}],\"inLanguage\":\"en-US\"},{\"@type\":\"Organization\",\"@id\":\"https:\/\/boat-service.ee\/en\/#organization\",\"name\":\"KALASTUSPOOD O\u00dc\",\"url\":\"https:\/\/boat-service.ee\/en\/\",\"logo\":{\"@type\":\"ImageObject\",\"inLanguage\":\"en-US\",\"@id\":\"https:\/\/boat-service.ee\/en\/#\/schema\/logo\/image\/\",\"url\":\"https:\/\/boat-service.ee\/wp-content\/uploads\/2023\/05\/impLogo.png\",\"contentUrl\":\"https:\/\/boat-service.ee\/wp-content\/uploads\/2023\/05\/impLogo.png\",\"width\":270,\"height\":107,\"caption\":\"KALASTUSPOOD O\u00dc\"},\"image\":{\"@id\":\"https:\/\/boat-service.ee\/en\/#\/schema\/logo\/image\/\"},\"sameAs\":[\"https:\/\/www.facebook.com\/boatserviceestonia\",\"https:\/\/www.instagram.com\/kalastus_ja_paadipood\/\"]}]}<\/script>\n<!-- \/ Yoast SEO plugin. -->","yoast_head_json":{"title":"FINVAL 605 Casting PRO - Boat Service Estonia","robots":{"index":"index","follow":"follow","max-snippet":"max-snippet:-1","max-image-preview":"max-image-preview:large","max-video-preview":"max-video-preview:-1"},"canonical":"https:\/\/boat-service.ee\/en\/shop\/boats\/finval-en\/finval-605-casting-pro\/","og_locale":"en_US","og_type":"article","og_title":"FINVAL 605 Casting PRO - Boat Service Estonia","og_description":"See on vastupidav ja kerge alumiiniumpaat, mis sobib ideaalselt kalastajatele. Kiire,\u00a0stabiilne ning v\u00e4ga hea juhitavusega paat, mis\u00a0on suurep\u00e4rane valik kalap\u00fc\u00fcgiks nii siseveekogudel kui ka soolastes rannikuvetes. Avar kokpit ja tagumine p\u00fc\u00fcgiplatvorm muudavad 605 Casting Pro eriti mugavaks, pakkudes piisavalt ruumi nii kahele kalamehele kui ka suuremale seltskonnale. See on paat, mis kutsub sind ikka ja j\u00e4lle vee peale! Tehnilised andmed    \u00dcldpikkus 6.05 m   Laius 2.44 m   Ahtripeegli k\u00f5rgus 635 mm (X)   S\u00fcvis 350 mm   Ahtripeegli nurk 16\u00b0   Kaal (ainult paat) 760 kg   Maksimaalne kandev\u00f5ime 1080 kg   Maksimaalne ahtripeegli koormus 290 kg   Mootor 150 - 250 hj   Kere materjal AlMg 4,5 Mn (5083)   Alumiiniumi paksus 4-3 mm   Maksimaalne inimeste arv 6   K\u00fctusepaak 135 l   Eluskalamahuti 95 l   \u00d5ngede panipaik (kogus \/ pikkus) 10 \/ kuni 2.45 m   K\u00fcljek\u00f5rgus 0.995 m","og_url":"https:\/\/boat-service.ee\/en\/shop\/boats\/finval-en\/finval-605-casting-pro\/","og_site_name":"Boat Service Estonia","article_publisher":"https:\/\/www.facebook.com\/boatserviceestonia","og_image":[{"url":"https:\/\/boat-service.ee\/wp-content\/uploads\/2024\/09\/FINVAL_605_CastingPro_boatserviceestonia-1030x686.webp","type":"","width":"","height":""}],"twitter_card":"summary_large_image","twitter_misc":{"Est. reading time":"2 minutes"},"schema":{"@context":"https:\/\/schema.org","@graph":[{"@type":"WebPage","@id":"https:\/\/boat-service.ee\/en\/shop\/boats\/finval-en\/finval-605-casting-pro\/","url":"https:\/\/boat-service.ee\/en\/shop\/boats\/finval-en\/finval-605-casting-pro\/","name":"FINVAL 605 Casting PRO - Boat Service Estonia","isPartOf":{"@id":"https:\/\/boat-service.ee\/en\/#website"},"primaryImageOfPage":{"@id":"https:\/\/boat-service.ee\/en\/shop\/boats\/finval-en\/finval-605-casting-pro\/#primaryimage"},"image":{"@id":"https:\/\/boat-service.ee\/en\/shop\/boats\/finval-en\/finval-605-casting-pro\/#primaryimage"},"thumbnailUrl":"https:\/\/boat-service.ee\/wp-content\/uploads\/2024\/09\/Finval605CastingPro_boatserviceestonia_main.webp","datePublished":"2024-09-24T07:29:57+00:00","breadcrumb":{"@id":"https:\/\/boat-service.ee\/en\/shop\/boats\/finval-en\/finval-605-casting-pro\/#breadcrumb"},"inLanguage":"en-US","potentialAction":[{"@type":"ReadAction","target":["https:\/\/boat-service.ee\/en\/shop\/boats\/finval-en\/finval-605-casting-pro\/"]}]},{"@type":"ImageObject","inLanguage":"en-US","@id":"https:\/\/boat-service.ee\/en\/shop\/boats\/finval-en\/finval-605-casting-pro\/#primaryimage","url":"https:\/\/boat-service.ee\/wp-content\/uploads\/2024\/09\/Finval605CastingPro_boatserviceestonia_main.webp","contentUrl":"https:\/\/boat-service.ee\/wp-content\/uploads\/2024\/09\/Finval605CastingPro_boatserviceestonia_main.webp","width":1433,"height":1460,"caption":"Finval Casting Pro 605 DC JS Comfort"},{"@type":"BreadcrumbList","@id":"https:\/\/boat-service.ee\/en\/shop\/boats\/finval-en\/finval-605-casting-pro\/#breadcrumb","itemListElement":[{"@type":"ListItem","position":1,"name":"Home","item":"https:\/\/boat-service.ee\/en\/"},{"@type":"ListItem","position":2,"name":"Shop","item":"https:\/\/boat-service.ee\/en\/shop\/"},{"@type":"ListItem","position":3,"name":"FINVAL 605 Casting PRO"}]},{"@type":"WebSite","@id":"https:\/\/boat-service.ee\/en\/#website","url":"https:\/\/boat-service.ee\/en\/","name":"Boat Service Estonia","description":"Boat Service Estonia - Mootorpaadid, treilerid, mootorid","publisher":{"@id":"https:\/\/boat-service.ee\/en\/#organization"},"potentialAction":[{"@type":"SearchAction","target":{"@type":"EntryPoint","urlTemplate":"https:\/\/boat-service.ee\/en\/?s={search_term_string}"},"query-input":{"@type":"PropertyValueSpecification","valueRequired":true,"valueName":"search_term_string"}}],"inLanguage":"en-US"},{"@type":"Organization","@id":"https:\/\/boat-service.ee\/en\/#organization","name":"KALASTUSPOOD O\u00dc","url":"https:\/\/boat-service.ee\/en\/","logo":{"@type":"ImageObject","inLanguage":"en-US","@id":"https:\/\/boat-service.ee\/en\/#\/schema\/logo\/image\/","url":"https:\/\/boat-service.ee\/wp-content\/uploads\/2023\/05\/impLogo.png","contentUrl":"https:\/\/boat-service.ee\/wp-content\/uploads\/2023\/05\/impLogo.png","width":270,"height":107,"caption":"KALASTUSPOOD O\u00dc"},"image":{"@id":"https:\/\/boat-service.ee\/en\/#\/schema\/logo\/image\/"},"sameAs":["https:\/\/www.facebook.com\/boatserviceestonia","https:\/\/www.instagram.com\/kalastus_ja_paadipood\/"]}]}},"_links":{"self":[{"href":"https:\/\/boat-service.ee\/en\/wp-json\/wp\/v2\/product\/92137","targetHints":{"allow":["GET"]}}],"collection":[{"href":"https:\/\/boat-service.ee\/en\/wp-json\/wp\/v2\/product"}],"about":[{"href":"https:\/\/boat-service.ee\/en\/wp-json\/wp\/v2\/types\/product"}],"wp:featuredmedia":[{"embeddable":true,"href":"https:\/\/boat-service.ee\/en\/wp-json\/wp\/v2\/media\/90773"}],"wp:attachment":[{"href":"https:\/\/boat-service.ee\/en\/wp-json\/wp\/v2\/media?parent=92137"}],"wp:term":[{"taxonomy":"product_brand","embeddable":true,"href":"https:\/\/boat-service.ee\/en\/wp-json\/wp\/v2\/product_brand?post=92137"},{"taxonomy":"product_cat","embeddable":true,"href":"https:\/\/boat-service.ee\/en\/wp-json\/wp\/v2\/product_cat?post=92137"},{"taxonomy":"product_tag","embeddable":true,"href":"https:\/\/boat-service.ee\/en\/wp-json\/wp\/v2\/product_tag?post=92137"}],"curies":[{"name":"wp","href":"https:\/\/api.w.org\/{rel}","templated":true}]}}