{"id":87339,"date":"2024-07-04T10:18:22","date_gmt":"2024-07-04T08:18:22","guid":{"rendered":"https:\/\/boat-service.ee\/pood\/uncategorized\/map-navionics-balticsefinor-g-xl9-mds\/"},"modified":"2024-12-04T20:46:44","modified_gmt":"2024-12-04T18:46:44","slug":"map-navionics-balticsefinor-g-xl9-mds","status":"publish","type":"product","link":"https:\/\/boat-service.ee\/en\/shop\/marine-electronics\/seamaps\/map-navionics-balticsefinor-g-xl9-mds\/","title":{"rendered":"MAP NAVIONICS BALTIC,SE,FI,NOR G\/XL9 MDS"},"content":{"rendered":"","protected":false},"excerpt":{"rendered":"<table>\n<tr>NAVIONICS 44XG SD<br \/>\nElektrooniline merekaart Navionics. SD-formaat. Balti meri, Botnia laht, Soome laht, Peipsi j\u00e4rv, Rootsi rannik ja j\u00e4rved, L\u00f5una-Norra kuni Flekkefjordini, Soome j\u00e4rved- Inarijarvi, Porttipahdan Tekojarvi, Lokan Tekojarvi, Miekojarvi, Emijarvi,Vahonselka, Mourujarvi, Yli Kitka, Kiantajarvi, Vuokkijarvi, Oulujarvi, Nuasjarvi, Ontojarvi, Lentua, Pielinen, Koitere, Hoytiainen, Viinijarvi, Pyhaselka, Orivesi, Puruvesi, Pihlajavesi, Haukivesi, Kallavesi, Suvasvesi, Juojarvi, Puula, Kyyvesi, Onkivesi, Pyhajarvi Sortavalas, Saimaa, Puruvesi, Pihlajavesi, Peilavesi, Nilakka, Pyhajarvi Iisalmis, Konnevesi, Kolima, Kivijarvi, Keitele, Paijanne, Vuohijarvi, Langelmavesi, Vanajavesi, Lappajarvi, Pyhajarvi Raumas, Lohjanjarvi-Vihti.<\/p>\n<td>WEIGHT<\/td>\n<td>0,113 kg<\/td>\n<\/tr>\n<tr>\n<td>DIMENSIONS<\/td>\n<td>20 \u00d7 26 \u00d7 1,5 cm<\/td>\n<\/tr>\n<tr>\n<td>BRAND<\/td>\n<td>Navico<\/td>\n<\/tr>\n<tr>\n<td>MODEL<\/td>\n<td>Navionics-EMEA<\/td>\n<\/tr>\n<tr>\n<td>CLASS TYPE<\/td>\n<td>Cartography<\/td>\n<\/tr>\n<tr>\n<td>COMPONENT<\/td>\n<td>Media Card<\/td>\n<\/tr>\n<tr>\n<td>ITEM TYPE<\/td>\n<td>Accessory<\/td>\n<\/tr>\n<\/table>\n","protected":false},"featured_media":87317,"template":"","meta":[],"product_brand":[],"product_cat":[468,230,340],"product_tag":[],"class_list":{"0":"post-87339","1":"product","2":"type-product","3":"status-publish","4":"has-post-thumbnail","6":"product_cat-seamaps","7":"product_cat-accessories","8":"product_cat-marine-electronics","9":"tm-has-options","11":"first","12":"instock","13":"purchasable","14":"product-type-simple"},"yoast_head":"<!-- This site is optimized with the Yoast SEO plugin v27.2 - https:\/\/yoast.com\/product\/yoast-seo-wordpress\/ -->\n<title>MAP NAVIONICS BALTIC,SE,FI,NOR G\/XL9 MDS - Boat Service Estonia<\/title>\n<meta name=\"robots\" content=\"index, follow, max-snippet:-1, max-image-preview:large, max-video-preview:-1\" \/>\n<link rel=\"canonical\" href=\"https:\/\/boat-service.ee\/en\/shop\/marine-electronics\/seamaps\/map-navionics-balticsefinor-g-xl9-mds\/\" \/>\n<meta property=\"og:locale\" content=\"en_US\" \/>\n<meta property=\"og:type\" content=\"article\" \/>\n<meta property=\"og:title\" content=\"MAP NAVIONICS BALTIC,SE,FI,NOR G\/XL9 MDS - Boat Service Estonia\" \/>\n<meta property=\"og:description\" content=\"NAVIONICS 44XG SD Elektrooniline merekaart Navionics. SD-formaat. Balti meri, Botnia laht, Soome laht, Peipsi j\u00e4rv, Rootsi rannik ja j\u00e4rved, L\u00f5una-Norra kuni Flekkefjordini, Soome j\u00e4rved- Inarijarvi, Porttipahdan Tekojarvi, Lokan Tekojarvi, Miekojarvi, Emijarvi,Vahonselka, Mourujarvi, Yli Kitka, Kiantajarvi, Vuokkijarvi, Oulujarvi, Nuasjarvi, Ontojarvi, Lentua, Pielinen, Koitere, Hoytiainen, Viinijarvi, Pyhaselka, Orivesi, Puruvesi, Pihlajavesi, Haukivesi, Kallavesi, Suvasvesi, Juojarvi, Puula, Kyyvesi, Onkivesi, Pyhajarvi Sortavalas, Saimaa, Puruvesi, Pihlajavesi, Peilavesi, Nilakka, Pyhajarvi Iisalmis, Konnevesi, Kolima, Kivijarvi, Keitele, Paijanne, Vuohijarvi, Langelmavesi, Vanajavesi, Lappajarvi, Pyhajarvi Raumas, Lohjanjarvi-Vihti. WEIGHT 0,113 kg   DIMENSIONS 20 \u00d7 26 \u00d7 1,5 cm   BRAND Navico   MODEL Navionics-EMEA   CLASS TYPE Cartography   COMPONENT Media Card   ITEM TYPE Accessory\" \/>\n<meta property=\"og:url\" content=\"https:\/\/boat-service.ee\/en\/shop\/marine-electronics\/seamaps\/map-navionics-balticsefinor-g-xl9-mds\/\" \/>\n<meta property=\"og:site_name\" content=\"Boat Service Estonia\" \/>\n<meta property=\"article:publisher\" content=\"https:\/\/www.facebook.com\/boatserviceestonia\" \/>\n<meta property=\"article:modified_time\" content=\"2024-12-04T18:46:44+00:00\" \/>\n<meta property=\"og:image\" content=\"https:\/\/boat-service.ee\/wp-content\/uploads\/2024\/07\/MSD-44XG-scaled.jpg\" \/>\n\t<meta property=\"og:image:width\" content=\"2560\" \/>\n\t<meta property=\"og:image:height\" content=\"1829\" \/>\n\t<meta property=\"og:image:type\" content=\"image\/jpeg\" \/>\n<meta name=\"twitter:card\" content=\"summary_large_image\" \/>\n<script type=\"application\/ld+json\" class=\"yoast-schema-graph\">{\"@context\":\"https:\/\/schema.org\",\"@graph\":[{\"@type\":\"WebPage\",\"@id\":\"https:\/\/boat-service.ee\/en\/shop\/marine-electronics\/seamaps\/map-navionics-balticsefinor-g-xl9-mds\/\",\"url\":\"https:\/\/boat-service.ee\/en\/shop\/marine-electronics\/seamaps\/map-navionics-balticsefinor-g-xl9-mds\/\",\"name\":\"MAP NAVIONICS BALTIC,SE,FI,NOR G\/XL9 MDS - Boat Service Estonia\",\"isPartOf\":{\"@id\":\"https:\/\/boat-service.ee\/en\/#website\"},\"primaryImageOfPage\":{\"@id\":\"https:\/\/boat-service.ee\/en\/shop\/marine-electronics\/seamaps\/map-navionics-balticsefinor-g-xl9-mds\/#primaryimage\"},\"image\":{\"@id\":\"https:\/\/boat-service.ee\/en\/shop\/marine-electronics\/seamaps\/map-navionics-balticsefinor-g-xl9-mds\/#primaryimage\"},\"thumbnailUrl\":\"https:\/\/boat-service.ee\/wp-content\/uploads\/2024\/07\/MSD-44XG-scaled.jpg\",\"datePublished\":\"2024-07-04T08:18:22+00:00\",\"dateModified\":\"2024-12-04T18:46:44+00:00\",\"breadcrumb\":{\"@id\":\"https:\/\/boat-service.ee\/en\/shop\/marine-electronics\/seamaps\/map-navionics-balticsefinor-g-xl9-mds\/#breadcrumb\"},\"inLanguage\":\"en-US\",\"potentialAction\":[{\"@type\":\"ReadAction\",\"target\":[\"https:\/\/boat-service.ee\/en\/shop\/marine-electronics\/seamaps\/map-navionics-balticsefinor-g-xl9-mds\/\"]}]},{\"@type\":\"ImageObject\",\"inLanguage\":\"en-US\",\"@id\":\"https:\/\/boat-service.ee\/en\/shop\/marine-electronics\/seamaps\/map-navionics-balticsefinor-g-xl9-mds\/#primaryimage\",\"url\":\"https:\/\/boat-service.ee\/wp-content\/uploads\/2024\/07\/MSD-44XG-scaled.jpg\",\"contentUrl\":\"https:\/\/boat-service.ee\/wp-content\/uploads\/2024\/07\/MSD-44XG-scaled.jpg\",\"width\":2560,\"height\":1829,\"caption\":\"Merekaardid paadiga navigatsiooniks\"},{\"@type\":\"BreadcrumbList\",\"@id\":\"https:\/\/boat-service.ee\/en\/shop\/marine-electronics\/seamaps\/map-navionics-balticsefinor-g-xl9-mds\/#breadcrumb\",\"itemListElement\":[{\"@type\":\"ListItem\",\"position\":1,\"name\":\"Home\",\"item\":\"https:\/\/boat-service.ee\/en\/\"},{\"@type\":\"ListItem\",\"position\":2,\"name\":\"Shop\",\"item\":\"https:\/\/boat-service.ee\/en\/shop\/\"},{\"@type\":\"ListItem\",\"position\":3,\"name\":\"MAP NAVIONICS BALTIC,SE,FI,NOR G\/XL9 MDS\"}]},{\"@type\":\"WebSite\",\"@id\":\"https:\/\/boat-service.ee\/en\/#website\",\"url\":\"https:\/\/boat-service.ee\/en\/\",\"name\":\"Boat Service Estonia\",\"description\":\"Boat Service Estonia - Mootorpaadid, treilerid, mootorid\",\"publisher\":{\"@id\":\"https:\/\/boat-service.ee\/en\/#organization\"},\"potentialAction\":[{\"@type\":\"SearchAction\",\"target\":{\"@type\":\"EntryPoint\",\"urlTemplate\":\"https:\/\/boat-service.ee\/en\/?s={search_term_string}\"},\"query-input\":{\"@type\":\"PropertyValueSpecification\",\"valueRequired\":true,\"valueName\":\"search_term_string\"}}],\"inLanguage\":\"en-US\"},{\"@type\":\"Organization\",\"@id\":\"https:\/\/boat-service.ee\/en\/#organization\",\"name\":\"KALASTUSPOOD O\u00dc\",\"url\":\"https:\/\/boat-service.ee\/en\/\",\"logo\":{\"@type\":\"ImageObject\",\"inLanguage\":\"en-US\",\"@id\":\"https:\/\/boat-service.ee\/en\/#\/schema\/logo\/image\/\",\"url\":\"https:\/\/boat-service.ee\/wp-content\/uploads\/2023\/05\/impLogo.png\",\"contentUrl\":\"https:\/\/boat-service.ee\/wp-content\/uploads\/2023\/05\/impLogo.png\",\"width\":270,\"height\":107,\"caption\":\"KALASTUSPOOD O\u00dc\"},\"image\":{\"@id\":\"https:\/\/boat-service.ee\/en\/#\/schema\/logo\/image\/\"},\"sameAs\":[\"https:\/\/www.facebook.com\/boatserviceestonia\",\"https:\/\/www.instagram.com\/kalastus_ja_paadipood\/\"]}]}<\/script>\n<!-- \/ Yoast SEO plugin. -->","yoast_head_json":{"title":"MAP NAVIONICS BALTIC,SE,FI,NOR G\/XL9 MDS - Boat Service Estonia","robots":{"index":"index","follow":"follow","max-snippet":"max-snippet:-1","max-image-preview":"max-image-preview:large","max-video-preview":"max-video-preview:-1"},"canonical":"https:\/\/boat-service.ee\/en\/shop\/marine-electronics\/seamaps\/map-navionics-balticsefinor-g-xl9-mds\/","og_locale":"en_US","og_type":"article","og_title":"MAP NAVIONICS BALTIC,SE,FI,NOR G\/XL9 MDS - Boat Service Estonia","og_description":"NAVIONICS 44XG SD Elektrooniline merekaart Navionics. SD-formaat. Balti meri, Botnia laht, Soome laht, Peipsi j\u00e4rv, Rootsi rannik ja j\u00e4rved, L\u00f5una-Norra kuni Flekkefjordini, Soome j\u00e4rved- Inarijarvi, Porttipahdan Tekojarvi, Lokan Tekojarvi, Miekojarvi, Emijarvi,Vahonselka, Mourujarvi, Yli Kitka, Kiantajarvi, Vuokkijarvi, Oulujarvi, Nuasjarvi, Ontojarvi, Lentua, Pielinen, Koitere, Hoytiainen, Viinijarvi, Pyhaselka, Orivesi, Puruvesi, Pihlajavesi, Haukivesi, Kallavesi, Suvasvesi, Juojarvi, Puula, Kyyvesi, Onkivesi, Pyhajarvi Sortavalas, Saimaa, Puruvesi, Pihlajavesi, Peilavesi, Nilakka, Pyhajarvi Iisalmis, Konnevesi, Kolima, Kivijarvi, Keitele, Paijanne, Vuohijarvi, Langelmavesi, Vanajavesi, Lappajarvi, Pyhajarvi Raumas, Lohjanjarvi-Vihti. WEIGHT 0,113 kg   DIMENSIONS 20 \u00d7 26 \u00d7 1,5 cm   BRAND Navico   MODEL Navionics-EMEA   CLASS TYPE Cartography   COMPONENT Media Card   ITEM TYPE Accessory","og_url":"https:\/\/boat-service.ee\/en\/shop\/marine-electronics\/seamaps\/map-navionics-balticsefinor-g-xl9-mds\/","og_site_name":"Boat Service Estonia","article_publisher":"https:\/\/www.facebook.com\/boatserviceestonia","article_modified_time":"2024-12-04T18:46:44+00:00","og_image":[{"width":2560,"height":1829,"url":"https:\/\/boat-service.ee\/wp-content\/uploads\/2024\/07\/MSD-44XG-scaled.jpg","type":"image\/jpeg"}],"twitter_card":"summary_large_image","schema":{"@context":"https:\/\/schema.org","@graph":[{"@type":"WebPage","@id":"https:\/\/boat-service.ee\/en\/shop\/marine-electronics\/seamaps\/map-navionics-balticsefinor-g-xl9-mds\/","url":"https:\/\/boat-service.ee\/en\/shop\/marine-electronics\/seamaps\/map-navionics-balticsefinor-g-xl9-mds\/","name":"MAP NAVIONICS BALTIC,SE,FI,NOR G\/XL9 MDS - Boat Service Estonia","isPartOf":{"@id":"https:\/\/boat-service.ee\/en\/#website"},"primaryImageOfPage":{"@id":"https:\/\/boat-service.ee\/en\/shop\/marine-electronics\/seamaps\/map-navionics-balticsefinor-g-xl9-mds\/#primaryimage"},"image":{"@id":"https:\/\/boat-service.ee\/en\/shop\/marine-electronics\/seamaps\/map-navionics-balticsefinor-g-xl9-mds\/#primaryimage"},"thumbnailUrl":"https:\/\/boat-service.ee\/wp-content\/uploads\/2024\/07\/MSD-44XG-scaled.jpg","datePublished":"2024-07-04T08:18:22+00:00","dateModified":"2024-12-04T18:46:44+00:00","breadcrumb":{"@id":"https:\/\/boat-service.ee\/en\/shop\/marine-electronics\/seamaps\/map-navionics-balticsefinor-g-xl9-mds\/#breadcrumb"},"inLanguage":"en-US","potentialAction":[{"@type":"ReadAction","target":["https:\/\/boat-service.ee\/en\/shop\/marine-electronics\/seamaps\/map-navionics-balticsefinor-g-xl9-mds\/"]}]},{"@type":"ImageObject","inLanguage":"en-US","@id":"https:\/\/boat-service.ee\/en\/shop\/marine-electronics\/seamaps\/map-navionics-balticsefinor-g-xl9-mds\/#primaryimage","url":"https:\/\/boat-service.ee\/wp-content\/uploads\/2024\/07\/MSD-44XG-scaled.jpg","contentUrl":"https:\/\/boat-service.ee\/wp-content\/uploads\/2024\/07\/MSD-44XG-scaled.jpg","width":2560,"height":1829,"caption":"Merekaardid paadiga navigatsiooniks"},{"@type":"BreadcrumbList","@id":"https:\/\/boat-service.ee\/en\/shop\/marine-electronics\/seamaps\/map-navionics-balticsefinor-g-xl9-mds\/#breadcrumb","itemListElement":[{"@type":"ListItem","position":1,"name":"Home","item":"https:\/\/boat-service.ee\/en\/"},{"@type":"ListItem","position":2,"name":"Shop","item":"https:\/\/boat-service.ee\/en\/shop\/"},{"@type":"ListItem","position":3,"name":"MAP NAVIONICS BALTIC,SE,FI,NOR G\/XL9 MDS"}]},{"@type":"WebSite","@id":"https:\/\/boat-service.ee\/en\/#website","url":"https:\/\/boat-service.ee\/en\/","name":"Boat Service Estonia","description":"Boat Service Estonia - Mootorpaadid, treilerid, mootorid","publisher":{"@id":"https:\/\/boat-service.ee\/en\/#organization"},"potentialAction":[{"@type":"SearchAction","target":{"@type":"EntryPoint","urlTemplate":"https:\/\/boat-service.ee\/en\/?s={search_term_string}"},"query-input":{"@type":"PropertyValueSpecification","valueRequired":true,"valueName":"search_term_string"}}],"inLanguage":"en-US"},{"@type":"Organization","@id":"https:\/\/boat-service.ee\/en\/#organization","name":"KALASTUSPOOD O\u00dc","url":"https:\/\/boat-service.ee\/en\/","logo":{"@type":"ImageObject","inLanguage":"en-US","@id":"https:\/\/boat-service.ee\/en\/#\/schema\/logo\/image\/","url":"https:\/\/boat-service.ee\/wp-content\/uploads\/2023\/05\/impLogo.png","contentUrl":"https:\/\/boat-service.ee\/wp-content\/uploads\/2023\/05\/impLogo.png","width":270,"height":107,"caption":"KALASTUSPOOD O\u00dc"},"image":{"@id":"https:\/\/boat-service.ee\/en\/#\/schema\/logo\/image\/"},"sameAs":["https:\/\/www.facebook.com\/boatserviceestonia","https:\/\/www.instagram.com\/kalastus_ja_paadipood\/"]}]}},"_links":{"self":[{"href":"https:\/\/boat-service.ee\/en\/wp-json\/wp\/v2\/product\/87339","targetHints":{"allow":["GET"]}}],"collection":[{"href":"https:\/\/boat-service.ee\/en\/wp-json\/wp\/v2\/product"}],"about":[{"href":"https:\/\/boat-service.ee\/en\/wp-json\/wp\/v2\/types\/product"}],"wp:featuredmedia":[{"embeddable":true,"href":"https:\/\/boat-service.ee\/en\/wp-json\/wp\/v2\/media\/87317"}],"wp:attachment":[{"href":"https:\/\/boat-service.ee\/en\/wp-json\/wp\/v2\/media?parent=87339"}],"wp:term":[{"taxonomy":"product_brand","embeddable":true,"href":"https:\/\/boat-service.ee\/en\/wp-json\/wp\/v2\/product_brand?post=87339"},{"taxonomy":"product_cat","embeddable":true,"href":"https:\/\/boat-service.ee\/en\/wp-json\/wp\/v2\/product_cat?post=87339"},{"taxonomy":"product_tag","embeddable":true,"href":"https:\/\/boat-service.ee\/en\/wp-json\/wp\/v2\/product_tag?post=87339"}],"curies":[{"name":"wp","href":"https:\/\/api.w.org\/{rel}","templated":true}]}}