{"id":87333,"date":"2024-07-04T10:18:22","date_gmt":"2024-07-04T08:18:22","guid":{"rendered":"https:\/\/boat-service.ee\/pood\/uncategorized\/merekaart-navionics-platinum-baltic-sea-east-coast-regular\/"},"modified":"2024-12-04T20:46:44","modified_gmt":"2024-12-04T18:46:44","slug":"merekaart-navionics-platinum-baltic-sea-east-coast-regular","status":"publish","type":"product","link":"https:\/\/boat-service.ee\/en\/shop\/marine-electronics\/seamaps\/merekaart-navionics-platinum-baltic-sea-east-coast-regular\/","title":{"rendered":"Merekaart NAVIONICS+ PLATINUM+ BALTIC SEA, EAST COAST REGULAR"},"content":{"rendered":"","protected":false},"excerpt":{"rendered":"<p>Coastal coverage of the Baltic Sea coasts of Poland, Russia, Lithuania, Latvia and Estonia from the German border to Narva-J\u00f5esuu, EE and the lakes and rivers of Poland, Belarus and the Baltic States. Coverage includes the Gulf of Riga, the Szczecin, Vistula and Kurshskiy Lagoons, the islands of Gotland, Saaremaa and Hiiumaa, the Oder, Vistula, Bug, Neman, Emaj\u00f5gi and Daugava Rivers, Lakes Peipus, Pihkva and V\u00f6rtsj\u00e4ve, the Masurian District Lakes including Lake Jeziorak, Lake \u0141a\u0144skie and Lake \u015aniardwy and Lakes Snudy\/Strusto, Miastra, Batorino, Lukomshoye and Selyava in Belarus. Ports include Tallinn, Estonia; Riga, Latvia; Gydnia and Gdansk, Poland and Kaliningrad, Russia.<\/p>\n","protected":false},"featured_media":87299,"template":"","meta":[],"product_brand":[],"product_cat":[468,230,340],"product_tag":[],"class_list":{"0":"post-87333","1":"product","2":"type-product","3":"status-publish","4":"has-post-thumbnail","6":"product_cat-seamaps","7":"product_cat-accessories","8":"product_cat-marine-electronics","9":"tm-has-options","11":"first","12":"instock","13":"purchasable","14":"product-type-simple"},"yoast_head":"<!-- This site is optimized with the Yoast SEO plugin v27.2 - https:\/\/yoast.com\/product\/yoast-seo-wordpress\/ -->\n<title>Merekaart NAVIONICS+ PLATINUM+ BALTIC SEA, EAST COAST REGULAR - Boat Service Estonia<\/title>\n<meta name=\"robots\" content=\"index, follow, max-snippet:-1, max-image-preview:large, max-video-preview:-1\" \/>\n<link rel=\"canonical\" href=\"https:\/\/boat-service.ee\/en\/shop\/marine-electronics\/seamaps\/merekaart-navionics-platinum-baltic-sea-east-coast-regular\/\" \/>\n<meta property=\"og:locale\" content=\"en_US\" \/>\n<meta property=\"og:type\" content=\"article\" \/>\n<meta property=\"og:title\" content=\"Merekaart NAVIONICS+ PLATINUM+ BALTIC SEA, EAST COAST REGULAR - Boat Service Estonia\" \/>\n<meta property=\"og:description\" content=\"Coastal coverage of the Baltic Sea coasts of Poland, Russia, Lithuania, Latvia and Estonia from the German border to Narva-J\u00f5esuu, EE and the lakes and rivers of Poland, Belarus and the Baltic States. Coverage includes the Gulf of Riga, the Szczecin, Vistula and Kurshskiy Lagoons, the islands of Gotland, Saaremaa and Hiiumaa, the Oder, Vistula, Bug, Neman, Emaj\u00f5gi and Daugava Rivers, Lakes Peipus, Pihkva and V\u00f6rtsj\u00e4ve, the Masurian District Lakes including Lake Jeziorak, Lake \u0141a\u0144skie and Lake \u015aniardwy and Lakes Snudy\/Strusto, Miastra, Batorino, Lukomshoye and Selyava in Belarus. Ports include Tallinn, Estonia; Riga, Latvia; Gydnia and Gdansk, Poland and Kaliningrad, Russia.\" \/>\n<meta property=\"og:url\" content=\"https:\/\/boat-service.ee\/en\/shop\/marine-electronics\/seamaps\/merekaart-navionics-platinum-baltic-sea-east-coast-regular\/\" \/>\n<meta property=\"og:site_name\" content=\"Boat Service Estonia\" \/>\n<meta property=\"article:publisher\" content=\"https:\/\/www.facebook.com\/boatserviceestonia\" \/>\n<meta property=\"article:modified_time\" content=\"2024-12-04T18:46:44+00:00\" \/>\n<meta property=\"og:image\" content=\"https:\/\/boat-service.ee\/wp-content\/uploads\/2024\/07\/010-C1339-40.png\" \/>\n\t<meta property=\"og:image:width\" content=\"783\" \/>\n\t<meta property=\"og:image:height\" content=\"786\" \/>\n\t<meta property=\"og:image:type\" content=\"image\/png\" \/>\n<meta name=\"twitter:card\" content=\"summary_large_image\" \/>\n<script type=\"application\/ld+json\" class=\"yoast-schema-graph\">{\"@context\":\"https:\/\/schema.org\",\"@graph\":[{\"@type\":\"WebPage\",\"@id\":\"https:\/\/boat-service.ee\/en\/shop\/marine-electronics\/seamaps\/merekaart-navionics-platinum-baltic-sea-east-coast-regular\/\",\"url\":\"https:\/\/boat-service.ee\/en\/shop\/marine-electronics\/seamaps\/merekaart-navionics-platinum-baltic-sea-east-coast-regular\/\",\"name\":\"Merekaart NAVIONICS+ PLATINUM+ BALTIC SEA, EAST COAST REGULAR - Boat Service Estonia\",\"isPartOf\":{\"@id\":\"https:\/\/boat-service.ee\/en\/#website\"},\"primaryImageOfPage\":{\"@id\":\"https:\/\/boat-service.ee\/en\/shop\/marine-electronics\/seamaps\/merekaart-navionics-platinum-baltic-sea-east-coast-regular\/#primaryimage\"},\"image\":{\"@id\":\"https:\/\/boat-service.ee\/en\/shop\/marine-electronics\/seamaps\/merekaart-navionics-platinum-baltic-sea-east-coast-regular\/#primaryimage\"},\"thumbnailUrl\":\"https:\/\/boat-service.ee\/wp-content\/uploads\/2024\/07\/010-C1339-40.png\",\"datePublished\":\"2024-07-04T08:18:22+00:00\",\"dateModified\":\"2024-12-04T18:46:44+00:00\",\"breadcrumb\":{\"@id\":\"https:\/\/boat-service.ee\/en\/shop\/marine-electronics\/seamaps\/merekaart-navionics-platinum-baltic-sea-east-coast-regular\/#breadcrumb\"},\"inLanguage\":\"en-US\",\"potentialAction\":[{\"@type\":\"ReadAction\",\"target\":[\"https:\/\/boat-service.ee\/en\/shop\/marine-electronics\/seamaps\/merekaart-navionics-platinum-baltic-sea-east-coast-regular\/\"]}]},{\"@type\":\"ImageObject\",\"inLanguage\":\"en-US\",\"@id\":\"https:\/\/boat-service.ee\/en\/shop\/marine-electronics\/seamaps\/merekaart-navionics-platinum-baltic-sea-east-coast-regular\/#primaryimage\",\"url\":\"https:\/\/boat-service.ee\/wp-content\/uploads\/2024\/07\/010-C1339-40.png\",\"contentUrl\":\"https:\/\/boat-service.ee\/wp-content\/uploads\/2024\/07\/010-C1339-40.png\",\"width\":783,\"height\":786,\"caption\":\"Merekaardid paadiga navigatsiooniks\"},{\"@type\":\"BreadcrumbList\",\"@id\":\"https:\/\/boat-service.ee\/en\/shop\/marine-electronics\/seamaps\/merekaart-navionics-platinum-baltic-sea-east-coast-regular\/#breadcrumb\",\"itemListElement\":[{\"@type\":\"ListItem\",\"position\":1,\"name\":\"Home\",\"item\":\"https:\/\/boat-service.ee\/en\/\"},{\"@type\":\"ListItem\",\"position\":2,\"name\":\"Shop\",\"item\":\"https:\/\/boat-service.ee\/en\/shop\/\"},{\"@type\":\"ListItem\",\"position\":3,\"name\":\"Merekaart NAVIONICS+ PLATINUM+ BALTIC SEA, EAST COAST REGULAR\"}]},{\"@type\":\"WebSite\",\"@id\":\"https:\/\/boat-service.ee\/en\/#website\",\"url\":\"https:\/\/boat-service.ee\/en\/\",\"name\":\"Boat Service Estonia\",\"description\":\"Boat Service Estonia - Mootorpaadid, treilerid, mootorid\",\"publisher\":{\"@id\":\"https:\/\/boat-service.ee\/en\/#organization\"},\"potentialAction\":[{\"@type\":\"SearchAction\",\"target\":{\"@type\":\"EntryPoint\",\"urlTemplate\":\"https:\/\/boat-service.ee\/en\/?s={search_term_string}\"},\"query-input\":{\"@type\":\"PropertyValueSpecification\",\"valueRequired\":true,\"valueName\":\"search_term_string\"}}],\"inLanguage\":\"en-US\"},{\"@type\":\"Organization\",\"@id\":\"https:\/\/boat-service.ee\/en\/#organization\",\"name\":\"KALASTUSPOOD O\u00dc\",\"url\":\"https:\/\/boat-service.ee\/en\/\",\"logo\":{\"@type\":\"ImageObject\",\"inLanguage\":\"en-US\",\"@id\":\"https:\/\/boat-service.ee\/en\/#\/schema\/logo\/image\/\",\"url\":\"https:\/\/boat-service.ee\/wp-content\/uploads\/2023\/05\/impLogo.png\",\"contentUrl\":\"https:\/\/boat-service.ee\/wp-content\/uploads\/2023\/05\/impLogo.png\",\"width\":270,\"height\":107,\"caption\":\"KALASTUSPOOD O\u00dc\"},\"image\":{\"@id\":\"https:\/\/boat-service.ee\/en\/#\/schema\/logo\/image\/\"},\"sameAs\":[\"https:\/\/www.facebook.com\/boatserviceestonia\",\"https:\/\/www.instagram.com\/kalastus_ja_paadipood\/\"]}]}<\/script>\n<!-- \/ Yoast SEO plugin. -->","yoast_head_json":{"title":"Merekaart NAVIONICS+ PLATINUM+ BALTIC SEA, EAST COAST REGULAR - Boat Service Estonia","robots":{"index":"index","follow":"follow","max-snippet":"max-snippet:-1","max-image-preview":"max-image-preview:large","max-video-preview":"max-video-preview:-1"},"canonical":"https:\/\/boat-service.ee\/en\/shop\/marine-electronics\/seamaps\/merekaart-navionics-platinum-baltic-sea-east-coast-regular\/","og_locale":"en_US","og_type":"article","og_title":"Merekaart NAVIONICS+ PLATINUM+ BALTIC SEA, EAST COAST REGULAR - Boat Service Estonia","og_description":"Coastal coverage of the Baltic Sea coasts of Poland, Russia, Lithuania, Latvia and Estonia from the German border to Narva-J\u00f5esuu, EE and the lakes and rivers of Poland, Belarus and the Baltic States. Coverage includes the Gulf of Riga, the Szczecin, Vistula and Kurshskiy Lagoons, the islands of Gotland, Saaremaa and Hiiumaa, the Oder, Vistula, Bug, Neman, Emaj\u00f5gi and Daugava Rivers, Lakes Peipus, Pihkva and V\u00f6rtsj\u00e4ve, the Masurian District Lakes including Lake Jeziorak, Lake \u0141a\u0144skie and Lake \u015aniardwy and Lakes Snudy\/Strusto, Miastra, Batorino, Lukomshoye and Selyava in Belarus. Ports include Tallinn, Estonia; Riga, Latvia; Gydnia and Gdansk, Poland and Kaliningrad, Russia.","og_url":"https:\/\/boat-service.ee\/en\/shop\/marine-electronics\/seamaps\/merekaart-navionics-platinum-baltic-sea-east-coast-regular\/","og_site_name":"Boat Service Estonia","article_publisher":"https:\/\/www.facebook.com\/boatserviceestonia","article_modified_time":"2024-12-04T18:46:44+00:00","og_image":[{"width":783,"height":786,"url":"https:\/\/boat-service.ee\/wp-content\/uploads\/2024\/07\/010-C1339-40.png","type":"image\/png"}],"twitter_card":"summary_large_image","schema":{"@context":"https:\/\/schema.org","@graph":[{"@type":"WebPage","@id":"https:\/\/boat-service.ee\/en\/shop\/marine-electronics\/seamaps\/merekaart-navionics-platinum-baltic-sea-east-coast-regular\/","url":"https:\/\/boat-service.ee\/en\/shop\/marine-electronics\/seamaps\/merekaart-navionics-platinum-baltic-sea-east-coast-regular\/","name":"Merekaart NAVIONICS+ PLATINUM+ BALTIC SEA, EAST COAST REGULAR - Boat Service Estonia","isPartOf":{"@id":"https:\/\/boat-service.ee\/en\/#website"},"primaryImageOfPage":{"@id":"https:\/\/boat-service.ee\/en\/shop\/marine-electronics\/seamaps\/merekaart-navionics-platinum-baltic-sea-east-coast-regular\/#primaryimage"},"image":{"@id":"https:\/\/boat-service.ee\/en\/shop\/marine-electronics\/seamaps\/merekaart-navionics-platinum-baltic-sea-east-coast-regular\/#primaryimage"},"thumbnailUrl":"https:\/\/boat-service.ee\/wp-content\/uploads\/2024\/07\/010-C1339-40.png","datePublished":"2024-07-04T08:18:22+00:00","dateModified":"2024-12-04T18:46:44+00:00","breadcrumb":{"@id":"https:\/\/boat-service.ee\/en\/shop\/marine-electronics\/seamaps\/merekaart-navionics-platinum-baltic-sea-east-coast-regular\/#breadcrumb"},"inLanguage":"en-US","potentialAction":[{"@type":"ReadAction","target":["https:\/\/boat-service.ee\/en\/shop\/marine-electronics\/seamaps\/merekaart-navionics-platinum-baltic-sea-east-coast-regular\/"]}]},{"@type":"ImageObject","inLanguage":"en-US","@id":"https:\/\/boat-service.ee\/en\/shop\/marine-electronics\/seamaps\/merekaart-navionics-platinum-baltic-sea-east-coast-regular\/#primaryimage","url":"https:\/\/boat-service.ee\/wp-content\/uploads\/2024\/07\/010-C1339-40.png","contentUrl":"https:\/\/boat-service.ee\/wp-content\/uploads\/2024\/07\/010-C1339-40.png","width":783,"height":786,"caption":"Merekaardid paadiga navigatsiooniks"},{"@type":"BreadcrumbList","@id":"https:\/\/boat-service.ee\/en\/shop\/marine-electronics\/seamaps\/merekaart-navionics-platinum-baltic-sea-east-coast-regular\/#breadcrumb","itemListElement":[{"@type":"ListItem","position":1,"name":"Home","item":"https:\/\/boat-service.ee\/en\/"},{"@type":"ListItem","position":2,"name":"Shop","item":"https:\/\/boat-service.ee\/en\/shop\/"},{"@type":"ListItem","position":3,"name":"Merekaart NAVIONICS+ PLATINUM+ BALTIC SEA, EAST COAST REGULAR"}]},{"@type":"WebSite","@id":"https:\/\/boat-service.ee\/en\/#website","url":"https:\/\/boat-service.ee\/en\/","name":"Boat Service Estonia","description":"Boat Service Estonia - Mootorpaadid, treilerid, mootorid","publisher":{"@id":"https:\/\/boat-service.ee\/en\/#organization"},"potentialAction":[{"@type":"SearchAction","target":{"@type":"EntryPoint","urlTemplate":"https:\/\/boat-service.ee\/en\/?s={search_term_string}"},"query-input":{"@type":"PropertyValueSpecification","valueRequired":true,"valueName":"search_term_string"}}],"inLanguage":"en-US"},{"@type":"Organization","@id":"https:\/\/boat-service.ee\/en\/#organization","name":"KALASTUSPOOD O\u00dc","url":"https:\/\/boat-service.ee\/en\/","logo":{"@type":"ImageObject","inLanguage":"en-US","@id":"https:\/\/boat-service.ee\/en\/#\/schema\/logo\/image\/","url":"https:\/\/boat-service.ee\/wp-content\/uploads\/2023\/05\/impLogo.png","contentUrl":"https:\/\/boat-service.ee\/wp-content\/uploads\/2023\/05\/impLogo.png","width":270,"height":107,"caption":"KALASTUSPOOD O\u00dc"},"image":{"@id":"https:\/\/boat-service.ee\/en\/#\/schema\/logo\/image\/"},"sameAs":["https:\/\/www.facebook.com\/boatserviceestonia","https:\/\/www.instagram.com\/kalastus_ja_paadipood\/"]}]}},"_links":{"self":[{"href":"https:\/\/boat-service.ee\/en\/wp-json\/wp\/v2\/product\/87333","targetHints":{"allow":["GET"]}}],"collection":[{"href":"https:\/\/boat-service.ee\/en\/wp-json\/wp\/v2\/product"}],"about":[{"href":"https:\/\/boat-service.ee\/en\/wp-json\/wp\/v2\/types\/product"}],"wp:featuredmedia":[{"embeddable":true,"href":"https:\/\/boat-service.ee\/en\/wp-json\/wp\/v2\/media\/87299"}],"wp:attachment":[{"href":"https:\/\/boat-service.ee\/en\/wp-json\/wp\/v2\/media?parent=87333"}],"wp:term":[{"taxonomy":"product_brand","embeddable":true,"href":"https:\/\/boat-service.ee\/en\/wp-json\/wp\/v2\/product_brand?post=87333"},{"taxonomy":"product_cat","embeddable":true,"href":"https:\/\/boat-service.ee\/en\/wp-json\/wp\/v2\/product_cat?post=87333"},{"taxonomy":"product_tag","embeddable":true,"href":"https:\/\/boat-service.ee\/en\/wp-json\/wp\/v2\/product_tag?post=87333"}],"curies":[{"name":"wp","href":"https:\/\/api.w.org\/{rel}","templated":true}]}}