{"id":82373,"date":"2024-03-13T12:13:02","date_gmt":"2024-03-13T10:13:02","guid":{"rendered":"https:\/\/boat-service.ee\/pood\/uncategorized\/tiki-be590-r-trailer\/"},"modified":"2024-03-13T12:13:02","modified_gmt":"2024-03-13T10:13:02","slug":"tiki-be590-r-trailer","status":"publish","type":"product","link":"https:\/\/boat-service.ee\/en\/shop\/treilers\/tiki-trailerid-en-treilers\/tiki-be590-r-trailer\/","title":{"rendered":"TIKI BE590-R trailer"},"content":{"rendered":"<h3 class=\"single-title mb-3\">Standardvarustus<\/h3>\n<ul class=\"Options-list list-reset\">\n<li class=\"flex items-center py-3 px-5\">Tugiratas<\/li>\n<li class=\"flex items-center py-3 px-5\">Tugev kuumtsingitud keevisraam<\/li>\n<li class=\"flex items-center py-3 px-5\">2 kiilurulli<\/li>\n<li class=\"flex items-center py-3 px-5\">Vintsipukk koos vintsi ja ninatoega<\/li>\n<li class=\"flex items-center py-3 px-5\">Reguleeritavad k\u00fcljetoed<\/li>\n<li class=\"flex items-center py-3 px-5\">Veekindlad rummud<\/li>\n<li class=\"flex items-center py-3 px-5\">Tugevad kinnitusaasad<\/li>\n<li class=\"flex items-center py-3 px-5\">Tasakaalustatud rattad M+S rehvidega<\/li>\n<\/ul>\n","protected":false},"excerpt":{"rendered":"<p><strong>TEHNILISED ANDMED<\/strong><\/p>\n<table>\n<tbody>\n<tr>\n<td>Raam<\/td>\n<td>Keevis<\/td>\n<\/tr>\n<tr>\n<td>T\u00e4ismass (kg)<\/td>\n<td>590<\/td>\n<\/tr>\n<tr>\n<td>T\u00fchimass (kg)<\/td>\n<td>111<\/td>\n<\/tr>\n<tr>\n<td>Kandev\u00f5ime (kg)<\/td>\n<td>479<\/td>\n<\/tr>\n<tr>\n<td>Max paadi pikkus (m)<\/td>\n<td>4,6<\/td>\n<\/tr>\n<tr>\n<td>Haagise pikkus (m)<\/td>\n<td>4,43<\/td>\n<\/tr>\n<tr>\n<td>Haagise laius (m)<\/td>\n<td>1,56<\/td>\n<\/tr>\n<tr>\n<td>Sild<\/td>\n<td>Torsioon<\/td>\n<\/tr>\n<tr>\n<td>Pidurid<\/td>\n<td>EI<\/td>\n<\/tr>\n<tr>\n<td>Rehvid<\/td>\n<td>145 R13<\/td>\n<\/tr>\n<\/tbody>\n<\/table>\n","protected":false},"featured_media":82358,"template":"","meta":[],"product_brand":[],"product_cat":[1064],"product_tag":[],"class_list":{"0":"post-82373","1":"product","2":"type-product","3":"status-publish","4":"has-post-thumbnail","6":"product_cat-tiki-trailerid-en-treilers","7":"tm-has-options","9":"first","10":"instock","11":"taxable","12":"shipping-taxable","13":"purchasable","14":"product-type-simple"},"yoast_head":"<!-- This site is optimized with the Yoast SEO plugin v27.2 - https:\/\/yoast.com\/product\/yoast-seo-wordpress\/ -->\n<title>TIKI BE590-R trailer - Boat Service Estonia<\/title>\n<meta name=\"robots\" content=\"index, follow, max-snippet:-1, max-image-preview:large, max-video-preview:-1\" \/>\n<link rel=\"canonical\" href=\"https:\/\/boat-service.ee\/en\/shop\/treilers\/tiki-trailerid-en-treilers\/tiki-be590-r-trailer\/\" \/>\n<meta property=\"og:locale\" content=\"en_US\" \/>\n<meta property=\"og:type\" content=\"article\" \/>\n<meta property=\"og:title\" content=\"TIKI BE590-R trailer - Boat Service Estonia\" \/>\n<meta property=\"og:description\" content=\"TEHNILISED ANDMED    Raam Keevis   T\u00e4ismass (kg) 590   T\u00fchimass (kg) 111   Kandev\u00f5ime (kg) 479   Max paadi pikkus (m) 4,6   Haagise pikkus (m) 4,43   Haagise laius (m) 1,56   Sild Torsioon   Pidurid EI   Rehvid 145 R13\" \/>\n<meta property=\"og:url\" content=\"https:\/\/boat-service.ee\/en\/shop\/treilers\/tiki-trailerid-en-treilers\/tiki-be590-r-trailer\/\" \/>\n<meta property=\"og:site_name\" content=\"Boat Service Estonia\" \/>\n<meta property=\"article:publisher\" content=\"https:\/\/www.facebook.com\/boatserviceestonia\" \/>\n<meta property=\"og:image\" content=\"https:\/\/boat-service.ee\/wp-content\/uploads\/2024\/03\/Tiki-BE590-R_EC0558TI_main.jpg\" \/>\n\t<meta property=\"og:image:width\" content=\"1920\" \/>\n\t<meta property=\"og:image:height\" content=\"1920\" \/>\n\t<meta property=\"og:image:type\" content=\"image\/jpeg\" \/>\n<meta name=\"twitter:card\" content=\"summary_large_image\" \/>\n<script type=\"application\/ld+json\" class=\"yoast-schema-graph\">{\"@context\":\"https:\/\/schema.org\",\"@graph\":[{\"@type\":\"WebPage\",\"@id\":\"https:\/\/boat-service.ee\/en\/shop\/treilers\/tiki-trailerid-en-treilers\/tiki-be590-r-trailer\/\",\"url\":\"https:\/\/boat-service.ee\/en\/shop\/treilers\/tiki-trailerid-en-treilers\/tiki-be590-r-trailer\/\",\"name\":\"TIKI BE590-R trailer - Boat Service Estonia\",\"isPartOf\":{\"@id\":\"https:\/\/boat-service.ee\/en\/#website\"},\"primaryImageOfPage\":{\"@id\":\"https:\/\/boat-service.ee\/en\/shop\/treilers\/tiki-trailerid-en-treilers\/tiki-be590-r-trailer\/#primaryimage\"},\"image\":{\"@id\":\"https:\/\/boat-service.ee\/en\/shop\/treilers\/tiki-trailerid-en-treilers\/tiki-be590-r-trailer\/#primaryimage\"},\"thumbnailUrl\":\"https:\/\/boat-service.ee\/wp-content\/uploads\/2024\/03\/Tiki-BE590-R_EC0558TI_main.jpg\",\"datePublished\":\"2024-03-13T10:13:02+00:00\",\"breadcrumb\":{\"@id\":\"https:\/\/boat-service.ee\/en\/shop\/treilers\/tiki-trailerid-en-treilers\/tiki-be590-r-trailer\/#breadcrumb\"},\"inLanguage\":\"en-US\",\"potentialAction\":[{\"@type\":\"ReadAction\",\"target\":[\"https:\/\/boat-service.ee\/en\/shop\/treilers\/tiki-trailerid-en-treilers\/tiki-be590-r-trailer\/\"]}]},{\"@type\":\"ImageObject\",\"inLanguage\":\"en-US\",\"@id\":\"https:\/\/boat-service.ee\/en\/shop\/treilers\/tiki-trailerid-en-treilers\/tiki-be590-r-trailer\/#primaryimage\",\"url\":\"https:\/\/boat-service.ee\/wp-content\/uploads\/2024\/03\/Tiki-BE590-R_EC0558TI_main.jpg\",\"contentUrl\":\"https:\/\/boat-service.ee\/wp-content\/uploads\/2024\/03\/Tiki-BE590-R_EC0558TI_main.jpg\",\"width\":1920,\"height\":1920},{\"@type\":\"BreadcrumbList\",\"@id\":\"https:\/\/boat-service.ee\/en\/shop\/treilers\/tiki-trailerid-en-treilers\/tiki-be590-r-trailer\/#breadcrumb\",\"itemListElement\":[{\"@type\":\"ListItem\",\"position\":1,\"name\":\"Home\",\"item\":\"https:\/\/boat-service.ee\/en\/\"},{\"@type\":\"ListItem\",\"position\":2,\"name\":\"Shop\",\"item\":\"https:\/\/boat-service.ee\/en\/shop\/\"},{\"@type\":\"ListItem\",\"position\":3,\"name\":\"TIKI BE590-R trailer\"}]},{\"@type\":\"WebSite\",\"@id\":\"https:\/\/boat-service.ee\/en\/#website\",\"url\":\"https:\/\/boat-service.ee\/en\/\",\"name\":\"Boat Service Estonia\",\"description\":\"Boat Service Estonia - Mootorpaadid, treilerid, mootorid\",\"publisher\":{\"@id\":\"https:\/\/boat-service.ee\/en\/#organization\"},\"potentialAction\":[{\"@type\":\"SearchAction\",\"target\":{\"@type\":\"EntryPoint\",\"urlTemplate\":\"https:\/\/boat-service.ee\/en\/?s={search_term_string}\"},\"query-input\":{\"@type\":\"PropertyValueSpecification\",\"valueRequired\":true,\"valueName\":\"search_term_string\"}}],\"inLanguage\":\"en-US\"},{\"@type\":\"Organization\",\"@id\":\"https:\/\/boat-service.ee\/en\/#organization\",\"name\":\"KALASTUSPOOD O\u00dc\",\"url\":\"https:\/\/boat-service.ee\/en\/\",\"logo\":{\"@type\":\"ImageObject\",\"inLanguage\":\"en-US\",\"@id\":\"https:\/\/boat-service.ee\/en\/#\/schema\/logo\/image\/\",\"url\":\"https:\/\/boat-service.ee\/wp-content\/uploads\/2023\/05\/impLogo.png\",\"contentUrl\":\"https:\/\/boat-service.ee\/wp-content\/uploads\/2023\/05\/impLogo.png\",\"width\":270,\"height\":107,\"caption\":\"KALASTUSPOOD O\u00dc\"},\"image\":{\"@id\":\"https:\/\/boat-service.ee\/en\/#\/schema\/logo\/image\/\"},\"sameAs\":[\"https:\/\/www.facebook.com\/boatserviceestonia\",\"https:\/\/www.instagram.com\/kalastus_ja_paadipood\/\"]}]}<\/script>\n<!-- \/ Yoast SEO plugin. -->","yoast_head_json":{"title":"TIKI BE590-R trailer - Boat Service Estonia","robots":{"index":"index","follow":"follow","max-snippet":"max-snippet:-1","max-image-preview":"max-image-preview:large","max-video-preview":"max-video-preview:-1"},"canonical":"https:\/\/boat-service.ee\/en\/shop\/treilers\/tiki-trailerid-en-treilers\/tiki-be590-r-trailer\/","og_locale":"en_US","og_type":"article","og_title":"TIKI BE590-R trailer - Boat Service Estonia","og_description":"TEHNILISED ANDMED    Raam Keevis   T\u00e4ismass (kg) 590   T\u00fchimass (kg) 111   Kandev\u00f5ime (kg) 479   Max paadi pikkus (m) 4,6   Haagise pikkus (m) 4,43   Haagise laius (m) 1,56   Sild Torsioon   Pidurid EI   Rehvid 145 R13","og_url":"https:\/\/boat-service.ee\/en\/shop\/treilers\/tiki-trailerid-en-treilers\/tiki-be590-r-trailer\/","og_site_name":"Boat Service Estonia","article_publisher":"https:\/\/www.facebook.com\/boatserviceestonia","og_image":[{"width":1920,"height":1920,"url":"https:\/\/boat-service.ee\/wp-content\/uploads\/2024\/03\/Tiki-BE590-R_EC0558TI_main.jpg","type":"image\/jpeg"}],"twitter_card":"summary_large_image","schema":{"@context":"https:\/\/schema.org","@graph":[{"@type":"WebPage","@id":"https:\/\/boat-service.ee\/en\/shop\/treilers\/tiki-trailerid-en-treilers\/tiki-be590-r-trailer\/","url":"https:\/\/boat-service.ee\/en\/shop\/treilers\/tiki-trailerid-en-treilers\/tiki-be590-r-trailer\/","name":"TIKI BE590-R trailer - Boat Service Estonia","isPartOf":{"@id":"https:\/\/boat-service.ee\/en\/#website"},"primaryImageOfPage":{"@id":"https:\/\/boat-service.ee\/en\/shop\/treilers\/tiki-trailerid-en-treilers\/tiki-be590-r-trailer\/#primaryimage"},"image":{"@id":"https:\/\/boat-service.ee\/en\/shop\/treilers\/tiki-trailerid-en-treilers\/tiki-be590-r-trailer\/#primaryimage"},"thumbnailUrl":"https:\/\/boat-service.ee\/wp-content\/uploads\/2024\/03\/Tiki-BE590-R_EC0558TI_main.jpg","datePublished":"2024-03-13T10:13:02+00:00","breadcrumb":{"@id":"https:\/\/boat-service.ee\/en\/shop\/treilers\/tiki-trailerid-en-treilers\/tiki-be590-r-trailer\/#breadcrumb"},"inLanguage":"en-US","potentialAction":[{"@type":"ReadAction","target":["https:\/\/boat-service.ee\/en\/shop\/treilers\/tiki-trailerid-en-treilers\/tiki-be590-r-trailer\/"]}]},{"@type":"ImageObject","inLanguage":"en-US","@id":"https:\/\/boat-service.ee\/en\/shop\/treilers\/tiki-trailerid-en-treilers\/tiki-be590-r-trailer\/#primaryimage","url":"https:\/\/boat-service.ee\/wp-content\/uploads\/2024\/03\/Tiki-BE590-R_EC0558TI_main.jpg","contentUrl":"https:\/\/boat-service.ee\/wp-content\/uploads\/2024\/03\/Tiki-BE590-R_EC0558TI_main.jpg","width":1920,"height":1920},{"@type":"BreadcrumbList","@id":"https:\/\/boat-service.ee\/en\/shop\/treilers\/tiki-trailerid-en-treilers\/tiki-be590-r-trailer\/#breadcrumb","itemListElement":[{"@type":"ListItem","position":1,"name":"Home","item":"https:\/\/boat-service.ee\/en\/"},{"@type":"ListItem","position":2,"name":"Shop","item":"https:\/\/boat-service.ee\/en\/shop\/"},{"@type":"ListItem","position":3,"name":"TIKI BE590-R trailer"}]},{"@type":"WebSite","@id":"https:\/\/boat-service.ee\/en\/#website","url":"https:\/\/boat-service.ee\/en\/","name":"Boat Service Estonia","description":"Boat Service Estonia - Mootorpaadid, treilerid, mootorid","publisher":{"@id":"https:\/\/boat-service.ee\/en\/#organization"},"potentialAction":[{"@type":"SearchAction","target":{"@type":"EntryPoint","urlTemplate":"https:\/\/boat-service.ee\/en\/?s={search_term_string}"},"query-input":{"@type":"PropertyValueSpecification","valueRequired":true,"valueName":"search_term_string"}}],"inLanguage":"en-US"},{"@type":"Organization","@id":"https:\/\/boat-service.ee\/en\/#organization","name":"KALASTUSPOOD O\u00dc","url":"https:\/\/boat-service.ee\/en\/","logo":{"@type":"ImageObject","inLanguage":"en-US","@id":"https:\/\/boat-service.ee\/en\/#\/schema\/logo\/image\/","url":"https:\/\/boat-service.ee\/wp-content\/uploads\/2023\/05\/impLogo.png","contentUrl":"https:\/\/boat-service.ee\/wp-content\/uploads\/2023\/05\/impLogo.png","width":270,"height":107,"caption":"KALASTUSPOOD O\u00dc"},"image":{"@id":"https:\/\/boat-service.ee\/en\/#\/schema\/logo\/image\/"},"sameAs":["https:\/\/www.facebook.com\/boatserviceestonia","https:\/\/www.instagram.com\/kalastus_ja_paadipood\/"]}]}},"_links":{"self":[{"href":"https:\/\/boat-service.ee\/en\/wp-json\/wp\/v2\/product\/82373","targetHints":{"allow":["GET"]}}],"collection":[{"href":"https:\/\/boat-service.ee\/en\/wp-json\/wp\/v2\/product"}],"about":[{"href":"https:\/\/boat-service.ee\/en\/wp-json\/wp\/v2\/types\/product"}],"wp:featuredmedia":[{"embeddable":true,"href":"https:\/\/boat-service.ee\/en\/wp-json\/wp\/v2\/media\/82358"}],"wp:attachment":[{"href":"https:\/\/boat-service.ee\/en\/wp-json\/wp\/v2\/media?parent=82373"}],"wp:term":[{"taxonomy":"product_brand","embeddable":true,"href":"https:\/\/boat-service.ee\/en\/wp-json\/wp\/v2\/product_brand?post=82373"},{"taxonomy":"product_cat","embeddable":true,"href":"https:\/\/boat-service.ee\/en\/wp-json\/wp\/v2\/product_cat?post=82373"},{"taxonomy":"product_tag","embeddable":true,"href":"https:\/\/boat-service.ee\/en\/wp-json\/wp\/v2\/product_tag?post=82373"}],"curies":[{"name":"wp","href":"https:\/\/api.w.org\/{rel}","templated":true}]}}