{"id":72603,"date":"2023-07-24T16:34:32","date_gmt":"2023-07-24T14:34:32","guid":{"rendered":"https:\/\/boat-service.ee\/pood\/uncategorized\/linder-fishing-410\/"},"modified":"2023-07-24T16:34:32","modified_gmt":"2023-07-24T14:34:32","slug":"linder-fishing-410","status":"publish","type":"product","link":"https:\/\/boat-service.ee\/en\/shop\/boats\/linder-en\/linder-fishing-410\/","title":{"rendered":"LINDER Fishing 410"},"content":{"rendered":"","protected":false},"excerpt":{"rendered":"<p>Kerge paat, sobib eelk\u00f5ige j\u00e4rvedele.\u00a0 V\u00f5ib paigaldada v\u00e4ikese p\u00e4ramootori v\u00f5i elektrimootori. Keskkonnas\u00f5bralik paadivalik. Valmistatud k\u00f5rgekvaliteetsest korrosioonikindlast alumiiniumist (kasutatav lennukiehituses). Fishing 410 on varustatud alumiiniumist aerudega.<\/p>\n<p><strong>TEHNILISED N\u00c4ITAJAD<\/strong><\/p>\n<table>\n<tbody>\n<tr>\n<td>Pikkus<\/td>\n<td>403cm<\/td>\n<\/tr>\n<tr>\n<td>Laius<\/td>\n<td>156cm<\/td>\n<\/tr>\n<tr>\n<td>Kaal<\/td>\n<td>75kg<\/td>\n<\/tr>\n<tr>\n<td>Parda k\u00f5rgus<\/td>\n<td>50cm<\/td>\n<\/tr>\n<tr>\n<td>Sisek\u00f5rgus<\/td>\n<td>57cm<\/td>\n<\/tr>\n<tr>\n<td>Kere paksus<\/td>\n<td>1,7mm<\/td>\n<\/tr>\n<tr>\n<td>Kere s\u00fcgavus<\/td>\n<td>63cm<\/td>\n<\/tr>\n<tr>\n<td>Soovituslik mootor<\/td>\n<td>2,5\u20133,5 hj (1,9\u20132,6 kW)<\/td>\n<\/tr>\n<tr>\n<td>Maksimaalne lubatud mootoriv\u00f5imsus<\/td>\n<td>3,9 hj (2,9 kW)<\/td>\n<\/tr>\n<tr>\n<td>P\u00e4ramootori jala pikkus<\/td>\n<td>l\u00fchike(S)<\/td>\n<\/tr>\n<tr>\n<td>Kandev\u00f5ime<\/td>\n<td>300kg<\/td>\n<\/tr>\n<tr>\n<td>Maksimaalne inimeste arv<\/td>\n<td>3<\/td>\n<\/tr>\n<tr>\n<td>CE-m\u00e4rgisega kategooria<\/td>\n<td>rannik, D siseveed<\/td>\n<\/tr>\n<\/tbody>\n<\/table>\n","protected":false},"featured_media":72548,"template":"","meta":[],"product_brand":[],"product_cat":[765],"product_tag":[],"class_list":{"0":"post-72603","1":"product","2":"type-product","3":"status-publish","4":"has-post-thumbnail","6":"product_cat-linder-en","7":"tm-has-options","9":"first","10":"instock","11":"taxable","12":"shipping-taxable","13":"purchasable","14":"product-type-simple"},"yoast_head":"<!-- This site is optimized with the Yoast SEO plugin v27.2 - https:\/\/yoast.com\/product\/yoast-seo-wordpress\/ -->\n<title>LINDER Fishing 410 - Boat Service Estonia<\/title>\n<meta name=\"robots\" content=\"index, follow, max-snippet:-1, max-image-preview:large, max-video-preview:-1\" \/>\n<link rel=\"canonical\" href=\"https:\/\/boat-service.ee\/en\/shop\/boats\/linder-en\/linder-fishing-410\/\" \/>\n<meta property=\"og:locale\" content=\"en_US\" \/>\n<meta property=\"og:type\" content=\"article\" \/>\n<meta property=\"og:title\" content=\"LINDER Fishing 410 - Boat Service Estonia\" \/>\n<meta property=\"og:description\" content=\"Kerge paat, sobib eelk\u00f5ige j\u00e4rvedele.\u00a0 V\u00f5ib paigaldada v\u00e4ikese p\u00e4ramootori v\u00f5i elektrimootori. Keskkonnas\u00f5bralik paadivalik. Valmistatud k\u00f5rgekvaliteetsest korrosioonikindlast alumiiniumist (kasutatav lennukiehituses). Fishing 410 on varustatud alumiiniumist aerudega. TEHNILISED N\u00c4ITAJAD    Pikkus 403cm   Laius 156cm   Kaal 75kg   Parda k\u00f5rgus 50cm   Sisek\u00f5rgus 57cm   Kere paksus 1,7mm   Kere s\u00fcgavus 63cm   Soovituslik mootor 2,5\u20133,5 hj (1,9\u20132,6 kW)   Maksimaalne lubatud mootoriv\u00f5imsus 3,9 hj (2,9 kW)   P\u00e4ramootori jala pikkus l\u00fchike(S)   Kandev\u00f5ime 300kg   Maksimaalne inimeste arv 3   CE-m\u00e4rgisega kategooria rannik, D siseveed\" \/>\n<meta property=\"og:url\" content=\"https:\/\/boat-service.ee\/en\/shop\/boats\/linder-en\/linder-fishing-410\/\" \/>\n<meta property=\"og:site_name\" content=\"Boat Service Estonia\" \/>\n<meta property=\"article:publisher\" content=\"https:\/\/www.facebook.com\/boatserviceestonia\" \/>\n<meta property=\"og:image\" content=\"https:\/\/boat-service.ee\/wp-content\/uploads\/2023\/07\/Linder-445-fishing-main.jpg\" \/>\n\t<meta property=\"og:image:width\" content=\"960\" \/>\n\t<meta property=\"og:image:height\" content=\"960\" \/>\n\t<meta property=\"og:image:type\" content=\"image\/jpeg\" \/>\n<meta name=\"twitter:card\" content=\"summary_large_image\" \/>\n<script type=\"application\/ld+json\" class=\"yoast-schema-graph\">{\"@context\":\"https:\/\/schema.org\",\"@graph\":[{\"@type\":\"WebPage\",\"@id\":\"https:\/\/boat-service.ee\/en\/shop\/boats\/linder-en\/linder-fishing-410\/\",\"url\":\"https:\/\/boat-service.ee\/en\/shop\/boats\/linder-en\/linder-fishing-410\/\",\"name\":\"LINDER Fishing 410 - Boat Service Estonia\",\"isPartOf\":{\"@id\":\"https:\/\/boat-service.ee\/en\/#website\"},\"primaryImageOfPage\":{\"@id\":\"https:\/\/boat-service.ee\/en\/shop\/boats\/linder-en\/linder-fishing-410\/#primaryimage\"},\"image\":{\"@id\":\"https:\/\/boat-service.ee\/en\/shop\/boats\/linder-en\/linder-fishing-410\/#primaryimage\"},\"thumbnailUrl\":\"https:\/\/boat-service.ee\/wp-content\/uploads\/2023\/07\/Linder-445-fishing-main.jpg\",\"datePublished\":\"2023-07-24T14:34:32+00:00\",\"breadcrumb\":{\"@id\":\"https:\/\/boat-service.ee\/en\/shop\/boats\/linder-en\/linder-fishing-410\/#breadcrumb\"},\"inLanguage\":\"en-US\",\"potentialAction\":[{\"@type\":\"ReadAction\",\"target\":[\"https:\/\/boat-service.ee\/en\/shop\/boats\/linder-en\/linder-fishing-410\/\"]}]},{\"@type\":\"ImageObject\",\"inLanguage\":\"en-US\",\"@id\":\"https:\/\/boat-service.ee\/en\/shop\/boats\/linder-en\/linder-fishing-410\/#primaryimage\",\"url\":\"https:\/\/boat-service.ee\/wp-content\/uploads\/2023\/07\/Linder-445-fishing-main.jpg\",\"contentUrl\":\"https:\/\/boat-service.ee\/wp-content\/uploads\/2023\/07\/Linder-445-fishing-main.jpg\",\"width\":960,\"height\":960},{\"@type\":\"BreadcrumbList\",\"@id\":\"https:\/\/boat-service.ee\/en\/shop\/boats\/linder-en\/linder-fishing-410\/#breadcrumb\",\"itemListElement\":[{\"@type\":\"ListItem\",\"position\":1,\"name\":\"Home\",\"item\":\"https:\/\/boat-service.ee\/en\/\"},{\"@type\":\"ListItem\",\"position\":2,\"name\":\"Shop\",\"item\":\"https:\/\/boat-service.ee\/en\/shop\/\"},{\"@type\":\"ListItem\",\"position\":3,\"name\":\"LINDER Fishing 410\"}]},{\"@type\":\"WebSite\",\"@id\":\"https:\/\/boat-service.ee\/en\/#website\",\"url\":\"https:\/\/boat-service.ee\/en\/\",\"name\":\"Boat Service Estonia\",\"description\":\"Boat Service Estonia - Mootorpaadid, treilerid, mootorid\",\"publisher\":{\"@id\":\"https:\/\/boat-service.ee\/en\/#organization\"},\"potentialAction\":[{\"@type\":\"SearchAction\",\"target\":{\"@type\":\"EntryPoint\",\"urlTemplate\":\"https:\/\/boat-service.ee\/en\/?s={search_term_string}\"},\"query-input\":{\"@type\":\"PropertyValueSpecification\",\"valueRequired\":true,\"valueName\":\"search_term_string\"}}],\"inLanguage\":\"en-US\"},{\"@type\":\"Organization\",\"@id\":\"https:\/\/boat-service.ee\/en\/#organization\",\"name\":\"KALASTUSPOOD O\u00dc\",\"url\":\"https:\/\/boat-service.ee\/en\/\",\"logo\":{\"@type\":\"ImageObject\",\"inLanguage\":\"en-US\",\"@id\":\"https:\/\/boat-service.ee\/en\/#\/schema\/logo\/image\/\",\"url\":\"https:\/\/boat-service.ee\/wp-content\/uploads\/2023\/05\/impLogo.png\",\"contentUrl\":\"https:\/\/boat-service.ee\/wp-content\/uploads\/2023\/05\/impLogo.png\",\"width\":270,\"height\":107,\"caption\":\"KALASTUSPOOD O\u00dc\"},\"image\":{\"@id\":\"https:\/\/boat-service.ee\/en\/#\/schema\/logo\/image\/\"},\"sameAs\":[\"https:\/\/www.facebook.com\/boatserviceestonia\",\"https:\/\/www.instagram.com\/kalastus_ja_paadipood\/\"]}]}<\/script>\n<!-- \/ Yoast SEO plugin. -->","yoast_head_json":{"title":"LINDER Fishing 410 - Boat Service Estonia","robots":{"index":"index","follow":"follow","max-snippet":"max-snippet:-1","max-image-preview":"max-image-preview:large","max-video-preview":"max-video-preview:-1"},"canonical":"https:\/\/boat-service.ee\/en\/shop\/boats\/linder-en\/linder-fishing-410\/","og_locale":"en_US","og_type":"article","og_title":"LINDER Fishing 410 - Boat Service Estonia","og_description":"Kerge paat, sobib eelk\u00f5ige j\u00e4rvedele.\u00a0 V\u00f5ib paigaldada v\u00e4ikese p\u00e4ramootori v\u00f5i elektrimootori. Keskkonnas\u00f5bralik paadivalik. Valmistatud k\u00f5rgekvaliteetsest korrosioonikindlast alumiiniumist (kasutatav lennukiehituses). Fishing 410 on varustatud alumiiniumist aerudega. TEHNILISED N\u00c4ITAJAD    Pikkus 403cm   Laius 156cm   Kaal 75kg   Parda k\u00f5rgus 50cm   Sisek\u00f5rgus 57cm   Kere paksus 1,7mm   Kere s\u00fcgavus 63cm   Soovituslik mootor 2,5\u20133,5 hj (1,9\u20132,6 kW)   Maksimaalne lubatud mootoriv\u00f5imsus 3,9 hj (2,9 kW)   P\u00e4ramootori jala pikkus l\u00fchike(S)   Kandev\u00f5ime 300kg   Maksimaalne inimeste arv 3   CE-m\u00e4rgisega kategooria rannik, D siseveed","og_url":"https:\/\/boat-service.ee\/en\/shop\/boats\/linder-en\/linder-fishing-410\/","og_site_name":"Boat Service Estonia","article_publisher":"https:\/\/www.facebook.com\/boatserviceestonia","og_image":[{"width":960,"height":960,"url":"https:\/\/boat-service.ee\/wp-content\/uploads\/2023\/07\/Linder-445-fishing-main.jpg","type":"image\/jpeg"}],"twitter_card":"summary_large_image","schema":{"@context":"https:\/\/schema.org","@graph":[{"@type":"WebPage","@id":"https:\/\/boat-service.ee\/en\/shop\/boats\/linder-en\/linder-fishing-410\/","url":"https:\/\/boat-service.ee\/en\/shop\/boats\/linder-en\/linder-fishing-410\/","name":"LINDER Fishing 410 - Boat Service Estonia","isPartOf":{"@id":"https:\/\/boat-service.ee\/en\/#website"},"primaryImageOfPage":{"@id":"https:\/\/boat-service.ee\/en\/shop\/boats\/linder-en\/linder-fishing-410\/#primaryimage"},"image":{"@id":"https:\/\/boat-service.ee\/en\/shop\/boats\/linder-en\/linder-fishing-410\/#primaryimage"},"thumbnailUrl":"https:\/\/boat-service.ee\/wp-content\/uploads\/2023\/07\/Linder-445-fishing-main.jpg","datePublished":"2023-07-24T14:34:32+00:00","breadcrumb":{"@id":"https:\/\/boat-service.ee\/en\/shop\/boats\/linder-en\/linder-fishing-410\/#breadcrumb"},"inLanguage":"en-US","potentialAction":[{"@type":"ReadAction","target":["https:\/\/boat-service.ee\/en\/shop\/boats\/linder-en\/linder-fishing-410\/"]}]},{"@type":"ImageObject","inLanguage":"en-US","@id":"https:\/\/boat-service.ee\/en\/shop\/boats\/linder-en\/linder-fishing-410\/#primaryimage","url":"https:\/\/boat-service.ee\/wp-content\/uploads\/2023\/07\/Linder-445-fishing-main.jpg","contentUrl":"https:\/\/boat-service.ee\/wp-content\/uploads\/2023\/07\/Linder-445-fishing-main.jpg","width":960,"height":960},{"@type":"BreadcrumbList","@id":"https:\/\/boat-service.ee\/en\/shop\/boats\/linder-en\/linder-fishing-410\/#breadcrumb","itemListElement":[{"@type":"ListItem","position":1,"name":"Home","item":"https:\/\/boat-service.ee\/en\/"},{"@type":"ListItem","position":2,"name":"Shop","item":"https:\/\/boat-service.ee\/en\/shop\/"},{"@type":"ListItem","position":3,"name":"LINDER Fishing 410"}]},{"@type":"WebSite","@id":"https:\/\/boat-service.ee\/en\/#website","url":"https:\/\/boat-service.ee\/en\/","name":"Boat Service Estonia","description":"Boat Service Estonia - Mootorpaadid, treilerid, mootorid","publisher":{"@id":"https:\/\/boat-service.ee\/en\/#organization"},"potentialAction":[{"@type":"SearchAction","target":{"@type":"EntryPoint","urlTemplate":"https:\/\/boat-service.ee\/en\/?s={search_term_string}"},"query-input":{"@type":"PropertyValueSpecification","valueRequired":true,"valueName":"search_term_string"}}],"inLanguage":"en-US"},{"@type":"Organization","@id":"https:\/\/boat-service.ee\/en\/#organization","name":"KALASTUSPOOD O\u00dc","url":"https:\/\/boat-service.ee\/en\/","logo":{"@type":"ImageObject","inLanguage":"en-US","@id":"https:\/\/boat-service.ee\/en\/#\/schema\/logo\/image\/","url":"https:\/\/boat-service.ee\/wp-content\/uploads\/2023\/05\/impLogo.png","contentUrl":"https:\/\/boat-service.ee\/wp-content\/uploads\/2023\/05\/impLogo.png","width":270,"height":107,"caption":"KALASTUSPOOD O\u00dc"},"image":{"@id":"https:\/\/boat-service.ee\/en\/#\/schema\/logo\/image\/"},"sameAs":["https:\/\/www.facebook.com\/boatserviceestonia","https:\/\/www.instagram.com\/kalastus_ja_paadipood\/"]}]}},"_links":{"self":[{"href":"https:\/\/boat-service.ee\/en\/wp-json\/wp\/v2\/product\/72603","targetHints":{"allow":["GET"]}}],"collection":[{"href":"https:\/\/boat-service.ee\/en\/wp-json\/wp\/v2\/product"}],"about":[{"href":"https:\/\/boat-service.ee\/en\/wp-json\/wp\/v2\/types\/product"}],"wp:featuredmedia":[{"embeddable":true,"href":"https:\/\/boat-service.ee\/en\/wp-json\/wp\/v2\/media\/72548"}],"wp:attachment":[{"href":"https:\/\/boat-service.ee\/en\/wp-json\/wp\/v2\/media?parent=72603"}],"wp:term":[{"taxonomy":"product_brand","embeddable":true,"href":"https:\/\/boat-service.ee\/en\/wp-json\/wp\/v2\/product_brand?post=72603"},{"taxonomy":"product_cat","embeddable":true,"href":"https:\/\/boat-service.ee\/en\/wp-json\/wp\/v2\/product_cat?post=72603"},{"taxonomy":"product_tag","embeddable":true,"href":"https:\/\/boat-service.ee\/en\/wp-json\/wp\/v2\/product_tag?post=72603"}],"curies":[{"name":"wp","href":"https:\/\/api.w.org\/{rel}","templated":true}]}}