{"id":70471,"date":"2023-06-07T14:56:19","date_gmt":"2023-06-07T12:56:19","guid":{"rendered":"https:\/\/boat-service.ee\/pood\/uncategorized\/suzuki-kingquad-750axi-eps-2023-maastikusoiduk-hall\/"},"modified":"2023-06-07T14:57:30","modified_gmt":"2023-06-07T12:57:30","slug":"suzuki-kingquad-750axi-eps-2023-maastikusoiduk-hall","status":"publish","type":"product","link":"https:\/\/boat-service.ee\/en\/shop\/lisatarvikud\/suzuki-kingquad-750axi-eps-2023-maastikusoiduk-hall\/","title":{"rendered":"Suzuki Kingquad 750AXi EPS 2023 maastikus\u00f5iduk, hall"},"content":{"rendered":"","protected":false},"excerpt":{"rendered":"<p>2023. aasta Suzuki Kingqyad LT-A750 MS2 EPS 4&#215;4 diferentsiaali lukustusega ja <strong>rooliv\u00f5imendiga<\/strong>.<\/p>\n<p>Suzuki LTA750 AXi on enim ostetud kvaliteet ATV Eestis ja mujal maailmas. T\u00e4iustatud on vedrustust. 750ccm atv\u00b4l on m\u00e4rkimisv\u00e4\u00e4rne v\u00e4\u00e4ndev\u00f5imsus, kerge ja v\u00e4iksema p\u00f6\u00f6rderaadiusega p\u00f6\u00f6ramine, hinnatud on kolmas keskmine t\u00f6\u00f6latern, samuti hinnatakse masinat k\u00f5rge kliirensi ja \u00f6konoomsuse t\u00f5ttu. Kergesti l\u00fclituvad k\u00e4igud, mis on \u00fclioluline lume l\u00fckkamisel v\u00f5i muude koduste t\u00f6\u00f6de tegemisel. J\u00e4relhooldus on Suzukil soodne. Rohkelt on saadaval soodsalt lisavarustust.<\/p>\n","protected":false},"featured_media":70431,"template":"","meta":[],"product_brand":[],"product_cat":[130],"product_tag":[],"class_list":{"0":"post-70471","1":"product","2":"type-product","3":"status-publish","4":"has-post-thumbnail","6":"product_cat-lisatarvikud","7":"product_shipping_class-rasked","8":"tm-has-options","10":"first","11":"instock","12":"taxable","13":"shipping-taxable","14":"purchasable","15":"product-type-simple"},"yoast_head":"<!-- This site is optimized with the Yoast SEO plugin v27.2 - https:\/\/yoast.com\/product\/yoast-seo-wordpress\/ -->\n<title>Suzuki Kingquad 750AXi EPS 2023 maastikus\u00f5iduk, hall - Boat Service Estonia<\/title>\n<meta name=\"robots\" content=\"index, follow, max-snippet:-1, max-image-preview:large, max-video-preview:-1\" \/>\n<link rel=\"canonical\" href=\"https:\/\/boat-service.ee\/en\/shop\/lisatarvikud\/suzuki-kingquad-750axi-eps-2023-maastikusoiduk-hall\/\" \/>\n<meta property=\"og:locale\" content=\"en_US\" \/>\n<meta property=\"og:type\" content=\"article\" \/>\n<meta property=\"og:title\" content=\"Suzuki Kingquad 750AXi EPS 2023 maastikus\u00f5iduk, hall - Boat Service Estonia\" \/>\n<meta property=\"og:description\" content=\"2023. aasta Suzuki Kingqyad LT-A750 MS2 EPS 4x4 diferentsiaali lukustusega ja rooliv\u00f5imendiga.  Suzuki LTA750 AXi on enim ostetud kvaliteet ATV Eestis ja mujal maailmas. T\u00e4iustatud on vedrustust. 750ccm atv\u00b4l on m\u00e4rkimisv\u00e4\u00e4rne v\u00e4\u00e4ndev\u00f5imsus, kerge ja v\u00e4iksema p\u00f6\u00f6rderaadiusega p\u00f6\u00f6ramine, hinnatud on kolmas keskmine t\u00f6\u00f6latern, samuti hinnatakse masinat k\u00f5rge kliirensi ja \u00f6konoomsuse t\u00f5ttu. Kergesti l\u00fclituvad k\u00e4igud, mis on \u00fclioluline lume l\u00fckkamisel v\u00f5i muude koduste t\u00f6\u00f6de tegemisel. J\u00e4relhooldus on Suzukil soodne. Rohkelt on saadaval soodsalt lisavarustust.\" \/>\n<meta property=\"og:url\" content=\"https:\/\/boat-service.ee\/en\/shop\/lisatarvikud\/suzuki-kingquad-750axi-eps-2023-maastikusoiduk-hall\/\" \/>\n<meta property=\"og:site_name\" content=\"Boat Service Estonia\" \/>\n<meta property=\"article:publisher\" content=\"https:\/\/www.facebook.com\/boatserviceestonia\" \/>\n<meta property=\"article:modified_time\" content=\"2023-06-07T12:57:30+00:00\" \/>\n<meta property=\"og:image\" content=\"https:\/\/boat-service.ee\/wp-content\/uploads\/2023\/06\/Suzuki-hall-1.jpg\" \/>\n\t<meta property=\"og:image:width\" content=\"960\" \/>\n\t<meta property=\"og:image:height\" content=\"960\" \/>\n\t<meta property=\"og:image:type\" content=\"image\/jpeg\" \/>\n<meta name=\"twitter:card\" content=\"summary_large_image\" \/>\n<script type=\"application\/ld+json\" class=\"yoast-schema-graph\">{\"@context\":\"https:\/\/schema.org\",\"@graph\":[{\"@type\":\"WebPage\",\"@id\":\"https:\/\/boat-service.ee\/en\/shop\/lisatarvikud\/suzuki-kingquad-750axi-eps-2023-maastikusoiduk-hall\/\",\"url\":\"https:\/\/boat-service.ee\/en\/shop\/lisatarvikud\/suzuki-kingquad-750axi-eps-2023-maastikusoiduk-hall\/\",\"name\":\"Suzuki Kingquad 750AXi EPS 2023 maastikus\u00f5iduk, hall - Boat Service Estonia\",\"isPartOf\":{\"@id\":\"https:\/\/boat-service.ee\/en\/#website\"},\"primaryImageOfPage\":{\"@id\":\"https:\/\/boat-service.ee\/en\/shop\/lisatarvikud\/suzuki-kingquad-750axi-eps-2023-maastikusoiduk-hall\/#primaryimage\"},\"image\":{\"@id\":\"https:\/\/boat-service.ee\/en\/shop\/lisatarvikud\/suzuki-kingquad-750axi-eps-2023-maastikusoiduk-hall\/#primaryimage\"},\"thumbnailUrl\":\"https:\/\/boat-service.ee\/wp-content\/uploads\/2023\/06\/Suzuki-hall-1.jpg\",\"datePublished\":\"2023-06-07T12:56:19+00:00\",\"dateModified\":\"2023-06-07T12:57:30+00:00\",\"breadcrumb\":{\"@id\":\"https:\/\/boat-service.ee\/en\/shop\/lisatarvikud\/suzuki-kingquad-750axi-eps-2023-maastikusoiduk-hall\/#breadcrumb\"},\"inLanguage\":\"en-US\",\"potentialAction\":[{\"@type\":\"ReadAction\",\"target\":[\"https:\/\/boat-service.ee\/en\/shop\/lisatarvikud\/suzuki-kingquad-750axi-eps-2023-maastikusoiduk-hall\/\"]}]},{\"@type\":\"ImageObject\",\"inLanguage\":\"en-US\",\"@id\":\"https:\/\/boat-service.ee\/en\/shop\/lisatarvikud\/suzuki-kingquad-750axi-eps-2023-maastikusoiduk-hall\/#primaryimage\",\"url\":\"https:\/\/boat-service.ee\/wp-content\/uploads\/2023\/06\/Suzuki-hall-1.jpg\",\"contentUrl\":\"https:\/\/boat-service.ee\/wp-content\/uploads\/2023\/06\/Suzuki-hall-1.jpg\",\"width\":960,\"height\":960},{\"@type\":\"BreadcrumbList\",\"@id\":\"https:\/\/boat-service.ee\/en\/shop\/lisatarvikud\/suzuki-kingquad-750axi-eps-2023-maastikusoiduk-hall\/#breadcrumb\",\"itemListElement\":[{\"@type\":\"ListItem\",\"position\":1,\"name\":\"Home\",\"item\":\"https:\/\/boat-service.ee\/en\/\"},{\"@type\":\"ListItem\",\"position\":2,\"name\":\"Shop\",\"item\":\"https:\/\/boat-service.ee\/en\/shop\/\"},{\"@type\":\"ListItem\",\"position\":3,\"name\":\"Suzuki Kingquad 750AXi EPS 2023 maastikus\u00f5iduk, hall\"}]},{\"@type\":\"WebSite\",\"@id\":\"https:\/\/boat-service.ee\/en\/#website\",\"url\":\"https:\/\/boat-service.ee\/en\/\",\"name\":\"Boat Service Estonia\",\"description\":\"Boat Service Estonia - Mootorpaadid, treilerid, mootorid\",\"publisher\":{\"@id\":\"https:\/\/boat-service.ee\/en\/#organization\"},\"potentialAction\":[{\"@type\":\"SearchAction\",\"target\":{\"@type\":\"EntryPoint\",\"urlTemplate\":\"https:\/\/boat-service.ee\/en\/?s={search_term_string}\"},\"query-input\":{\"@type\":\"PropertyValueSpecification\",\"valueRequired\":true,\"valueName\":\"search_term_string\"}}],\"inLanguage\":\"en-US\"},{\"@type\":\"Organization\",\"@id\":\"https:\/\/boat-service.ee\/en\/#organization\",\"name\":\"KALASTUSPOOD O\u00dc\",\"url\":\"https:\/\/boat-service.ee\/en\/\",\"logo\":{\"@type\":\"ImageObject\",\"inLanguage\":\"en-US\",\"@id\":\"https:\/\/boat-service.ee\/en\/#\/schema\/logo\/image\/\",\"url\":\"https:\/\/boat-service.ee\/wp-content\/uploads\/2023\/05\/impLogo.png\",\"contentUrl\":\"https:\/\/boat-service.ee\/wp-content\/uploads\/2023\/05\/impLogo.png\",\"width\":270,\"height\":107,\"caption\":\"KALASTUSPOOD O\u00dc\"},\"image\":{\"@id\":\"https:\/\/boat-service.ee\/en\/#\/schema\/logo\/image\/\"},\"sameAs\":[\"https:\/\/www.facebook.com\/boatserviceestonia\",\"https:\/\/www.instagram.com\/kalastus_ja_paadipood\/\"]}]}<\/script>\n<!-- \/ Yoast SEO plugin. -->","yoast_head_json":{"title":"Suzuki Kingquad 750AXi EPS 2023 maastikus\u00f5iduk, hall - Boat Service Estonia","robots":{"index":"index","follow":"follow","max-snippet":"max-snippet:-1","max-image-preview":"max-image-preview:large","max-video-preview":"max-video-preview:-1"},"canonical":"https:\/\/boat-service.ee\/en\/shop\/lisatarvikud\/suzuki-kingquad-750axi-eps-2023-maastikusoiduk-hall\/","og_locale":"en_US","og_type":"article","og_title":"Suzuki Kingquad 750AXi EPS 2023 maastikus\u00f5iduk, hall - Boat Service Estonia","og_description":"2023. aasta Suzuki Kingqyad LT-A750 MS2 EPS 4x4 diferentsiaali lukustusega ja rooliv\u00f5imendiga.  Suzuki LTA750 AXi on enim ostetud kvaliteet ATV Eestis ja mujal maailmas. T\u00e4iustatud on vedrustust. 750ccm atv\u00b4l on m\u00e4rkimisv\u00e4\u00e4rne v\u00e4\u00e4ndev\u00f5imsus, kerge ja v\u00e4iksema p\u00f6\u00f6rderaadiusega p\u00f6\u00f6ramine, hinnatud on kolmas keskmine t\u00f6\u00f6latern, samuti hinnatakse masinat k\u00f5rge kliirensi ja \u00f6konoomsuse t\u00f5ttu. Kergesti l\u00fclituvad k\u00e4igud, mis on \u00fclioluline lume l\u00fckkamisel v\u00f5i muude koduste t\u00f6\u00f6de tegemisel. J\u00e4relhooldus on Suzukil soodne. Rohkelt on saadaval soodsalt lisavarustust.","og_url":"https:\/\/boat-service.ee\/en\/shop\/lisatarvikud\/suzuki-kingquad-750axi-eps-2023-maastikusoiduk-hall\/","og_site_name":"Boat Service Estonia","article_publisher":"https:\/\/www.facebook.com\/boatserviceestonia","article_modified_time":"2023-06-07T12:57:30+00:00","og_image":[{"width":960,"height":960,"url":"https:\/\/boat-service.ee\/wp-content\/uploads\/2023\/06\/Suzuki-hall-1.jpg","type":"image\/jpeg"}],"twitter_card":"summary_large_image","schema":{"@context":"https:\/\/schema.org","@graph":[{"@type":"WebPage","@id":"https:\/\/boat-service.ee\/en\/shop\/lisatarvikud\/suzuki-kingquad-750axi-eps-2023-maastikusoiduk-hall\/","url":"https:\/\/boat-service.ee\/en\/shop\/lisatarvikud\/suzuki-kingquad-750axi-eps-2023-maastikusoiduk-hall\/","name":"Suzuki Kingquad 750AXi EPS 2023 maastikus\u00f5iduk, hall - Boat Service Estonia","isPartOf":{"@id":"https:\/\/boat-service.ee\/en\/#website"},"primaryImageOfPage":{"@id":"https:\/\/boat-service.ee\/en\/shop\/lisatarvikud\/suzuki-kingquad-750axi-eps-2023-maastikusoiduk-hall\/#primaryimage"},"image":{"@id":"https:\/\/boat-service.ee\/en\/shop\/lisatarvikud\/suzuki-kingquad-750axi-eps-2023-maastikusoiduk-hall\/#primaryimage"},"thumbnailUrl":"https:\/\/boat-service.ee\/wp-content\/uploads\/2023\/06\/Suzuki-hall-1.jpg","datePublished":"2023-06-07T12:56:19+00:00","dateModified":"2023-06-07T12:57:30+00:00","breadcrumb":{"@id":"https:\/\/boat-service.ee\/en\/shop\/lisatarvikud\/suzuki-kingquad-750axi-eps-2023-maastikusoiduk-hall\/#breadcrumb"},"inLanguage":"en-US","potentialAction":[{"@type":"ReadAction","target":["https:\/\/boat-service.ee\/en\/shop\/lisatarvikud\/suzuki-kingquad-750axi-eps-2023-maastikusoiduk-hall\/"]}]},{"@type":"ImageObject","inLanguage":"en-US","@id":"https:\/\/boat-service.ee\/en\/shop\/lisatarvikud\/suzuki-kingquad-750axi-eps-2023-maastikusoiduk-hall\/#primaryimage","url":"https:\/\/boat-service.ee\/wp-content\/uploads\/2023\/06\/Suzuki-hall-1.jpg","contentUrl":"https:\/\/boat-service.ee\/wp-content\/uploads\/2023\/06\/Suzuki-hall-1.jpg","width":960,"height":960},{"@type":"BreadcrumbList","@id":"https:\/\/boat-service.ee\/en\/shop\/lisatarvikud\/suzuki-kingquad-750axi-eps-2023-maastikusoiduk-hall\/#breadcrumb","itemListElement":[{"@type":"ListItem","position":1,"name":"Home","item":"https:\/\/boat-service.ee\/en\/"},{"@type":"ListItem","position":2,"name":"Shop","item":"https:\/\/boat-service.ee\/en\/shop\/"},{"@type":"ListItem","position":3,"name":"Suzuki Kingquad 750AXi EPS 2023 maastikus\u00f5iduk, hall"}]},{"@type":"WebSite","@id":"https:\/\/boat-service.ee\/en\/#website","url":"https:\/\/boat-service.ee\/en\/","name":"Boat Service Estonia","description":"Boat Service Estonia - Mootorpaadid, treilerid, mootorid","publisher":{"@id":"https:\/\/boat-service.ee\/en\/#organization"},"potentialAction":[{"@type":"SearchAction","target":{"@type":"EntryPoint","urlTemplate":"https:\/\/boat-service.ee\/en\/?s={search_term_string}"},"query-input":{"@type":"PropertyValueSpecification","valueRequired":true,"valueName":"search_term_string"}}],"inLanguage":"en-US"},{"@type":"Organization","@id":"https:\/\/boat-service.ee\/en\/#organization","name":"KALASTUSPOOD O\u00dc","url":"https:\/\/boat-service.ee\/en\/","logo":{"@type":"ImageObject","inLanguage":"en-US","@id":"https:\/\/boat-service.ee\/en\/#\/schema\/logo\/image\/","url":"https:\/\/boat-service.ee\/wp-content\/uploads\/2023\/05\/impLogo.png","contentUrl":"https:\/\/boat-service.ee\/wp-content\/uploads\/2023\/05\/impLogo.png","width":270,"height":107,"caption":"KALASTUSPOOD O\u00dc"},"image":{"@id":"https:\/\/boat-service.ee\/en\/#\/schema\/logo\/image\/"},"sameAs":["https:\/\/www.facebook.com\/boatserviceestonia","https:\/\/www.instagram.com\/kalastus_ja_paadipood\/"]}]}},"_links":{"self":[{"href":"https:\/\/boat-service.ee\/en\/wp-json\/wp\/v2\/product\/70471","targetHints":{"allow":["GET"]}}],"collection":[{"href":"https:\/\/boat-service.ee\/en\/wp-json\/wp\/v2\/product"}],"about":[{"href":"https:\/\/boat-service.ee\/en\/wp-json\/wp\/v2\/types\/product"}],"wp:featuredmedia":[{"embeddable":true,"href":"https:\/\/boat-service.ee\/en\/wp-json\/wp\/v2\/media\/70431"}],"wp:attachment":[{"href":"https:\/\/boat-service.ee\/en\/wp-json\/wp\/v2\/media?parent=70471"}],"wp:term":[{"taxonomy":"product_brand","embeddable":true,"href":"https:\/\/boat-service.ee\/en\/wp-json\/wp\/v2\/product_brand?post=70471"},{"taxonomy":"product_cat","embeddable":true,"href":"https:\/\/boat-service.ee\/en\/wp-json\/wp\/v2\/product_cat?post=70471"},{"taxonomy":"product_tag","embeddable":true,"href":"https:\/\/boat-service.ee\/en\/wp-json\/wp\/v2\/product_tag?post=70471"}],"curies":[{"name":"wp","href":"https:\/\/api.w.org\/{rel}","templated":true}]}}