{"id":62801,"date":"2023-02-16T13:44:12","date_gmt":"2023-02-16T11:44:12","guid":{"rendered":"https:\/\/boat-service.ee\/pood\/uncategorized\/skylla-390-tiller\/"},"modified":"2026-03-12T13:59:36","modified_gmt":"2026-03-12T11:59:36","slug":"skylla-390-tiller","status":"publish","type":"product","link":"https:\/\/boat-service.ee\/en\/shop\/boats\/skylla-en\/skylla-390-tiller\/","title":{"rendered":"Skylla 390 Tiller"},"content":{"rendered":"<p><strong>Skylla 390 console standard equipment:<br \/>\n<\/strong><br \/>\n\u25cf Paadi v\u00f6\u00f6ri on ehitatud koht elektrimootori v\u00f5i vintsi paigaldamiseks<br \/>\n\u25cf Reelingud;<br \/>\n\u25cf Neli knaabi (kruvidel) (150mm);<br \/>\n\u25cf Pikisuunalised k\u00fcnad \u2013 konteinerid keskmise ja tagaistme kapi vahel;<br \/>\n\u25cf Esitekk kahe panipaigaga<br \/>\n\u25cf Tagumise istme panipaik<br \/>\n\u25cf Peal\u00fcliti, kaitsmekarp ja akukast<br \/>\n\u25cf p\u00f5rand libisemisvastasest riffliplaadist,<br \/>\n\u25cf Pilsipump Sahara S750<br \/>\n\u25cf Topituli<br \/>\n\u25cf T\u00e4issuuruses sisemine ja v\u00e4limine kleeps paadi k\u00fcljel<br \/>\n\u25cf Ujumisredel<\/p>\n","protected":false},"excerpt":{"rendered":"<p>Pikkus: 3.9 m<br \/>\n\u25cf Laius: 1,8m<br \/>\n\u25cf Kaal: 220-260 kg (oleneb t\u00fc\u00fcbist)<br \/>\n\u25cf Maksimum kandev\u00f5ime: 470 kg<br \/>\n\u25cf Maksimaalne mootorij\u00f5ud: 36,77 kW (50HP) \/ 110 kg<br \/>\n\u25cf Maksimaalne inimeste arv: 4<br \/>\n\u25cf Kategooria: C<br \/>\n\u25cf Materjal: 3 mm alumiinium 5083 with DNV certificate for shipbuilding industry;<br \/>\n\u25cf Keevitatud sada protsenti vastavalt n\u00f5utavatele standarditele;<br \/>\n\u25cf Polish Register of Shipping 636819 v\u00e4ljastatud CE-sertifikaat<\/p>\n","protected":false},"featured_media":104818,"template":"","meta":[],"product_brand":[],"product_cat":[589,171],"product_tag":[],"class_list":{"0":"post-62801","1":"product","2":"type-product","3":"status-publish","4":"has-post-thumbnail","6":"product_cat-skylla-en","7":"product_cat-boats","8":"tm-has-options","10":"first","11":"instock","12":"taxable","13":"shipping-taxable","14":"purchasable","15":"product-type-simple"},"yoast_head":"<!-- This site is optimized with the Yoast SEO plugin v27.2 - https:\/\/yoast.com\/product\/yoast-seo-wordpress\/ -->\n<title>Skylla 390 Tiller - Boat Service Estonia<\/title>\n<meta name=\"robots\" content=\"index, follow, max-snippet:-1, max-image-preview:large, max-video-preview:-1\" \/>\n<link rel=\"canonical\" href=\"https:\/\/boat-service.ee\/en\/shop\/boats\/skylla-en\/skylla-390-tiller\/\" \/>\n<meta property=\"og:locale\" content=\"en_US\" \/>\n<meta property=\"og:type\" content=\"article\" \/>\n<meta property=\"og:title\" content=\"Skylla 390 Tiller - Boat Service Estonia\" \/>\n<meta property=\"og:description\" content=\"Pikkus: 3.9 m \u25cf Laius: 1,8m \u25cf Kaal: 220-260 kg (oleneb t\u00fc\u00fcbist) \u25cf Maksimum kandev\u00f5ime: 470 kg \u25cf Maksimaalne mootorij\u00f5ud: 36,77 kW (50HP) \/ 110 kg \u25cf Maksimaalne inimeste arv: 4 \u25cf Kategooria: C \u25cf Materjal: 3 mm alumiinium 5083 with DNV certificate for shipbuilding industry; \u25cf Keevitatud sada protsenti vastavalt n\u00f5utavatele standarditele; \u25cf Polish Register of Shipping 636819 v\u00e4ljastatud CE-sertifikaat\" \/>\n<meta property=\"og:url\" content=\"https:\/\/boat-service.ee\/en\/shop\/boats\/skylla-en\/skylla-390-tiller\/\" \/>\n<meta property=\"og:site_name\" content=\"Boat Service Estonia\" \/>\n<meta property=\"article:publisher\" content=\"https:\/\/www.facebook.com\/boatserviceestonia\" \/>\n<meta property=\"article:modified_time\" content=\"2026-03-12T11:59:36+00:00\" \/>\n<meta property=\"og:image\" content=\"https:\/\/boat-service.ee\/wp-content\/uploads\/2023\/02\/Kuva-23.jpeg\" \/>\n\t<meta property=\"og:image:width\" content=\"1024\" \/>\n\t<meta property=\"og:image:height\" content=\"768\" \/>\n\t<meta property=\"og:image:type\" content=\"image\/jpeg\" \/>\n<meta name=\"twitter:card\" content=\"summary_large_image\" \/>\n<meta name=\"twitter:label1\" content=\"Est. reading time\" \/>\n\t<meta name=\"twitter:data1\" content=\"1 minute\" \/>\n<script type=\"application\/ld+json\" class=\"yoast-schema-graph\">{\"@context\":\"https:\/\/schema.org\",\"@graph\":[{\"@type\":\"WebPage\",\"@id\":\"https:\/\/boat-service.ee\/en\/shop\/boats\/skylla-en\/skylla-390-tiller\/\",\"url\":\"https:\/\/boat-service.ee\/en\/shop\/boats\/skylla-en\/skylla-390-tiller\/\",\"name\":\"Skylla 390 Tiller - Boat Service Estonia\",\"isPartOf\":{\"@id\":\"https:\/\/boat-service.ee\/en\/#website\"},\"primaryImageOfPage\":{\"@id\":\"https:\/\/boat-service.ee\/en\/shop\/boats\/skylla-en\/skylla-390-tiller\/#primaryimage\"},\"image\":{\"@id\":\"https:\/\/boat-service.ee\/en\/shop\/boats\/skylla-en\/skylla-390-tiller\/#primaryimage\"},\"thumbnailUrl\":\"https:\/\/boat-service.ee\/wp-content\/uploads\/2023\/02\/Kuva-23.jpeg\",\"datePublished\":\"2023-02-16T11:44:12+00:00\",\"dateModified\":\"2026-03-12T11:59:36+00:00\",\"breadcrumb\":{\"@id\":\"https:\/\/boat-service.ee\/en\/shop\/boats\/skylla-en\/skylla-390-tiller\/#breadcrumb\"},\"inLanguage\":\"en-US\",\"potentialAction\":[{\"@type\":\"ReadAction\",\"target\":[\"https:\/\/boat-service.ee\/en\/shop\/boats\/skylla-en\/skylla-390-tiller\/\"]}]},{\"@type\":\"ImageObject\",\"inLanguage\":\"en-US\",\"@id\":\"https:\/\/boat-service.ee\/en\/shop\/boats\/skylla-en\/skylla-390-tiller\/#primaryimage\",\"url\":\"https:\/\/boat-service.ee\/wp-content\/uploads\/2023\/02\/Kuva-23.jpeg\",\"contentUrl\":\"https:\/\/boat-service.ee\/wp-content\/uploads\/2023\/02\/Kuva-23.jpeg\",\"width\":1024,\"height\":768},{\"@type\":\"BreadcrumbList\",\"@id\":\"https:\/\/boat-service.ee\/en\/shop\/boats\/skylla-en\/skylla-390-tiller\/#breadcrumb\",\"itemListElement\":[{\"@type\":\"ListItem\",\"position\":1,\"name\":\"Home\",\"item\":\"https:\/\/boat-service.ee\/en\/\"},{\"@type\":\"ListItem\",\"position\":2,\"name\":\"Shop\",\"item\":\"https:\/\/boat-service.ee\/en\/shop\/\"},{\"@type\":\"ListItem\",\"position\":3,\"name\":\"Skylla 390 Tiller\"}]},{\"@type\":\"WebSite\",\"@id\":\"https:\/\/boat-service.ee\/en\/#website\",\"url\":\"https:\/\/boat-service.ee\/en\/\",\"name\":\"Boat Service Estonia\",\"description\":\"Boat Service Estonia - Mootorpaadid, treilerid, mootorid\",\"publisher\":{\"@id\":\"https:\/\/boat-service.ee\/en\/#organization\"},\"potentialAction\":[{\"@type\":\"SearchAction\",\"target\":{\"@type\":\"EntryPoint\",\"urlTemplate\":\"https:\/\/boat-service.ee\/en\/?s={search_term_string}\"},\"query-input\":{\"@type\":\"PropertyValueSpecification\",\"valueRequired\":true,\"valueName\":\"search_term_string\"}}],\"inLanguage\":\"en-US\"},{\"@type\":\"Organization\",\"@id\":\"https:\/\/boat-service.ee\/en\/#organization\",\"name\":\"KALASTUSPOOD O\u00dc\",\"url\":\"https:\/\/boat-service.ee\/en\/\",\"logo\":{\"@type\":\"ImageObject\",\"inLanguage\":\"en-US\",\"@id\":\"https:\/\/boat-service.ee\/en\/#\/schema\/logo\/image\/\",\"url\":\"https:\/\/boat-service.ee\/wp-content\/uploads\/2023\/05\/impLogo.png\",\"contentUrl\":\"https:\/\/boat-service.ee\/wp-content\/uploads\/2023\/05\/impLogo.png\",\"width\":270,\"height\":107,\"caption\":\"KALASTUSPOOD O\u00dc\"},\"image\":{\"@id\":\"https:\/\/boat-service.ee\/en\/#\/schema\/logo\/image\/\"},\"sameAs\":[\"https:\/\/www.facebook.com\/boatserviceestonia\",\"https:\/\/www.instagram.com\/kalastus_ja_paadipood\/\"]}]}<\/script>\n<!-- \/ Yoast SEO plugin. -->","yoast_head_json":{"title":"Skylla 390 Tiller - Boat Service Estonia","robots":{"index":"index","follow":"follow","max-snippet":"max-snippet:-1","max-image-preview":"max-image-preview:large","max-video-preview":"max-video-preview:-1"},"canonical":"https:\/\/boat-service.ee\/en\/shop\/boats\/skylla-en\/skylla-390-tiller\/","og_locale":"en_US","og_type":"article","og_title":"Skylla 390 Tiller - Boat Service Estonia","og_description":"Pikkus: 3.9 m \u25cf Laius: 1,8m \u25cf Kaal: 220-260 kg (oleneb t\u00fc\u00fcbist) \u25cf Maksimum kandev\u00f5ime: 470 kg \u25cf Maksimaalne mootorij\u00f5ud: 36,77 kW (50HP) \/ 110 kg \u25cf Maksimaalne inimeste arv: 4 \u25cf Kategooria: C \u25cf Materjal: 3 mm alumiinium 5083 with DNV certificate for shipbuilding industry; \u25cf Keevitatud sada protsenti vastavalt n\u00f5utavatele standarditele; \u25cf Polish Register of Shipping 636819 v\u00e4ljastatud CE-sertifikaat","og_url":"https:\/\/boat-service.ee\/en\/shop\/boats\/skylla-en\/skylla-390-tiller\/","og_site_name":"Boat Service Estonia","article_publisher":"https:\/\/www.facebook.com\/boatserviceestonia","article_modified_time":"2026-03-12T11:59:36+00:00","og_image":[{"width":1024,"height":768,"url":"https:\/\/boat-service.ee\/wp-content\/uploads\/2023\/02\/Kuva-23.jpeg","type":"image\/jpeg"}],"twitter_card":"summary_large_image","twitter_misc":{"Est. reading time":"1 minute"},"schema":{"@context":"https:\/\/schema.org","@graph":[{"@type":"WebPage","@id":"https:\/\/boat-service.ee\/en\/shop\/boats\/skylla-en\/skylla-390-tiller\/","url":"https:\/\/boat-service.ee\/en\/shop\/boats\/skylla-en\/skylla-390-tiller\/","name":"Skylla 390 Tiller - Boat Service Estonia","isPartOf":{"@id":"https:\/\/boat-service.ee\/en\/#website"},"primaryImageOfPage":{"@id":"https:\/\/boat-service.ee\/en\/shop\/boats\/skylla-en\/skylla-390-tiller\/#primaryimage"},"image":{"@id":"https:\/\/boat-service.ee\/en\/shop\/boats\/skylla-en\/skylla-390-tiller\/#primaryimage"},"thumbnailUrl":"https:\/\/boat-service.ee\/wp-content\/uploads\/2023\/02\/Kuva-23.jpeg","datePublished":"2023-02-16T11:44:12+00:00","dateModified":"2026-03-12T11:59:36+00:00","breadcrumb":{"@id":"https:\/\/boat-service.ee\/en\/shop\/boats\/skylla-en\/skylla-390-tiller\/#breadcrumb"},"inLanguage":"en-US","potentialAction":[{"@type":"ReadAction","target":["https:\/\/boat-service.ee\/en\/shop\/boats\/skylla-en\/skylla-390-tiller\/"]}]},{"@type":"ImageObject","inLanguage":"en-US","@id":"https:\/\/boat-service.ee\/en\/shop\/boats\/skylla-en\/skylla-390-tiller\/#primaryimage","url":"https:\/\/boat-service.ee\/wp-content\/uploads\/2023\/02\/Kuva-23.jpeg","contentUrl":"https:\/\/boat-service.ee\/wp-content\/uploads\/2023\/02\/Kuva-23.jpeg","width":1024,"height":768},{"@type":"BreadcrumbList","@id":"https:\/\/boat-service.ee\/en\/shop\/boats\/skylla-en\/skylla-390-tiller\/#breadcrumb","itemListElement":[{"@type":"ListItem","position":1,"name":"Home","item":"https:\/\/boat-service.ee\/en\/"},{"@type":"ListItem","position":2,"name":"Shop","item":"https:\/\/boat-service.ee\/en\/shop\/"},{"@type":"ListItem","position":3,"name":"Skylla 390 Tiller"}]},{"@type":"WebSite","@id":"https:\/\/boat-service.ee\/en\/#website","url":"https:\/\/boat-service.ee\/en\/","name":"Boat Service Estonia","description":"Boat Service Estonia - Mootorpaadid, treilerid, mootorid","publisher":{"@id":"https:\/\/boat-service.ee\/en\/#organization"},"potentialAction":[{"@type":"SearchAction","target":{"@type":"EntryPoint","urlTemplate":"https:\/\/boat-service.ee\/en\/?s={search_term_string}"},"query-input":{"@type":"PropertyValueSpecification","valueRequired":true,"valueName":"search_term_string"}}],"inLanguage":"en-US"},{"@type":"Organization","@id":"https:\/\/boat-service.ee\/en\/#organization","name":"KALASTUSPOOD O\u00dc","url":"https:\/\/boat-service.ee\/en\/","logo":{"@type":"ImageObject","inLanguage":"en-US","@id":"https:\/\/boat-service.ee\/en\/#\/schema\/logo\/image\/","url":"https:\/\/boat-service.ee\/wp-content\/uploads\/2023\/05\/impLogo.png","contentUrl":"https:\/\/boat-service.ee\/wp-content\/uploads\/2023\/05\/impLogo.png","width":270,"height":107,"caption":"KALASTUSPOOD O\u00dc"},"image":{"@id":"https:\/\/boat-service.ee\/en\/#\/schema\/logo\/image\/"},"sameAs":["https:\/\/www.facebook.com\/boatserviceestonia","https:\/\/www.instagram.com\/kalastus_ja_paadipood\/"]}]}},"_links":{"self":[{"href":"https:\/\/boat-service.ee\/en\/wp-json\/wp\/v2\/product\/62801","targetHints":{"allow":["GET"]}}],"collection":[{"href":"https:\/\/boat-service.ee\/en\/wp-json\/wp\/v2\/product"}],"about":[{"href":"https:\/\/boat-service.ee\/en\/wp-json\/wp\/v2\/types\/product"}],"wp:featuredmedia":[{"embeddable":true,"href":"https:\/\/boat-service.ee\/en\/wp-json\/wp\/v2\/media\/104818"}],"wp:attachment":[{"href":"https:\/\/boat-service.ee\/en\/wp-json\/wp\/v2\/media?parent=62801"}],"wp:term":[{"taxonomy":"product_brand","embeddable":true,"href":"https:\/\/boat-service.ee\/en\/wp-json\/wp\/v2\/product_brand?post=62801"},{"taxonomy":"product_cat","embeddable":true,"href":"https:\/\/boat-service.ee\/en\/wp-json\/wp\/v2\/product_cat?post=62801"},{"taxonomy":"product_tag","embeddable":true,"href":"https:\/\/boat-service.ee\/en\/wp-json\/wp\/v2\/product_tag?post=62801"}],"curies":[{"name":"wp","href":"https:\/\/api.w.org\/{rel}","templated":true}]}}