{"id":62002,"date":"2021-12-15T08:06:54","date_gmt":"2021-12-15T06:06:54","guid":{"rendered":"https:\/\/boat-service.ee\/pood\/uncategorized\/yamaha-f115lb\/"},"modified":"2021-12-15T08:06:54","modified_gmt":"2021-12-15T06:06:54","slug":"yamaha-f115lb","status":"publish","type":"product","link":"https:\/\/boat-service.ee\/en\/shop\/mootorid-en\/yamaha-en\/yamaha-f115lb\/","title":{"rendered":"YAMAHA F115LB"},"content":{"rendered":"","protected":false},"excerpt":{"rendered":"<p id=\"tw-target-text\" class=\"tw-data-text tw-text-large tw-ta\" dir=\"ltr\" data-placeholder=\"T\u00f5lge\"><span class=\"Y2IQFc\" lang=\"et\">See paadimootor tagab oma klassi parima v\u00f5imsuse ja kaalu suhte.\u00a0 \u00a0Uuendusliku ja kerge disainiga YAMAHA F115 v\u00f5imaldab Teil l\u00f5\u00f5gastuda ja nautida oma paati t\u00e4iel rinnal \u2013 teades, et teie j\u00f5uallikaks on \u00fcks puhtamaid ja sujuvamaid mootoreid planeedil. Mitte ainult tehnika pole muljetavaldav \u2013 see on 1,8-liitrine, 16 suure ventiiliga, 4-silindriline DOHC 4-taktiline mootor \u2013, vaid see on kombineeritud paljude elektrooniliste\/tehniliste funktsioonidega, mis muudavad elu lihtsamaks: \u00fchilduvus meie digittaalse v\u00f5rgus\u00fcsteemiga, laiaulatuslik elektriline trimm ja kallutamine koos kaldenurga piirajaga ja Y-COP\u00ae kaugturbes\u00fcsteem (m\u00f5lemad valikulised).<\/span><\/p>\n<table>\n<tbody>\n<tr>\n<td class=\"cell1\"><span class=\"weight500\">Mootor<\/span><\/td>\n<td class=\"cell2\">4-takti, 4-silindrit<\/td>\n<\/tr>\n<tr>\n<td class=\"cell1\"><span class=\"weight500\">Kubatuur<\/span><\/td>\n<td class=\"cell2\">1832 cm\u00b3<\/td>\n<\/tr>\n<tr>\n<td class=\"cell1\"><span class=\"weight500\">V\u00f5imsus<\/span><\/td>\n<td class=\"cell2\">115hj (84,6kW) @ 5500rpm<\/td>\n<\/tr>\n<tr>\n<td class=\"cell1\"><span class=\"weight500\">Jahutus<\/span><\/td>\n<td class=\"cell2\">vesi<\/td>\n<\/tr>\n<tr>\n<td class=\"cell1\"><span class=\"weight500\">Toites\u00fcsteem<\/span><\/td>\n<td class=\"cell2\">EFI sissepritse<\/td>\n<\/tr>\n<tr>\n<td class=\"cell1\"><span class=\"weight500\">Starter<\/span><\/td>\n<td class=\"cell2\">elektriline<\/td>\n<\/tr>\n<tr>\n<td class=\"cell1\"><span class=\"weight500\">Juhtimine<\/span><\/td>\n<td class=\"cell2\">distants<\/td>\n<\/tr>\n<tr>\n<td class=\"cell1\"><span class=\"weight500\">K\u00e4igud<\/span><\/td>\n<td class=\"cell2\">F\/N\/R<\/td>\n<\/tr>\n<tr>\n<td class=\"cell1\"><span class=\"weight500\">Jala trimm<\/span><\/td>\n<td class=\"cell2\">h\u00fcdro<\/td>\n<\/tr>\n<tr>\n<td class=\"cell1\"><span class=\"weight500\">Voolu v\u00e4ljav\u00f5te<\/span><\/td>\n<td class=\"cell2\">12V-35A pingeregulaatoriga<\/td>\n<\/tr>\n<tr>\n<td class=\"cell1\"><span class=\"weight500\">Jala pikkus<\/span><\/td>\n<td class=\"cell2\">L:516mm \/ X:643mm<\/td>\n<\/tr>\n<tr>\n<td class=\"cell1\"><span class=\"weight500\">K\u00fctusepaak<\/span><\/td>\n<td class=\"cell2\">&#8211;<\/td>\n<\/tr>\n<tr>\n<td class=\"cell1\"><span class=\"weight500\">Lisa k\u00fctusepaak 12L + voolik<\/span><\/td>\n<td class=\"cell2\">&#8211;<\/td>\n<\/tr>\n<tr>\n<td class=\"cell1\"><span class=\"weight500\">Mootori kaal koos propelleriga<\/span><\/td>\n<td class=\"cell2\">F115LB: 173.0 kg \/ F115XB: 177.0 kg<\/td>\n<\/tr>\n<\/tbody>\n<\/table>\n<p><b>Erisused:<\/b><\/p>\n<ul>\n<li>Madalaima kaaluga omas klassis<\/li>\n<li>Sissepritsega<\/li>\n<li>\u00c4\u00e4rmiselt madala k\u00fctusekuluga<\/li>\n<li>Trollingu kiirus<\/li>\n<li>Solase heakskiit<\/li>\n<li>V\u00e4rvitud mootorikaan<\/li>\n<li>Madal m\u00fcratase<\/li>\n<li>Saadaval testitulemused k\u00fctuse kulu ja kiiruse kohta erinevate paatidega<\/li>\n<li>NMEA2000 (otse\u00fchenduse v\u00f5imalus)<\/li>\n<li>Tellides v\u00f5imalus valida sobiv propeller<\/li>\n<\/ul>\n","protected":false},"featured_media":46370,"template":"","meta":[],"product_brand":[],"product_cat":[121,122],"product_tag":[],"class_list":{"0":"post-62002","1":"product","2":"type-product","3":"status-publish","4":"has-post-thumbnail","6":"product_cat-mootorid-en","7":"product_cat-yamaha-en","8":"product_shipping_class-rasked","9":"tm-no-options","11":"first","12":"instock","13":"taxable","14":"shipping-taxable","15":"purchasable","16":"product-type-variable"},"yoast_head":"<!-- This site is optimized with the Yoast SEO plugin v27.2 - https:\/\/yoast.com\/product\/yoast-seo-wordpress\/ -->\n<title>YAMAHA F115LB - Boat Service Estonia<\/title>\n<meta name=\"robots\" content=\"index, follow, max-snippet:-1, max-image-preview:large, max-video-preview:-1\" \/>\n<link rel=\"canonical\" href=\"https:\/\/boat-service.ee\/en\/shop\/mootorid-en\/yamaha-en\/yamaha-f115lb\/\" \/>\n<meta property=\"og:locale\" content=\"en_US\" \/>\n<meta property=\"og:type\" content=\"article\" \/>\n<meta property=\"og:title\" content=\"YAMAHA F115LB - Boat Service Estonia\" \/>\n<meta property=\"og:description\" content=\"See paadimootor tagab oma klassi parima v\u00f5imsuse ja kaalu suhte.\u00a0 \u00a0Uuendusliku ja kerge disainiga YAMAHA F115 v\u00f5imaldab Teil l\u00f5\u00f5gastuda ja nautida oma paati t\u00e4iel rinnal \u2013 teades, et teie j\u00f5uallikaks on \u00fcks puhtamaid ja sujuvamaid mootoreid planeedil. Mitte ainult tehnika pole muljetavaldav \u2013 see on 1,8-liitrine, 16 suure ventiiliga, 4-silindriline DOHC 4-taktiline mootor \u2013, vaid see on kombineeritud paljude elektrooniliste\/tehniliste funktsioonidega, mis muudavad elu lihtsamaks: \u00fchilduvus meie digittaalse v\u00f5rgus\u00fcsteemiga, laiaulatuslik elektriline trimm ja kallutamine koos kaldenurga piirajaga ja Y-COP\u00ae kaugturbes\u00fcsteem (m\u00f5lemad valikulised).    Mootor 4-takti, 4-silindrit   Kubatuur 1832 cm\u00b3   V\u00f5imsus 115hj (84,6kW) @ 5500rpm   Jahutus vesi   Toites\u00fcsteem EFI sissepritse   Starter elektriline   Juhtimine distants   K\u00e4igud F\/N\/R   Jala trimm h\u00fcdro   Voolu v\u00e4ljav\u00f5te 12V-35A pingeregulaatoriga   Jala pikkus L:516mm \/ X:643mm   K\u00fctusepaak -   Lisa k\u00fctusepaak 12L + voolik -   Mootori kaal koos propelleriga F115LB: 173.0 kg \/ F115XB: 177.0 kg    Erisused:  Madalaima kaaluga omas klassis Sissepritsega \u00c4\u00e4rmiselt madala k\u00fctusekuluga Trollingu kiirus Solase heakskiit V\u00e4rvitud mootorikaan Madal m\u00fcratase Saadaval testitulemused k\u00fctuse kulu ja kiiruse kohta erinevate paatidega NMEA2000 (otse\u00fchenduse v\u00f5imalus) Tellides v\u00f5imalus valida sobiv propeller\" \/>\n<meta property=\"og:url\" content=\"https:\/\/boat-service.ee\/en\/shop\/mootorid-en\/yamaha-en\/yamaha-f115lb\/\" \/>\n<meta property=\"og:site_name\" content=\"Boat Service Estonia\" \/>\n<meta property=\"article:publisher\" content=\"https:\/\/www.facebook.com\/boatserviceestonia\" \/>\n<meta property=\"og:image\" content=\"https:\/\/boat-service.ee\/wp-content\/uploads\/2021\/12\/2016-yamaha-f115b-eu-na-studio-002_o7FsHbR2.jpg\" \/>\n\t<meta property=\"og:image:width\" content=\"950\" \/>\n\t<meta property=\"og:image:height\" content=\"534\" \/>\n\t<meta property=\"og:image:type\" content=\"image\/jpeg\" \/>\n<meta name=\"twitter:card\" content=\"summary_large_image\" \/>\n<script type=\"application\/ld+json\" class=\"yoast-schema-graph\">{\"@context\":\"https:\/\/schema.org\",\"@graph\":[{\"@type\":\"WebPage\",\"@id\":\"https:\/\/boat-service.ee\/en\/shop\/mootorid-en\/yamaha-en\/yamaha-f115lb\/\",\"url\":\"https:\/\/boat-service.ee\/en\/shop\/mootorid-en\/yamaha-en\/yamaha-f115lb\/\",\"name\":\"YAMAHA F115LB - Boat Service Estonia\",\"isPartOf\":{\"@id\":\"https:\/\/boat-service.ee\/en\/#website\"},\"primaryImageOfPage\":{\"@id\":\"https:\/\/boat-service.ee\/en\/shop\/mootorid-en\/yamaha-en\/yamaha-f115lb\/#primaryimage\"},\"image\":{\"@id\":\"https:\/\/boat-service.ee\/en\/shop\/mootorid-en\/yamaha-en\/yamaha-f115lb\/#primaryimage\"},\"thumbnailUrl\":\"https:\/\/boat-service.ee\/wp-content\/uploads\/2021\/12\/2016-yamaha-f115b-eu-na-studio-002_o7FsHbR2.jpg\",\"datePublished\":\"2021-12-15T06:06:54+00:00\",\"breadcrumb\":{\"@id\":\"https:\/\/boat-service.ee\/en\/shop\/mootorid-en\/yamaha-en\/yamaha-f115lb\/#breadcrumb\"},\"inLanguage\":\"en-US\",\"potentialAction\":[{\"@type\":\"ReadAction\",\"target\":[\"https:\/\/boat-service.ee\/en\/shop\/mootorid-en\/yamaha-en\/yamaha-f115lb\/\"]}]},{\"@type\":\"ImageObject\",\"inLanguage\":\"en-US\",\"@id\":\"https:\/\/boat-service.ee\/en\/shop\/mootorid-en\/yamaha-en\/yamaha-f115lb\/#primaryimage\",\"url\":\"https:\/\/boat-service.ee\/wp-content\/uploads\/2021\/12\/2016-yamaha-f115b-eu-na-studio-002_o7FsHbR2.jpg\",\"contentUrl\":\"https:\/\/boat-service.ee\/wp-content\/uploads\/2021\/12\/2016-yamaha-f115b-eu-na-studio-002_o7FsHbR2.jpg\",\"width\":950,\"height\":534},{\"@type\":\"BreadcrumbList\",\"@id\":\"https:\/\/boat-service.ee\/en\/shop\/mootorid-en\/yamaha-en\/yamaha-f115lb\/#breadcrumb\",\"itemListElement\":[{\"@type\":\"ListItem\",\"position\":1,\"name\":\"Home\",\"item\":\"https:\/\/boat-service.ee\/en\/\"},{\"@type\":\"ListItem\",\"position\":2,\"name\":\"Shop\",\"item\":\"https:\/\/boat-service.ee\/en\/shop\/\"},{\"@type\":\"ListItem\",\"position\":3,\"name\":\"YAMAHA F115LB\"}]},{\"@type\":\"WebSite\",\"@id\":\"https:\/\/boat-service.ee\/en\/#website\",\"url\":\"https:\/\/boat-service.ee\/en\/\",\"name\":\"Boat Service Estonia\",\"description\":\"Boat Service Estonia - Mootorpaadid, treilerid, mootorid\",\"publisher\":{\"@id\":\"https:\/\/boat-service.ee\/en\/#organization\"},\"potentialAction\":[{\"@type\":\"SearchAction\",\"target\":{\"@type\":\"EntryPoint\",\"urlTemplate\":\"https:\/\/boat-service.ee\/en\/?s={search_term_string}\"},\"query-input\":{\"@type\":\"PropertyValueSpecification\",\"valueRequired\":true,\"valueName\":\"search_term_string\"}}],\"inLanguage\":\"en-US\"},{\"@type\":\"Organization\",\"@id\":\"https:\/\/boat-service.ee\/en\/#organization\",\"name\":\"KALASTUSPOOD O\u00dc\",\"url\":\"https:\/\/boat-service.ee\/en\/\",\"logo\":{\"@type\":\"ImageObject\",\"inLanguage\":\"en-US\",\"@id\":\"https:\/\/boat-service.ee\/en\/#\/schema\/logo\/image\/\",\"url\":\"https:\/\/boat-service.ee\/wp-content\/uploads\/2023\/05\/impLogo.png\",\"contentUrl\":\"https:\/\/boat-service.ee\/wp-content\/uploads\/2023\/05\/impLogo.png\",\"width\":270,\"height\":107,\"caption\":\"KALASTUSPOOD O\u00dc\"},\"image\":{\"@id\":\"https:\/\/boat-service.ee\/en\/#\/schema\/logo\/image\/\"},\"sameAs\":[\"https:\/\/www.facebook.com\/boatserviceestonia\",\"https:\/\/www.instagram.com\/kalastus_ja_paadipood\/\"]}]}<\/script>\n<!-- \/ Yoast SEO plugin. -->","yoast_head_json":{"title":"YAMAHA F115LB - Boat Service Estonia","robots":{"index":"index","follow":"follow","max-snippet":"max-snippet:-1","max-image-preview":"max-image-preview:large","max-video-preview":"max-video-preview:-1"},"canonical":"https:\/\/boat-service.ee\/en\/shop\/mootorid-en\/yamaha-en\/yamaha-f115lb\/","og_locale":"en_US","og_type":"article","og_title":"YAMAHA F115LB - Boat Service Estonia","og_description":"See paadimootor tagab oma klassi parima v\u00f5imsuse ja kaalu suhte.\u00a0 \u00a0Uuendusliku ja kerge disainiga YAMAHA F115 v\u00f5imaldab Teil l\u00f5\u00f5gastuda ja nautida oma paati t\u00e4iel rinnal \u2013 teades, et teie j\u00f5uallikaks on \u00fcks puhtamaid ja sujuvamaid mootoreid planeedil. Mitte ainult tehnika pole muljetavaldav \u2013 see on 1,8-liitrine, 16 suure ventiiliga, 4-silindriline DOHC 4-taktiline mootor \u2013, vaid see on kombineeritud paljude elektrooniliste\/tehniliste funktsioonidega, mis muudavad elu lihtsamaks: \u00fchilduvus meie digittaalse v\u00f5rgus\u00fcsteemiga, laiaulatuslik elektriline trimm ja kallutamine koos kaldenurga piirajaga ja Y-COP\u00ae kaugturbes\u00fcsteem (m\u00f5lemad valikulised).    Mootor 4-takti, 4-silindrit   Kubatuur 1832 cm\u00b3   V\u00f5imsus 115hj (84,6kW) @ 5500rpm   Jahutus vesi   Toites\u00fcsteem EFI sissepritse   Starter elektriline   Juhtimine distants   K\u00e4igud F\/N\/R   Jala trimm h\u00fcdro   Voolu v\u00e4ljav\u00f5te 12V-35A pingeregulaatoriga   Jala pikkus L:516mm \/ X:643mm   K\u00fctusepaak -   Lisa k\u00fctusepaak 12L + voolik -   Mootori kaal koos propelleriga F115LB: 173.0 kg \/ F115XB: 177.0 kg    Erisused:  Madalaima kaaluga omas klassis Sissepritsega \u00c4\u00e4rmiselt madala k\u00fctusekuluga Trollingu kiirus Solase heakskiit V\u00e4rvitud mootorikaan Madal m\u00fcratase Saadaval testitulemused k\u00fctuse kulu ja kiiruse kohta erinevate paatidega NMEA2000 (otse\u00fchenduse v\u00f5imalus) Tellides v\u00f5imalus valida sobiv propeller","og_url":"https:\/\/boat-service.ee\/en\/shop\/mootorid-en\/yamaha-en\/yamaha-f115lb\/","og_site_name":"Boat Service Estonia","article_publisher":"https:\/\/www.facebook.com\/boatserviceestonia","og_image":[{"width":950,"height":534,"url":"https:\/\/boat-service.ee\/wp-content\/uploads\/2021\/12\/2016-yamaha-f115b-eu-na-studio-002_o7FsHbR2.jpg","type":"image\/jpeg"}],"twitter_card":"summary_large_image","schema":{"@context":"https:\/\/schema.org","@graph":[{"@type":"WebPage","@id":"https:\/\/boat-service.ee\/en\/shop\/mootorid-en\/yamaha-en\/yamaha-f115lb\/","url":"https:\/\/boat-service.ee\/en\/shop\/mootorid-en\/yamaha-en\/yamaha-f115lb\/","name":"YAMAHA F115LB - Boat Service Estonia","isPartOf":{"@id":"https:\/\/boat-service.ee\/en\/#website"},"primaryImageOfPage":{"@id":"https:\/\/boat-service.ee\/en\/shop\/mootorid-en\/yamaha-en\/yamaha-f115lb\/#primaryimage"},"image":{"@id":"https:\/\/boat-service.ee\/en\/shop\/mootorid-en\/yamaha-en\/yamaha-f115lb\/#primaryimage"},"thumbnailUrl":"https:\/\/boat-service.ee\/wp-content\/uploads\/2021\/12\/2016-yamaha-f115b-eu-na-studio-002_o7FsHbR2.jpg","datePublished":"2021-12-15T06:06:54+00:00","breadcrumb":{"@id":"https:\/\/boat-service.ee\/en\/shop\/mootorid-en\/yamaha-en\/yamaha-f115lb\/#breadcrumb"},"inLanguage":"en-US","potentialAction":[{"@type":"ReadAction","target":["https:\/\/boat-service.ee\/en\/shop\/mootorid-en\/yamaha-en\/yamaha-f115lb\/"]}]},{"@type":"ImageObject","inLanguage":"en-US","@id":"https:\/\/boat-service.ee\/en\/shop\/mootorid-en\/yamaha-en\/yamaha-f115lb\/#primaryimage","url":"https:\/\/boat-service.ee\/wp-content\/uploads\/2021\/12\/2016-yamaha-f115b-eu-na-studio-002_o7FsHbR2.jpg","contentUrl":"https:\/\/boat-service.ee\/wp-content\/uploads\/2021\/12\/2016-yamaha-f115b-eu-na-studio-002_o7FsHbR2.jpg","width":950,"height":534},{"@type":"BreadcrumbList","@id":"https:\/\/boat-service.ee\/en\/shop\/mootorid-en\/yamaha-en\/yamaha-f115lb\/#breadcrumb","itemListElement":[{"@type":"ListItem","position":1,"name":"Home","item":"https:\/\/boat-service.ee\/en\/"},{"@type":"ListItem","position":2,"name":"Shop","item":"https:\/\/boat-service.ee\/en\/shop\/"},{"@type":"ListItem","position":3,"name":"YAMAHA F115LB"}]},{"@type":"WebSite","@id":"https:\/\/boat-service.ee\/en\/#website","url":"https:\/\/boat-service.ee\/en\/","name":"Boat Service Estonia","description":"Boat Service Estonia - Mootorpaadid, treilerid, mootorid","publisher":{"@id":"https:\/\/boat-service.ee\/en\/#organization"},"potentialAction":[{"@type":"SearchAction","target":{"@type":"EntryPoint","urlTemplate":"https:\/\/boat-service.ee\/en\/?s={search_term_string}"},"query-input":{"@type":"PropertyValueSpecification","valueRequired":true,"valueName":"search_term_string"}}],"inLanguage":"en-US"},{"@type":"Organization","@id":"https:\/\/boat-service.ee\/en\/#organization","name":"KALASTUSPOOD O\u00dc","url":"https:\/\/boat-service.ee\/en\/","logo":{"@type":"ImageObject","inLanguage":"en-US","@id":"https:\/\/boat-service.ee\/en\/#\/schema\/logo\/image\/","url":"https:\/\/boat-service.ee\/wp-content\/uploads\/2023\/05\/impLogo.png","contentUrl":"https:\/\/boat-service.ee\/wp-content\/uploads\/2023\/05\/impLogo.png","width":270,"height":107,"caption":"KALASTUSPOOD O\u00dc"},"image":{"@id":"https:\/\/boat-service.ee\/en\/#\/schema\/logo\/image\/"},"sameAs":["https:\/\/www.facebook.com\/boatserviceestonia","https:\/\/www.instagram.com\/kalastus_ja_paadipood\/"]}]}},"_links":{"self":[{"href":"https:\/\/boat-service.ee\/en\/wp-json\/wp\/v2\/product\/62002","targetHints":{"allow":["GET"]}}],"collection":[{"href":"https:\/\/boat-service.ee\/en\/wp-json\/wp\/v2\/product"}],"about":[{"href":"https:\/\/boat-service.ee\/en\/wp-json\/wp\/v2\/types\/product"}],"wp:featuredmedia":[{"embeddable":true,"href":"https:\/\/boat-service.ee\/en\/wp-json\/wp\/v2\/media\/46370"}],"wp:attachment":[{"href":"https:\/\/boat-service.ee\/en\/wp-json\/wp\/v2\/media?parent=62002"}],"wp:term":[{"taxonomy":"product_brand","embeddable":true,"href":"https:\/\/boat-service.ee\/en\/wp-json\/wp\/v2\/product_brand?post=62002"},{"taxonomy":"product_cat","embeddable":true,"href":"https:\/\/boat-service.ee\/en\/wp-json\/wp\/v2\/product_cat?post=62002"},{"taxonomy":"product_tag","embeddable":true,"href":"https:\/\/boat-service.ee\/en\/wp-json\/wp\/v2\/product_tag?post=62002"}],"curies":[{"name":"wp","href":"https:\/\/api.w.org\/{rel}","templated":true}]}}