{"id":43335,"date":"2021-04-22T07:37:31","date_gmt":"2021-04-22T07:37:31","guid":{"rendered":"https:\/\/boat-service.ee\/pood\/uncategorized\/osculati-table-leg-70cm-aluminium-white\/"},"modified":"2021-04-22T07:37:31","modified_gmt":"2021-04-22T07:37:31","slug":"osculati-table-leg-70cm-aluminium-white","status":"publish","type":"product","link":"https:\/\/boat-service.ee\/en\/shop\/accessories\/boat-accessories\/osculati-table-leg-70cm-aluminium-white\/","title":{"rendered":"Osculati table leg 70cm aluminium, white"},"content":{"rendered":"","protected":false},"excerpt":{"rendered":"<p>White epoxy coated finish. It includes two aluminium bases.<\/p>\n<ul>\n<li style=\"list-style-type: none;\">\n<ul>\n<li>Height mm: 700<\/li>\n<\/ul>\n<\/li>\n<\/ul>\n<p>&nbsp;<\/p>\n<ul>\n<li style=\"list-style-type: none;\">\n<ul>\n<li>Tube \u00d8 mm: 60<\/li>\n<\/ul>\n<\/li>\n<\/ul>\n<p>&nbsp;<\/p>\n<ul>\n<li style=\"list-style-type: none;\">\n<ul>\n<li>Hose: White coated aluminium<\/li>\n<\/ul>\n<\/li>\n<\/ul>\n<p>&nbsp;<\/p>\n<ul>\n<li style=\"list-style-type: none;\">\n<ul>\n<li>Table base \u00d8 mm: 165<\/li>\n<\/ul>\n<\/li>\n<\/ul>\n<p>&nbsp;<\/p>\n<ul>\n<li style=\"list-style-type: none;\">\n<ul>\n<li>Floor recess base \u00d8 mm: 160<\/li>\n<\/ul>\n<\/li>\n<\/ul>\n<p>&nbsp;<\/p>\n<ul>\n<li>Base: White coated aluminium<\/li>\n<\/ul>\n","protected":false},"featured_media":43332,"template":"","meta":[],"product_brand":[],"product_cat":[228,243],"product_tag":[],"class_list":{"0":"post-43335","1":"product","2":"type-product","3":"status-publish","4":"has-post-thumbnail","6":"product_cat-boat-accessories","7":"product_cat-boat-seats","8":"pa_brand-osculati","9":"tm-has-options","11":"first","12":"instock","13":"taxable","14":"shipping-taxable","15":"purchasable","16":"product-type-simple"},"yoast_head":"<!-- This site is optimized with the Yoast SEO plugin v27.2 - https:\/\/yoast.com\/product\/yoast-seo-wordpress\/ -->\n<title>Osculati table leg 70cm aluminium, white - Boat Service Estonia<\/title>\n<meta name=\"robots\" content=\"index, follow, max-snippet:-1, max-image-preview:large, max-video-preview:-1\" \/>\n<link rel=\"canonical\" href=\"https:\/\/boat-service.ee\/en\/shop\/accessories\/boat-accessories\/osculati-table-leg-70cm-aluminium-white\/\" \/>\n<meta property=\"og:locale\" content=\"en_US\" \/>\n<meta property=\"og:type\" content=\"article\" \/>\n<meta property=\"og:title\" content=\"Osculati table leg 70cm aluminium, white - Boat Service Estonia\" \/>\n<meta property=\"og:description\" content=\"White epoxy coated finish. It includes two aluminium bases.      Height mm: 700    &nbsp;      Tube \u00d8 mm: 60    &nbsp;      Hose: White coated aluminium    &nbsp;      Table base \u00d8 mm: 165    &nbsp;      Floor recess base \u00d8 mm: 160    &nbsp;   Base: White coated aluminium\" \/>\n<meta property=\"og:url\" content=\"https:\/\/boat-service.ee\/en\/shop\/accessories\/boat-accessories\/osculati-table-leg-70cm-aluminium-white\/\" \/>\n<meta property=\"og:site_name\" content=\"Boat Service Estonia\" \/>\n<meta property=\"article:publisher\" content=\"https:\/\/www.facebook.com\/boatserviceestonia\" \/>\n<meta property=\"og:image\" content=\"https:\/\/boat-service.ee\/wp-content\/uploads\/2021\/04\/48.418.22.jpg\" \/>\n\t<meta property=\"og:image:width\" content=\"800\" \/>\n\t<meta property=\"og:image:height\" content=\"800\" \/>\n\t<meta property=\"og:image:type\" content=\"image\/jpeg\" \/>\n<meta name=\"twitter:card\" content=\"summary_large_image\" \/>\n<script type=\"application\/ld+json\" class=\"yoast-schema-graph\">{\"@context\":\"https:\/\/schema.org\",\"@graph\":[{\"@type\":\"WebPage\",\"@id\":\"https:\/\/boat-service.ee\/en\/shop\/accessories\/boat-accessories\/osculati-table-leg-70cm-aluminium-white\/\",\"url\":\"https:\/\/boat-service.ee\/en\/shop\/accessories\/boat-accessories\/osculati-table-leg-70cm-aluminium-white\/\",\"name\":\"Osculati table leg 70cm aluminium, white - Boat Service Estonia\",\"isPartOf\":{\"@id\":\"https:\/\/boat-service.ee\/en\/#website\"},\"primaryImageOfPage\":{\"@id\":\"https:\/\/boat-service.ee\/en\/shop\/accessories\/boat-accessories\/osculati-table-leg-70cm-aluminium-white\/#primaryimage\"},\"image\":{\"@id\":\"https:\/\/boat-service.ee\/en\/shop\/accessories\/boat-accessories\/osculati-table-leg-70cm-aluminium-white\/#primaryimage\"},\"thumbnailUrl\":\"https:\/\/boat-service.ee\/wp-content\/uploads\/2021\/04\/48.418.22.jpg\",\"datePublished\":\"2021-04-22T07:37:31+00:00\",\"breadcrumb\":{\"@id\":\"https:\/\/boat-service.ee\/en\/shop\/accessories\/boat-accessories\/osculati-table-leg-70cm-aluminium-white\/#breadcrumb\"},\"inLanguage\":\"en-US\",\"potentialAction\":[{\"@type\":\"ReadAction\",\"target\":[\"https:\/\/boat-service.ee\/en\/shop\/accessories\/boat-accessories\/osculati-table-leg-70cm-aluminium-white\/\"]}]},{\"@type\":\"ImageObject\",\"inLanguage\":\"en-US\",\"@id\":\"https:\/\/boat-service.ee\/en\/shop\/accessories\/boat-accessories\/osculati-table-leg-70cm-aluminium-white\/#primaryimage\",\"url\":\"https:\/\/boat-service.ee\/wp-content\/uploads\/2021\/04\/48.418.22.jpg\",\"contentUrl\":\"https:\/\/boat-service.ee\/wp-content\/uploads\/2021\/04\/48.418.22.jpg\",\"width\":800,\"height\":800},{\"@type\":\"BreadcrumbList\",\"@id\":\"https:\/\/boat-service.ee\/en\/shop\/accessories\/boat-accessories\/osculati-table-leg-70cm-aluminium-white\/#breadcrumb\",\"itemListElement\":[{\"@type\":\"ListItem\",\"position\":1,\"name\":\"Home\",\"item\":\"https:\/\/boat-service.ee\/en\/\"},{\"@type\":\"ListItem\",\"position\":2,\"name\":\"Shop\",\"item\":\"https:\/\/boat-service.ee\/en\/shop\/\"},{\"@type\":\"ListItem\",\"position\":3,\"name\":\"Osculati table leg 70cm aluminium, white\"}]},{\"@type\":\"WebSite\",\"@id\":\"https:\/\/boat-service.ee\/en\/#website\",\"url\":\"https:\/\/boat-service.ee\/en\/\",\"name\":\"Boat Service Estonia\",\"description\":\"Boat Service Estonia - Mootorpaadid, treilerid, mootorid\",\"publisher\":{\"@id\":\"https:\/\/boat-service.ee\/en\/#organization\"},\"potentialAction\":[{\"@type\":\"SearchAction\",\"target\":{\"@type\":\"EntryPoint\",\"urlTemplate\":\"https:\/\/boat-service.ee\/en\/?s={search_term_string}\"},\"query-input\":{\"@type\":\"PropertyValueSpecification\",\"valueRequired\":true,\"valueName\":\"search_term_string\"}}],\"inLanguage\":\"en-US\"},{\"@type\":\"Organization\",\"@id\":\"https:\/\/boat-service.ee\/en\/#organization\",\"name\":\"KALASTUSPOOD O\u00dc\",\"url\":\"https:\/\/boat-service.ee\/en\/\",\"logo\":{\"@type\":\"ImageObject\",\"inLanguage\":\"en-US\",\"@id\":\"https:\/\/boat-service.ee\/en\/#\/schema\/logo\/image\/\",\"url\":\"https:\/\/boat-service.ee\/wp-content\/uploads\/2023\/05\/impLogo.png\",\"contentUrl\":\"https:\/\/boat-service.ee\/wp-content\/uploads\/2023\/05\/impLogo.png\",\"width\":270,\"height\":107,\"caption\":\"KALASTUSPOOD O\u00dc\"},\"image\":{\"@id\":\"https:\/\/boat-service.ee\/en\/#\/schema\/logo\/image\/\"},\"sameAs\":[\"https:\/\/www.facebook.com\/boatserviceestonia\",\"https:\/\/www.instagram.com\/kalastus_ja_paadipood\/\"]}]}<\/script>\n<!-- \/ Yoast SEO plugin. -->","yoast_head_json":{"title":"Osculati table leg 70cm aluminium, white - Boat Service Estonia","robots":{"index":"index","follow":"follow","max-snippet":"max-snippet:-1","max-image-preview":"max-image-preview:large","max-video-preview":"max-video-preview:-1"},"canonical":"https:\/\/boat-service.ee\/en\/shop\/accessories\/boat-accessories\/osculati-table-leg-70cm-aluminium-white\/","og_locale":"en_US","og_type":"article","og_title":"Osculati table leg 70cm aluminium, white - Boat Service Estonia","og_description":"White epoxy coated finish. It includes two aluminium bases.      Height mm: 700    &nbsp;      Tube \u00d8 mm: 60    &nbsp;      Hose: White coated aluminium    &nbsp;      Table base \u00d8 mm: 165    &nbsp;      Floor recess base \u00d8 mm: 160    &nbsp;   Base: White coated aluminium","og_url":"https:\/\/boat-service.ee\/en\/shop\/accessories\/boat-accessories\/osculati-table-leg-70cm-aluminium-white\/","og_site_name":"Boat Service Estonia","article_publisher":"https:\/\/www.facebook.com\/boatserviceestonia","og_image":[{"width":800,"height":800,"url":"https:\/\/boat-service.ee\/wp-content\/uploads\/2021\/04\/48.418.22.jpg","type":"image\/jpeg"}],"twitter_card":"summary_large_image","schema":{"@context":"https:\/\/schema.org","@graph":[{"@type":"WebPage","@id":"https:\/\/boat-service.ee\/en\/shop\/accessories\/boat-accessories\/osculati-table-leg-70cm-aluminium-white\/","url":"https:\/\/boat-service.ee\/en\/shop\/accessories\/boat-accessories\/osculati-table-leg-70cm-aluminium-white\/","name":"Osculati table leg 70cm aluminium, white - Boat Service Estonia","isPartOf":{"@id":"https:\/\/boat-service.ee\/en\/#website"},"primaryImageOfPage":{"@id":"https:\/\/boat-service.ee\/en\/shop\/accessories\/boat-accessories\/osculati-table-leg-70cm-aluminium-white\/#primaryimage"},"image":{"@id":"https:\/\/boat-service.ee\/en\/shop\/accessories\/boat-accessories\/osculati-table-leg-70cm-aluminium-white\/#primaryimage"},"thumbnailUrl":"https:\/\/boat-service.ee\/wp-content\/uploads\/2021\/04\/48.418.22.jpg","datePublished":"2021-04-22T07:37:31+00:00","breadcrumb":{"@id":"https:\/\/boat-service.ee\/en\/shop\/accessories\/boat-accessories\/osculati-table-leg-70cm-aluminium-white\/#breadcrumb"},"inLanguage":"en-US","potentialAction":[{"@type":"ReadAction","target":["https:\/\/boat-service.ee\/en\/shop\/accessories\/boat-accessories\/osculati-table-leg-70cm-aluminium-white\/"]}]},{"@type":"ImageObject","inLanguage":"en-US","@id":"https:\/\/boat-service.ee\/en\/shop\/accessories\/boat-accessories\/osculati-table-leg-70cm-aluminium-white\/#primaryimage","url":"https:\/\/boat-service.ee\/wp-content\/uploads\/2021\/04\/48.418.22.jpg","contentUrl":"https:\/\/boat-service.ee\/wp-content\/uploads\/2021\/04\/48.418.22.jpg","width":800,"height":800},{"@type":"BreadcrumbList","@id":"https:\/\/boat-service.ee\/en\/shop\/accessories\/boat-accessories\/osculati-table-leg-70cm-aluminium-white\/#breadcrumb","itemListElement":[{"@type":"ListItem","position":1,"name":"Home","item":"https:\/\/boat-service.ee\/en\/"},{"@type":"ListItem","position":2,"name":"Shop","item":"https:\/\/boat-service.ee\/en\/shop\/"},{"@type":"ListItem","position":3,"name":"Osculati table leg 70cm aluminium, white"}]},{"@type":"WebSite","@id":"https:\/\/boat-service.ee\/en\/#website","url":"https:\/\/boat-service.ee\/en\/","name":"Boat Service Estonia","description":"Boat Service Estonia - Mootorpaadid, treilerid, mootorid","publisher":{"@id":"https:\/\/boat-service.ee\/en\/#organization"},"potentialAction":[{"@type":"SearchAction","target":{"@type":"EntryPoint","urlTemplate":"https:\/\/boat-service.ee\/en\/?s={search_term_string}"},"query-input":{"@type":"PropertyValueSpecification","valueRequired":true,"valueName":"search_term_string"}}],"inLanguage":"en-US"},{"@type":"Organization","@id":"https:\/\/boat-service.ee\/en\/#organization","name":"KALASTUSPOOD O\u00dc","url":"https:\/\/boat-service.ee\/en\/","logo":{"@type":"ImageObject","inLanguage":"en-US","@id":"https:\/\/boat-service.ee\/en\/#\/schema\/logo\/image\/","url":"https:\/\/boat-service.ee\/wp-content\/uploads\/2023\/05\/impLogo.png","contentUrl":"https:\/\/boat-service.ee\/wp-content\/uploads\/2023\/05\/impLogo.png","width":270,"height":107,"caption":"KALASTUSPOOD O\u00dc"},"image":{"@id":"https:\/\/boat-service.ee\/en\/#\/schema\/logo\/image\/"},"sameAs":["https:\/\/www.facebook.com\/boatserviceestonia","https:\/\/www.instagram.com\/kalastus_ja_paadipood\/"]}]}},"_links":{"self":[{"href":"https:\/\/boat-service.ee\/en\/wp-json\/wp\/v2\/product\/43335","targetHints":{"allow":["GET"]}}],"collection":[{"href":"https:\/\/boat-service.ee\/en\/wp-json\/wp\/v2\/product"}],"about":[{"href":"https:\/\/boat-service.ee\/en\/wp-json\/wp\/v2\/types\/product"}],"wp:featuredmedia":[{"embeddable":true,"href":"https:\/\/boat-service.ee\/en\/wp-json\/wp\/v2\/media\/43332"}],"wp:attachment":[{"href":"https:\/\/boat-service.ee\/en\/wp-json\/wp\/v2\/media?parent=43335"}],"wp:term":[{"taxonomy":"product_brand","embeddable":true,"href":"https:\/\/boat-service.ee\/en\/wp-json\/wp\/v2\/product_brand?post=43335"},{"taxonomy":"product_cat","embeddable":true,"href":"https:\/\/boat-service.ee\/en\/wp-json\/wp\/v2\/product_cat?post=43335"},{"taxonomy":"product_tag","embeddable":true,"href":"https:\/\/boat-service.ee\/en\/wp-json\/wp\/v2\/product_tag?post=43335"}],"curies":[{"name":"wp","href":"https:\/\/api.w.org\/{rel}","templated":true}]}}