{"id":28046,"date":"2020-06-03T09:43:20","date_gmt":"2020-06-18T07:06:48","guid":{"rendered":"https:\/\/boat-service.ee\/toode\/map-navionics-44xg\/"},"modified":"2021-03-15T14:38:40","modified_gmt":"2021-03-15T14:38:40","slug":"kaart-navionics-44xg-2","status":"publish","type":"product","link":"https:\/\/boat-service.ee\/en\/shop\/marine-electronics\/seamaps\/kaart-navionics-44xg-2\/","title":{"rendered":"Map Navionics 44XG"},"content":{"rendered":"","protected":false},"excerpt":{"rendered":"<p>NAVIONICS 44XG SD<br \/>\nElectronic chart of Navionics. SD format. Balti meri, Botnia laht, Soome laht, Peipsi j\u00e4rv, Rootsi rannik ja j\u00e4rved, L\u00f5una-Norra kuni Flekkefjordini, Soome j\u00e4rved- Inarijarvi, Porttipahdan Tekojarvi, Lokan Tekojarvi, Miekojarvi, Emijarvi,Vahonselka, Mourujarvi, Yli Kitka, Kiantajarvi, Vuokkijarvi, Oulujarvi, Nuasjarvi, Ontojarvi, Lentua, Pielinen, Koitere, Hoytiainen, Viinijarvi, Pyhaselka, Orivesi, Puruvesi, Pihlajavesi, Haukivesi, Kallavesi, Suvasvesi, Juojarvi, Puula, Kyyvesi, Onkivesi, Pyhajarvi Sortavalas, Saimaa, Puruvesi, Pihlajavesi, Peilavesi, Nilakka, Pyhajarvi Iisalmis, Konnevesi, Kolima, Kivijarvi, Keitele, Paijanne, Vuohijarvi, Langelmavesi, Vanajavesi, Lappajarvi, Pyhajarvi Raumas, Lohjanjarvi-Vihti.<\/p>\n","protected":false},"featured_media":25532,"template":"","meta":[],"product_brand":[],"product_cat":[228,340,468],"product_tag":[],"class_list":{"0":"post-28046","1":"product","2":"type-product","3":"status-publish","4":"has-post-thumbnail","6":"product_cat-boat-accessories","7":"product_cat-marine-electronics","8":"product_cat-seamaps","9":"tm-has-options","11":"first","12":"instock","13":"taxable","14":"shipping-taxable","15":"purchasable","16":"product-type-simple"},"yoast_head":"<!-- This site is optimized with the Yoast SEO plugin v27.2 - https:\/\/yoast.com\/product\/yoast-seo-wordpress\/ -->\n<title>Map Navionics 44XG - Boat Service Estonia<\/title>\n<meta name=\"robots\" content=\"index, follow, max-snippet:-1, max-image-preview:large, max-video-preview:-1\" \/>\n<link rel=\"canonical\" href=\"https:\/\/boat-service.ee\/en\/shop\/marine-electronics\/seamaps\/kaart-navionics-44xg-2\/\" \/>\n<meta property=\"og:locale\" content=\"en_US\" \/>\n<meta property=\"og:type\" content=\"article\" \/>\n<meta property=\"og:title\" content=\"Map Navionics 44XG - Boat Service Estonia\" \/>\n<meta property=\"og:description\" content=\"NAVIONICS 44XG SD Electronic chart of Navionics. SD format. Balti meri, Botnia laht, Soome laht, Peipsi j\u00e4rv, Rootsi rannik ja j\u00e4rved, L\u00f5una-Norra kuni Flekkefjordini, Soome j\u00e4rved- Inarijarvi, Porttipahdan Tekojarvi, Lokan Tekojarvi, Miekojarvi, Emijarvi,Vahonselka, Mourujarvi, Yli Kitka, Kiantajarvi, Vuokkijarvi, Oulujarvi, Nuasjarvi, Ontojarvi, Lentua, Pielinen, Koitere, Hoytiainen, Viinijarvi, Pyhaselka, Orivesi, Puruvesi, Pihlajavesi, Haukivesi, Kallavesi, Suvasvesi, Juojarvi, Puula, Kyyvesi, Onkivesi, Pyhajarvi Sortavalas, Saimaa, Puruvesi, Pihlajavesi, Peilavesi, Nilakka, Pyhajarvi Iisalmis, Konnevesi, Kolima, Kivijarvi, Keitele, Paijanne, Vuohijarvi, Langelmavesi, Vanajavesi, Lappajarvi, Pyhajarvi Raumas, Lohjanjarvi-Vihti.\" \/>\n<meta property=\"og:url\" content=\"https:\/\/boat-service.ee\/en\/shop\/marine-electronics\/seamaps\/kaart-navionics-44xg-2\/\" \/>\n<meta property=\"og:site_name\" content=\"Boat Service Estonia\" \/>\n<meta property=\"article:publisher\" content=\"https:\/\/www.facebook.com\/boatserviceestonia\" \/>\n<meta property=\"article:modified_time\" content=\"2021-03-15T14:38:40+00:00\" \/>\n<meta property=\"og:image\" content=\"https:\/\/boat-service.ee\/wp-content\/uploads\/2020\/06\/kaart-navionics-44xg.jpg\" \/>\n\t<meta property=\"og:image:width\" content=\"800\" \/>\n\t<meta property=\"og:image:height\" content=\"600\" \/>\n\t<meta property=\"og:image:type\" content=\"image\/jpeg\" \/>\n<meta name=\"twitter:card\" content=\"summary_large_image\" \/>\n<script type=\"application\/ld+json\" class=\"yoast-schema-graph\">{\"@context\":\"https:\/\/schema.org\",\"@graph\":[{\"@type\":\"WebPage\",\"@id\":\"https:\/\/boat-service.ee\/en\/shop\/marine-electronics\/seamaps\/kaart-navionics-44xg-2\/\",\"url\":\"https:\/\/boat-service.ee\/en\/shop\/marine-electronics\/seamaps\/kaart-navionics-44xg-2\/\",\"name\":\"Map Navionics 44XG - Boat Service Estonia\",\"isPartOf\":{\"@id\":\"https:\/\/boat-service.ee\/en\/#website\"},\"primaryImageOfPage\":{\"@id\":\"https:\/\/boat-service.ee\/en\/shop\/marine-electronics\/seamaps\/kaart-navionics-44xg-2\/#primaryimage\"},\"image\":{\"@id\":\"https:\/\/boat-service.ee\/en\/shop\/marine-electronics\/seamaps\/kaart-navionics-44xg-2\/#primaryimage\"},\"thumbnailUrl\":\"https:\/\/boat-service.ee\/wp-content\/uploads\/2020\/06\/kaart-navionics-44xg.jpg\",\"datePublished\":\"2020-06-18T07:06:48+00:00\",\"dateModified\":\"2021-03-15T14:38:40+00:00\",\"breadcrumb\":{\"@id\":\"https:\/\/boat-service.ee\/en\/shop\/marine-electronics\/seamaps\/kaart-navionics-44xg-2\/#breadcrumb\"},\"inLanguage\":\"en-US\",\"potentialAction\":[{\"@type\":\"ReadAction\",\"target\":[\"https:\/\/boat-service.ee\/en\/shop\/marine-electronics\/seamaps\/kaart-navionics-44xg-2\/\"]}]},{\"@type\":\"ImageObject\",\"inLanguage\":\"en-US\",\"@id\":\"https:\/\/boat-service.ee\/en\/shop\/marine-electronics\/seamaps\/kaart-navionics-44xg-2\/#primaryimage\",\"url\":\"https:\/\/boat-service.ee\/wp-content\/uploads\/2020\/06\/kaart-navionics-44xg.jpg\",\"contentUrl\":\"https:\/\/boat-service.ee\/wp-content\/uploads\/2020\/06\/kaart-navionics-44xg.jpg\",\"width\":800,\"height\":600},{\"@type\":\"BreadcrumbList\",\"@id\":\"https:\/\/boat-service.ee\/en\/shop\/marine-electronics\/seamaps\/kaart-navionics-44xg-2\/#breadcrumb\",\"itemListElement\":[{\"@type\":\"ListItem\",\"position\":1,\"name\":\"Home\",\"item\":\"https:\/\/boat-service.ee\/en\/\"},{\"@type\":\"ListItem\",\"position\":2,\"name\":\"Shop\",\"item\":\"https:\/\/boat-service.ee\/en\/shop\/\"},{\"@type\":\"ListItem\",\"position\":3,\"name\":\"Map Navionics 44XG\"}]},{\"@type\":\"WebSite\",\"@id\":\"https:\/\/boat-service.ee\/en\/#website\",\"url\":\"https:\/\/boat-service.ee\/en\/\",\"name\":\"Boat Service Estonia\",\"description\":\"Boat Service Estonia - Mootorpaadid, treilerid, mootorid\",\"publisher\":{\"@id\":\"https:\/\/boat-service.ee\/en\/#organization\"},\"potentialAction\":[{\"@type\":\"SearchAction\",\"target\":{\"@type\":\"EntryPoint\",\"urlTemplate\":\"https:\/\/boat-service.ee\/en\/?s={search_term_string}\"},\"query-input\":{\"@type\":\"PropertyValueSpecification\",\"valueRequired\":true,\"valueName\":\"search_term_string\"}}],\"inLanguage\":\"en-US\"},{\"@type\":\"Organization\",\"@id\":\"https:\/\/boat-service.ee\/en\/#organization\",\"name\":\"KALASTUSPOOD O\u00dc\",\"url\":\"https:\/\/boat-service.ee\/en\/\",\"logo\":{\"@type\":\"ImageObject\",\"inLanguage\":\"en-US\",\"@id\":\"https:\/\/boat-service.ee\/en\/#\/schema\/logo\/image\/\",\"url\":\"https:\/\/boat-service.ee\/wp-content\/uploads\/2023\/05\/impLogo.png\",\"contentUrl\":\"https:\/\/boat-service.ee\/wp-content\/uploads\/2023\/05\/impLogo.png\",\"width\":270,\"height\":107,\"caption\":\"KALASTUSPOOD O\u00dc\"},\"image\":{\"@id\":\"https:\/\/boat-service.ee\/en\/#\/schema\/logo\/image\/\"},\"sameAs\":[\"https:\/\/www.facebook.com\/boatserviceestonia\",\"https:\/\/www.instagram.com\/kalastus_ja_paadipood\/\"]}]}<\/script>\n<!-- \/ Yoast SEO plugin. -->","yoast_head_json":{"title":"Map Navionics 44XG - Boat Service Estonia","robots":{"index":"index","follow":"follow","max-snippet":"max-snippet:-1","max-image-preview":"max-image-preview:large","max-video-preview":"max-video-preview:-1"},"canonical":"https:\/\/boat-service.ee\/en\/shop\/marine-electronics\/seamaps\/kaart-navionics-44xg-2\/","og_locale":"en_US","og_type":"article","og_title":"Map Navionics 44XG - Boat Service Estonia","og_description":"NAVIONICS 44XG SD Electronic chart of Navionics. SD format. Balti meri, Botnia laht, Soome laht, Peipsi j\u00e4rv, Rootsi rannik ja j\u00e4rved, L\u00f5una-Norra kuni Flekkefjordini, Soome j\u00e4rved- Inarijarvi, Porttipahdan Tekojarvi, Lokan Tekojarvi, Miekojarvi, Emijarvi,Vahonselka, Mourujarvi, Yli Kitka, Kiantajarvi, Vuokkijarvi, Oulujarvi, Nuasjarvi, Ontojarvi, Lentua, Pielinen, Koitere, Hoytiainen, Viinijarvi, Pyhaselka, Orivesi, Puruvesi, Pihlajavesi, Haukivesi, Kallavesi, Suvasvesi, Juojarvi, Puula, Kyyvesi, Onkivesi, Pyhajarvi Sortavalas, Saimaa, Puruvesi, Pihlajavesi, Peilavesi, Nilakka, Pyhajarvi Iisalmis, Konnevesi, Kolima, Kivijarvi, Keitele, Paijanne, Vuohijarvi, Langelmavesi, Vanajavesi, Lappajarvi, Pyhajarvi Raumas, Lohjanjarvi-Vihti.","og_url":"https:\/\/boat-service.ee\/en\/shop\/marine-electronics\/seamaps\/kaart-navionics-44xg-2\/","og_site_name":"Boat Service Estonia","article_publisher":"https:\/\/www.facebook.com\/boatserviceestonia","article_modified_time":"2021-03-15T14:38:40+00:00","og_image":[{"width":800,"height":600,"url":"https:\/\/boat-service.ee\/wp-content\/uploads\/2020\/06\/kaart-navionics-44xg.jpg","type":"image\/jpeg"}],"twitter_card":"summary_large_image","schema":{"@context":"https:\/\/schema.org","@graph":[{"@type":"WebPage","@id":"https:\/\/boat-service.ee\/en\/shop\/marine-electronics\/seamaps\/kaart-navionics-44xg-2\/","url":"https:\/\/boat-service.ee\/en\/shop\/marine-electronics\/seamaps\/kaart-navionics-44xg-2\/","name":"Map Navionics 44XG - Boat Service Estonia","isPartOf":{"@id":"https:\/\/boat-service.ee\/en\/#website"},"primaryImageOfPage":{"@id":"https:\/\/boat-service.ee\/en\/shop\/marine-electronics\/seamaps\/kaart-navionics-44xg-2\/#primaryimage"},"image":{"@id":"https:\/\/boat-service.ee\/en\/shop\/marine-electronics\/seamaps\/kaart-navionics-44xg-2\/#primaryimage"},"thumbnailUrl":"https:\/\/boat-service.ee\/wp-content\/uploads\/2020\/06\/kaart-navionics-44xg.jpg","datePublished":"2020-06-18T07:06:48+00:00","dateModified":"2021-03-15T14:38:40+00:00","breadcrumb":{"@id":"https:\/\/boat-service.ee\/en\/shop\/marine-electronics\/seamaps\/kaart-navionics-44xg-2\/#breadcrumb"},"inLanguage":"en-US","potentialAction":[{"@type":"ReadAction","target":["https:\/\/boat-service.ee\/en\/shop\/marine-electronics\/seamaps\/kaart-navionics-44xg-2\/"]}]},{"@type":"ImageObject","inLanguage":"en-US","@id":"https:\/\/boat-service.ee\/en\/shop\/marine-electronics\/seamaps\/kaart-navionics-44xg-2\/#primaryimage","url":"https:\/\/boat-service.ee\/wp-content\/uploads\/2020\/06\/kaart-navionics-44xg.jpg","contentUrl":"https:\/\/boat-service.ee\/wp-content\/uploads\/2020\/06\/kaart-navionics-44xg.jpg","width":800,"height":600},{"@type":"BreadcrumbList","@id":"https:\/\/boat-service.ee\/en\/shop\/marine-electronics\/seamaps\/kaart-navionics-44xg-2\/#breadcrumb","itemListElement":[{"@type":"ListItem","position":1,"name":"Home","item":"https:\/\/boat-service.ee\/en\/"},{"@type":"ListItem","position":2,"name":"Shop","item":"https:\/\/boat-service.ee\/en\/shop\/"},{"@type":"ListItem","position":3,"name":"Map Navionics 44XG"}]},{"@type":"WebSite","@id":"https:\/\/boat-service.ee\/en\/#website","url":"https:\/\/boat-service.ee\/en\/","name":"Boat Service Estonia","description":"Boat Service Estonia - Mootorpaadid, treilerid, mootorid","publisher":{"@id":"https:\/\/boat-service.ee\/en\/#organization"},"potentialAction":[{"@type":"SearchAction","target":{"@type":"EntryPoint","urlTemplate":"https:\/\/boat-service.ee\/en\/?s={search_term_string}"},"query-input":{"@type":"PropertyValueSpecification","valueRequired":true,"valueName":"search_term_string"}}],"inLanguage":"en-US"},{"@type":"Organization","@id":"https:\/\/boat-service.ee\/en\/#organization","name":"KALASTUSPOOD O\u00dc","url":"https:\/\/boat-service.ee\/en\/","logo":{"@type":"ImageObject","inLanguage":"en-US","@id":"https:\/\/boat-service.ee\/en\/#\/schema\/logo\/image\/","url":"https:\/\/boat-service.ee\/wp-content\/uploads\/2023\/05\/impLogo.png","contentUrl":"https:\/\/boat-service.ee\/wp-content\/uploads\/2023\/05\/impLogo.png","width":270,"height":107,"caption":"KALASTUSPOOD O\u00dc"},"image":{"@id":"https:\/\/boat-service.ee\/en\/#\/schema\/logo\/image\/"},"sameAs":["https:\/\/www.facebook.com\/boatserviceestonia","https:\/\/www.instagram.com\/kalastus_ja_paadipood\/"]}]}},"_links":{"self":[{"href":"https:\/\/boat-service.ee\/en\/wp-json\/wp\/v2\/product\/28046","targetHints":{"allow":["GET"]}}],"collection":[{"href":"https:\/\/boat-service.ee\/en\/wp-json\/wp\/v2\/product"}],"about":[{"href":"https:\/\/boat-service.ee\/en\/wp-json\/wp\/v2\/types\/product"}],"wp:featuredmedia":[{"embeddable":true,"href":"https:\/\/boat-service.ee\/en\/wp-json\/wp\/v2\/media\/25532"}],"wp:attachment":[{"href":"https:\/\/boat-service.ee\/en\/wp-json\/wp\/v2\/media?parent=28046"}],"wp:term":[{"taxonomy":"product_brand","embeddable":true,"href":"https:\/\/boat-service.ee\/en\/wp-json\/wp\/v2\/product_brand?post=28046"},{"taxonomy":"product_cat","embeddable":true,"href":"https:\/\/boat-service.ee\/en\/wp-json\/wp\/v2\/product_cat?post=28046"},{"taxonomy":"product_tag","embeddable":true,"href":"https:\/\/boat-service.ee\/en\/wp-json\/wp\/v2\/product_tag?post=28046"}],"curies":[{"name":"wp","href":"https:\/\/api.w.org\/{rel}","templated":true}]}}