{"id":26716,"date":"2020-06-10T09:17:16","date_gmt":"2020-06-10T09:17:16","guid":{"rendered":"https:\/\/boat-service.ee\/winter-storage-of-boats\/"},"modified":"2025-10-02T14:48:03","modified_gmt":"2025-10-02T12:48:03","slug":"winter-storage-of-boats","status":"publish","type":"page","link":"https:\/\/boat-service.ee\/en\/winter-storage-of-boats\/","title":{"rendered":"WINTER STORAGE OF BOATS"},"content":{"rendered":"\t<section class=\"section\" id=\"section_1197343732\">\n\t\t<div class=\"bg section-bg fill bg-fill  bg-loaded\" >\n\n\t\t\t\n\t\t\t\n\t\t\t\n\n\t\t<\/div>\n\n\t\t\n\n\t\t<div class=\"section-content relative\">\n\t\t\t\n<div class=\"row\"  id=\"row-894819642\">\n\n\t<div id=\"col-346187158\" class=\"col small-12 large-12\"  >\n\t\t\t\t<div class=\"col-inner\"  >\n\t\t\t\n\t\t\t\n<h2>WINTER STORAGE OF HOBBY EQUIPMENT<\/h2>\n<p><strong>Kalastuspood O\u00dc offers winter storage for boats as well as all kinds of hobby equipment (camping cars, caravans, scooters, motorcycles, snowmobiles, hobby cars, etc.) in a warm and cold hall. Both storage halls are equipped with cameras, a security company contract and an alarm system. The temperature in the warm boat hall remains 10-15<\/strong><strong>\u00b0 and E-R mechanics work there. <\/strong> <strong>We offer a full service for boats, which includes: boat transport to the boat hall, conservation, lifting of the boat to the stands, engine maintenance, polishing, interior cleaning, as well as all other additional work that the boat owner wants to do for the next season. PRICE LIST<\/strong><\/p>\n<ul>\n<li><strong>Storage in a warm boat hall 9 \u20ac \/ m2<\/strong><\/li>\n<li><strong>Storage in a fenced area 4\u20ac\/m2 per month (Minimum storage period is 6 months or season)<\/strong><\/li>\n<li><strong>Boat transport to the boat hall 50-150 \u20ac<\/strong><\/li>\n<li><strong>Engine cleaning, system conservation 50-100 \u20ac<\/strong><\/li>\n<li><strong>Lifting the boat to the stands 150 \u20ac<\/strong><\/li>\n<li><strong>Lifting the boat off the stands 150 \u20ac<\/strong><\/li>\n<li><strong>Boat polishing starting from 400 \u20ac(depends on the workload)<\/strong><\/li>\n<li><strong>Boat interior cleaning 100-300 \u20ac<\/strong><\/li>\n<li><strong>Outboard engine maintenance 55 \u20ac \/ hour<\/strong><\/li>\n<li><strong>Inboard engine maintenance 65 \u20ac \/ hour<\/strong><\/li>\n<li><strong>Larger winter projects 55 \u20ac \/ hour<\/strong><\/li>\n<\/ul>\n<p><strong>VAT will be added<\/strong> <strong>NB!\u00a0<\/strong><\/p>\n\t\t<\/div>\n\t\t\t\t\t<\/div>\n\n\t\n\n\t<div id=\"col-806517654\" class=\"col medium-7 small-12 large-7\"  >\n\t\t\t\t<div class=\"col-inner\"  >\n\t\t\t\n\t<div class=\"is-border\"\n\t\tstyle=\"border-color:rgb(0, 90, 135);border-width:5px 5px 5px 5px;margin:0px 0px 0px 0px;\">\n\t<\/div>\n\t\t\t\n<h2 style=\"text-align: center;\"><strong>T\u00c4IDA AVALDUS, ET SAADA PERSONAALNE PAKKUMINE!<\/strong><\/h2>\n\n<div class=\"wpcf7 no-js\" id=\"wpcf7-f73313-o1\" lang=\"et\" dir=\"ltr\" data-wpcf7-id=\"73313\">\n<div class=\"screen-reader-response\"><p role=\"status\" aria-live=\"polite\" aria-atomic=\"true\"><\/p> <ul><\/ul><\/div>\n<form action=\"\/en\/wp-json\/wp\/v2\/pages\/26716#wpcf7-f73313-o1\" method=\"post\" class=\"wpcf7-form init\" aria-label=\"Contact form\" novalidate=\"novalidate\" data-status=\"init\">\n<fieldset class=\"hidden-fields-container\"><input type=\"hidden\" name=\"_wpcf7\" value=\"73313\" \/><input type=\"hidden\" name=\"_wpcf7_version\" value=\"6.1.5\" \/><input type=\"hidden\" name=\"_wpcf7_locale\" value=\"et\" \/><input type=\"hidden\" name=\"_wpcf7_unit_tag\" value=\"wpcf7-f73313-o1\" \/><input type=\"hidden\" name=\"_wpcf7_container_post\" value=\"0\" \/><input type=\"hidden\" name=\"_wpcf7_posted_data_hash\" value=\"\" \/><input type=\"hidden\" name=\"_wpcf7_recaptcha_response\" value=\"\" \/>\n<\/fieldset>\n<p><label> Nimi*<br \/>\n<span class=\"wpcf7-form-control-wrap\" data-name=\"your-name\"><input size=\"40\" maxlength=\"400\" class=\"wpcf7-form-control wpcf7-text wpcf7-validates-as-required\" autocomplete=\"name\" aria-required=\"true\" aria-invalid=\"false\" value=\"\" type=\"text\" name=\"your-name\" \/><\/span> <\/label>\n<\/p>\n<p><label> E-mail*<br \/>\n<span class=\"wpcf7-form-control-wrap\" data-name=\"your-email\"><input size=\"40\" maxlength=\"400\" class=\"wpcf7-form-control wpcf7-email wpcf7-validates-as-required wpcf7-text wpcf7-validates-as-email\" autocomplete=\"email\" aria-required=\"true\" aria-invalid=\"false\" value=\"\" type=\"email\" name=\"your-email\" \/><\/span> <\/label>\n<\/p>\n<p><label> Telefon*<br \/>\n<span class=\"wpcf7-form-control-wrap\" data-name=\"telnr\"><input size=\"40\" maxlength=\"400\" class=\"wpcf7-form-control wpcf7-text wpcf7-validates-as-required\" aria-required=\"true\" aria-invalid=\"false\" value=\"\" type=\"text\" name=\"telnr\" \/><\/span> <\/label>\n<\/p>\n<p><label>Paadi mark\/mudel<span class=\"wpcf7-form-control-wrap\" data-name=\"paadiMark\"><input size=\"40\" maxlength=\"400\" class=\"wpcf7-form-control wpcf7-text wpcf7-validates-as-required\" aria-required=\"true\" aria-invalid=\"false\" value=\"\" type=\"text\" name=\"paadiMark\" \/><\/span><\/label><br \/>\n<label>Tegelik* pikkus (m)<span class=\"wpcf7-form-control-wrap\" data-name=\"paadiPikkus\"><input size=\"40\" maxlength=\"400\" class=\"wpcf7-form-control wpcf7-text wpcf7-validates-as-required\" aria-required=\"true\" aria-invalid=\"false\" value=\"\" type=\"text\" name=\"paadiPikkus\" \/><\/span><\/label><br \/>\n<label>Tegelik* laius (m)<span class=\"wpcf7-form-control-wrap\" data-name=\"paadiLaius\"><input size=\"40\" maxlength=\"400\" class=\"wpcf7-form-control wpcf7-text wpcf7-validates-as-required\" aria-required=\"true\" aria-invalid=\"false\" value=\"\" type=\"text\" name=\"paadiLaius\" \/><\/span><\/label>\n<\/p>\n<p>*NB! Paadi tegelik pikkus ja laius on vaja m\u00f5\u00f5ta koos mootori ja treileriga.\n<\/p>\n<p><label>Kaal (kg)<span class=\"wpcf7-form-control-wrap\" data-name=\"paadiKaal\"><input size=\"40\" maxlength=\"400\" class=\"wpcf7-form-control wpcf7-text wpcf7-validates-as-required\" aria-required=\"true\" aria-invalid=\"false\" value=\"\" type=\"text\" name=\"paadiKaal\" \/><\/span><\/label>\n<\/p>\n<h4>Paati soovin hoiustada...\n<\/h4>\n<p><span class=\"wpcf7-form-control-wrap\" data-name=\"HoiustusViis\"><span class=\"wpcf7-form-control wpcf7-checkbox wpcf7-validates-as-required wpcf7-exclusive-checkbox\"><span class=\"wpcf7-list-item first\"><label><input type=\"checkbox\" name=\"HoiustusViis\" value=\"Oma treileril\" \/><span class=\"wpcf7-list-item-label\">Oma treileril<\/span><\/label><\/span><span class=\"wpcf7-list-item last\"><label><input type=\"checkbox\" name=\"HoiustusViis\" value=\"Riiulisse\" \/><span class=\"wpcf7-list-item-label\">Riiulisse<\/span><\/label><\/span><\/span><\/span>\n<\/p>\n<p><span class=\"wpcf7-form-control-wrap\" data-name=\"isikuandmetevrk\"><span class=\"wpcf7-form-control wpcf7-acceptance\"><span class=\"wpcf7-list-item\"><label><input type=\"checkbox\" name=\"isikuandmetevrk\" value=\"1\" aria-invalid=\"false\" \/><span class=\"wpcf7-list-item-label\">N\u00f5ustun isikuandmete t\u00f6\u00f6tlemisega<\/span><\/label><\/span><\/span><\/span><br \/>\n<input class=\"wpcf7-form-control wpcf7-submit has-spinner\" type=\"submit\" value=\"SAADA\" \/>\n<\/p><p style=\"display: none !important;\" class=\"akismet-fields-container\" data-prefix=\"_wpcf7_ak_\"><label>&#916;<textarea name=\"_wpcf7_ak_hp_textarea\" cols=\"45\" rows=\"8\" maxlength=\"100\"><\/textarea><\/label><input type=\"hidden\" id=\"ak_js_1\" name=\"_wpcf7_ak_js\" value=\"206\"\/><script>document.getElementById( \"ak_js_1\" ).setAttribute( \"value\", ( new Date() ).getTime() );<\/script><\/p><div class=\"wpcf7-response-output\" aria-hidden=\"true\"><\/div>\n<\/form>\n<\/div>\n\n\t\t<\/div>\n\t\t\t\t\n<style>\n#col-806517654 > .col-inner {\n  padding: 9px 9px 9px 9px;\n}\n<\/style>\n\t<\/div>\n\n\t\n<\/div>\n\t\t<\/div>\n\n\t\t\n<style>\n#section_1197343732 {\n  padding-top: 40px;\n  padding-bottom: 40px;\n}\n<\/style>\n\t<\/section>\n\t\n","protected":false},"excerpt":{"rendered":"","protected":false},"author":1,"featured_media":0,"parent":0,"menu_order":0,"comment_status":"closed","ping_status":"closed","template":"","meta":{"footnotes":""},"class_list":["post-26716","page","type-page","status-publish","hentry"],"yoast_head":"<!-- This site is optimized with the Yoast SEO plugin v27.2 - https:\/\/yoast.com\/product\/yoast-seo-wordpress\/ -->\n<title>WINTER STORAGE OF BOATS - Boat Service Estonia<\/title>\n<meta name=\"description\" content=\"Kalastuspood O\u00dc offers winter storage for boats as well as all kinds of hobby equipment\" \/>\n<meta name=\"robots\" content=\"index, follow, max-snippet:-1, max-image-preview:large, max-video-preview:-1\" \/>\n<link rel=\"canonical\" href=\"https:\/\/boat-service.ee\/en\/winter-storage-of-boats\/\" \/>\n<meta property=\"og:locale\" content=\"en_US\" \/>\n<meta property=\"og:type\" content=\"article\" \/>\n<meta property=\"og:title\" content=\"WINTER STORAGE OF BOATS - Boat Service Estonia\" \/>\n<meta property=\"og:description\" content=\"Kalastuspood O\u00dc offers winter storage for boats as well as all kinds of hobby equipment\" \/>\n<meta property=\"og:url\" content=\"https:\/\/boat-service.ee\/en\/winter-storage-of-boats\/\" \/>\n<meta property=\"og:site_name\" content=\"Boat Service Estonia\" \/>\n<meta property=\"article:publisher\" content=\"https:\/\/www.facebook.com\/boatserviceestonia\" \/>\n<meta property=\"article:modified_time\" content=\"2025-10-02T12:48:03+00:00\" \/>\n<meta name=\"twitter:card\" content=\"summary_large_image\" \/>\n<meta name=\"twitter:label1\" content=\"Est. reading time\" \/>\n\t<meta name=\"twitter:data1\" content=\"2 minutes\" \/>\n<script type=\"application\/ld+json\" class=\"yoast-schema-graph\">{\"@context\":\"https:\/\/schema.org\",\"@graph\":[{\"@type\":\"WebPage\",\"@id\":\"https:\/\/boat-service.ee\/en\/winter-storage-of-boats\/\",\"url\":\"https:\/\/boat-service.ee\/en\/winter-storage-of-boats\/\",\"name\":\"WINTER STORAGE OF BOATS - Boat Service Estonia\",\"isPartOf\":{\"@id\":\"https:\/\/boat-service.ee\/en\/#website\"},\"datePublished\":\"2020-06-10T09:17:16+00:00\",\"dateModified\":\"2025-10-02T12:48:03+00:00\",\"description\":\"Kalastuspood O\u00dc offers winter storage for boats as well as all kinds of hobby equipment\",\"breadcrumb\":{\"@id\":\"https:\/\/boat-service.ee\/en\/winter-storage-of-boats\/#breadcrumb\"},\"inLanguage\":\"en-US\",\"potentialAction\":[{\"@type\":\"ReadAction\",\"target\":[\"https:\/\/boat-service.ee\/en\/winter-storage-of-boats\/\"]}]},{\"@type\":\"BreadcrumbList\",\"@id\":\"https:\/\/boat-service.ee\/en\/winter-storage-of-boats\/#breadcrumb\",\"itemListElement\":[{\"@type\":\"ListItem\",\"position\":1,\"name\":\"Home\",\"item\":\"https:\/\/boat-service.ee\/en\/\"},{\"@type\":\"ListItem\",\"position\":2,\"name\":\"WINTER STORAGE OF BOATS\"}]},{\"@type\":\"WebSite\",\"@id\":\"https:\/\/boat-service.ee\/en\/#website\",\"url\":\"https:\/\/boat-service.ee\/en\/\",\"name\":\"Boat Service Estonia\",\"description\":\"Boat Service Estonia - Mootorpaadid, treilerid, mootorid\",\"publisher\":{\"@id\":\"https:\/\/boat-service.ee\/en\/#organization\"},\"potentialAction\":[{\"@type\":\"SearchAction\",\"target\":{\"@type\":\"EntryPoint\",\"urlTemplate\":\"https:\/\/boat-service.ee\/en\/?s={search_term_string}\"},\"query-input\":{\"@type\":\"PropertyValueSpecification\",\"valueRequired\":true,\"valueName\":\"search_term_string\"}}],\"inLanguage\":\"en-US\"},{\"@type\":\"Organization\",\"@id\":\"https:\/\/boat-service.ee\/en\/#organization\",\"name\":\"KALASTUSPOOD O\u00dc\",\"url\":\"https:\/\/boat-service.ee\/en\/\",\"logo\":{\"@type\":\"ImageObject\",\"inLanguage\":\"en-US\",\"@id\":\"https:\/\/boat-service.ee\/en\/#\/schema\/logo\/image\/\",\"url\":\"https:\/\/boat-service.ee\/wp-content\/uploads\/2023\/05\/impLogo.png\",\"contentUrl\":\"https:\/\/boat-service.ee\/wp-content\/uploads\/2023\/05\/impLogo.png\",\"width\":270,\"height\":107,\"caption\":\"KALASTUSPOOD O\u00dc\"},\"image\":{\"@id\":\"https:\/\/boat-service.ee\/en\/#\/schema\/logo\/image\/\"},\"sameAs\":[\"https:\/\/www.facebook.com\/boatserviceestonia\",\"https:\/\/www.instagram.com\/kalastus_ja_paadipood\/\"]}]}<\/script>\n<!-- \/ Yoast SEO plugin. -->","yoast_head_json":{"title":"WINTER STORAGE OF BOATS - Boat Service Estonia","description":"Kalastuspood O\u00dc offers winter storage for boats as well as all kinds of hobby equipment","robots":{"index":"index","follow":"follow","max-snippet":"max-snippet:-1","max-image-preview":"max-image-preview:large","max-video-preview":"max-video-preview:-1"},"canonical":"https:\/\/boat-service.ee\/en\/winter-storage-of-boats\/","og_locale":"en_US","og_type":"article","og_title":"WINTER STORAGE OF BOATS - Boat Service Estonia","og_description":"Kalastuspood O\u00dc offers winter storage for boats as well as all kinds of hobby equipment","og_url":"https:\/\/boat-service.ee\/en\/winter-storage-of-boats\/","og_site_name":"Boat Service Estonia","article_publisher":"https:\/\/www.facebook.com\/boatserviceestonia","article_modified_time":"2025-10-02T12:48:03+00:00","twitter_card":"summary_large_image","twitter_misc":{"Est. reading time":"2 minutes"},"schema":{"@context":"https:\/\/schema.org","@graph":[{"@type":"WebPage","@id":"https:\/\/boat-service.ee\/en\/winter-storage-of-boats\/","url":"https:\/\/boat-service.ee\/en\/winter-storage-of-boats\/","name":"WINTER STORAGE OF BOATS - Boat Service Estonia","isPartOf":{"@id":"https:\/\/boat-service.ee\/en\/#website"},"datePublished":"2020-06-10T09:17:16+00:00","dateModified":"2025-10-02T12:48:03+00:00","description":"Kalastuspood O\u00dc offers winter storage for boats as well as all kinds of hobby equipment","breadcrumb":{"@id":"https:\/\/boat-service.ee\/en\/winter-storage-of-boats\/#breadcrumb"},"inLanguage":"en-US","potentialAction":[{"@type":"ReadAction","target":["https:\/\/boat-service.ee\/en\/winter-storage-of-boats\/"]}]},{"@type":"BreadcrumbList","@id":"https:\/\/boat-service.ee\/en\/winter-storage-of-boats\/#breadcrumb","itemListElement":[{"@type":"ListItem","position":1,"name":"Home","item":"https:\/\/boat-service.ee\/en\/"},{"@type":"ListItem","position":2,"name":"WINTER STORAGE OF BOATS"}]},{"@type":"WebSite","@id":"https:\/\/boat-service.ee\/en\/#website","url":"https:\/\/boat-service.ee\/en\/","name":"Boat Service Estonia","description":"Boat Service Estonia - Mootorpaadid, treilerid, mootorid","publisher":{"@id":"https:\/\/boat-service.ee\/en\/#organization"},"potentialAction":[{"@type":"SearchAction","target":{"@type":"EntryPoint","urlTemplate":"https:\/\/boat-service.ee\/en\/?s={search_term_string}"},"query-input":{"@type":"PropertyValueSpecification","valueRequired":true,"valueName":"search_term_string"}}],"inLanguage":"en-US"},{"@type":"Organization","@id":"https:\/\/boat-service.ee\/en\/#organization","name":"KALASTUSPOOD O\u00dc","url":"https:\/\/boat-service.ee\/en\/","logo":{"@type":"ImageObject","inLanguage":"en-US","@id":"https:\/\/boat-service.ee\/en\/#\/schema\/logo\/image\/","url":"https:\/\/boat-service.ee\/wp-content\/uploads\/2023\/05\/impLogo.png","contentUrl":"https:\/\/boat-service.ee\/wp-content\/uploads\/2023\/05\/impLogo.png","width":270,"height":107,"caption":"KALASTUSPOOD O\u00dc"},"image":{"@id":"https:\/\/boat-service.ee\/en\/#\/schema\/logo\/image\/"},"sameAs":["https:\/\/www.facebook.com\/boatserviceestonia","https:\/\/www.instagram.com\/kalastus_ja_paadipood\/"]}]}},"_links":{"self":[{"href":"https:\/\/boat-service.ee\/en\/wp-json\/wp\/v2\/pages\/26716","targetHints":{"allow":["GET"]}}],"collection":[{"href":"https:\/\/boat-service.ee\/en\/wp-json\/wp\/v2\/pages"}],"about":[{"href":"https:\/\/boat-service.ee\/en\/wp-json\/wp\/v2\/types\/page"}],"author":[{"embeddable":true,"href":"https:\/\/boat-service.ee\/en\/wp-json\/wp\/v2\/users\/1"}],"replies":[{"embeddable":true,"href":"https:\/\/boat-service.ee\/en\/wp-json\/wp\/v2\/comments?post=26716"}],"version-history":[{"count":23,"href":"https:\/\/boat-service.ee\/en\/wp-json\/wp\/v2\/pages\/26716\/revisions"}],"predecessor-version":[{"id":101713,"href":"https:\/\/boat-service.ee\/en\/wp-json\/wp\/v2\/pages\/26716\/revisions\/101713"}],"wp:attachment":[{"href":"https:\/\/boat-service.ee\/en\/wp-json\/wp\/v2\/media?parent=26716"}],"curies":[{"name":"wp","href":"https:\/\/api.w.org\/{rel}","templated":true}]}}